{"id":3097,"date":"2024-08-28T14:40:54","date_gmt":"2024-08-28T19:40:54","guid":{"rendered":"https:\/\/tiendasamor.com\/?post_type=product&#038;p=3097"},"modified":"2024-08-28T14:40:54","modified_gmt":"2024-08-28T19:40:54","slug":"satisfyer-curvy-2","status":"publish","type":"product","link":"https:\/\/tiendasamor.com\/index.php\/producto\/satisfyer-curvy-2\/","title":{"rendered":"Satisfyer Curvy 2+"},"content":{"rendered":"<p>Curvy 2+ est\u00e1 fabricado \u00edntegramente en silicona suave y segura para el cuerpo. Nuestra aplicaci\u00f3n gratuita y totalmente funcional controlada por Bluetooth de Satisfyer Connect viene de serie.<\/p>\n<p>Curvy 2+ estimula el cl\u00edtoris con ondas de presi\u00f3n y vibraci\u00f3n intensa. Su cabezal suavemente ovalado y curvado se apoya con precisi\u00f3n sobre el cl\u00edtoris. Gracias a su forma curva, Curvy 2+ se adapta perfectamente a la mano.<\/p>\n<h2>Qu\u00e9 tiene de bueno la aplicaci\u00f3n Satisfyer Connect?<\/h2>\n<p>Lo especial de esta peque\u00f1a joya no es solo su forma ergon\u00f3mica y su impresionante rendimiento, sino tambi\u00e9n su capacidad para insuflar nueva vida a tus relaciones sexuales mediante el control a trav\u00e9s de la aplicaci\u00f3n. La aplicaci\u00f3n Satisfyer Connect, disponible de forma gratuita para Android e iOS, te permite conectar el Satisfyer Curvy 2+ a trav\u00e9s de Internet o Bluetooth con tu smartphone, que podr\u00e1s utilizar como mando a distancia. Incluso tu Apple Watch o tu tableta pueden controlar tu estimulaci\u00f3n del cl\u00edtoris.<\/p>\n<p>Puedes convertir los sonidos ambientales en vibraciones excitantes que puedes experimentar directamente a trav\u00e9s de tu Satisfyer mediante la aplicaci\u00f3n. Incluso es posible convertir listas de reproducci\u00f3n completas de Spotify en ritmos para tu vibrador.<\/p>\n<p>Por supuesto, tambi\u00e9n puedes entregar el cetro a tu pareja u otros usuarios y dejar que te estimulen a trav\u00e9s de la aplicaci\u00f3n: en directo, a distancia o por videochat. Nunca ha habido tantas formas de experimentar orgasmos vibrantes. Por supuesto,<br \/>\nla aplicaci\u00f3n Satisfyer Connect cumple con el RGPD y las directivas de protecci\u00f3n de datos alemanas y europeas. Utilizamos un cifrado continuo, por lo que tus relaciones sexuales siguen siendo entre t\u00fa y tu pareja.<\/p>\n","protected":false},"excerpt":{"rendered":"<p>Curvy 2+ est\u00e1 fabricado \u00edntegramente en silicona suave y segura para el cuerpo. Nuestra aplicaci\u00f3n gratuita y totalmente funcional controlada por Bluetooth de Satisfyer Connect viene de serie. Curvy 2+ estimula el cl\u00edtoris con ondas de presi\u00f3n y vibraci\u00f3n intensa. Su cabezal suavemente ovalado y curvado se apoya con precisi\u00f3n sobre el cl\u00edtoris. Gracias a [&hellip;]<\/p>\n","protected":false},"featured_media":3098,"comment_status":"open","ping_status":"closed","template":"","meta":[],"product_brand":[],"product_cat":[44,43,27],"product_tag":[],"class_list":{"0":"post-3097","1":"product","2":"type-product","3":"status-publish","4":"has-post-thumbnail","6":"product_cat-clitorales","7":"product_cat-rabbit","8":"product_cat-vibradores","10":"first","11":"instock","12":"shipping-taxable","13":"purchasable","14":"product-type-simple"},"_links":{"self":[{"href":"https:\/\/tiendasamor.com\/index.php\/wp-json\/wp\/v2\/product\/3097","targetHints":{"allow":["GET"]}}],"collection":[{"href":"https:\/\/tiendasamor.com\/index.php\/wp-json\/wp\/v2\/product"}],"about":[{"href":"https:\/\/tiendasamor.com\/index.php\/wp-json\/wp\/v2\/types\/product"}],"replies":[{"embeddable":true,"href":"https:\/\/tiendasamor.com\/index.php\/wp-json\/wp\/v2\/comments?post=3097"}],"wp:featuredmedia":[{"embeddable":true,"href":"https:\/\/tiendasamor.com\/index.php\/wp-json\/wp\/v2\/media\/3098"}],"wp:attachment":[{"href":"https:\/\/tiendasamor.com\/index.php\/wp-json\/wp\/v2\/media?parent=3097"}],"wp:term":[{"taxonomy":"product_brand","embeddable":true,"href":"https:\/\/tiendasamor.com\/index.php\/wp-json\/wp\/v2\/product_brand?post=3097"},{"taxonomy":"product_cat","embeddable":true,"href":"https:\/\/tiendasamor.com\/index.php\/wp-json\/wp\/v2\/product_cat?post=3097"},{"taxonomy":"product_tag","embeddable":true,"href":"https:\/\/tiendasamor.com\/index.php\/wp-json\/wp\/v2\/product_tag?post=3097"}],"curies":[{"name":"wp","href":"https:\/\/api.w.org\/{rel}","templated":true}]}}