{"id":3089,"date":"2024-08-28T14:36:09","date_gmt":"2024-08-28T19:36:09","guid":{"rendered":"https:\/\/tiendasamor.com\/?post_type=product&#038;p=3089"},"modified":"2024-08-28T14:36:09","modified_gmt":"2024-08-28T19:36:09","slug":"pretty-love-mabel","status":"publish","type":"product","link":"https:\/\/tiendasamor.com\/index.php\/producto\/pretty-love-mabel\/","title":{"rendered":"Pretty Love Mabel"},"content":{"rendered":"<p>Pretty Love Mabel, vibrador ergon\u00f3mico para sexo oral.<\/p>\n<p>Caracter\u00edsticas:<\/p>\n<p>Pretty Love Mabel, vibrador con 3 velocidades.<br \/>\nUnisex.<br \/>\nMuy flexible.<br \/>\nEspecialmente dise\u00f1ado para poner en la boca y practicar un sexo oral \u00fanico.<br \/>\nErgon\u00f3mico y c\u00f3modo de usar.<br \/>\n100% silicona<br \/>\nRecargable con cable USB incluido.<br \/>\nWaterproof.<br \/>\nColor morado.<br \/>\nmotor muy potente y silencioso.<br \/>\nMedidas 5,5 x 1,8 cm<br \/>\nPresentado en caja de cart\u00f3n blanca deluxe, medidas 13 x 10 x 5 cm<\/p>\n","protected":false},"excerpt":{"rendered":"<p>Pretty Love Mabel, vibrador ergon\u00f3mico para sexo oral. Caracter\u00edsticas: Pretty Love Mabel, vibrador con 3 velocidades. Unisex. Muy flexible. Especialmente dise\u00f1ado para poner en la boca y practicar un sexo oral \u00fanico. Ergon\u00f3mico y c\u00f3modo de usar. 100% silicona Recargable con cable USB incluido. Waterproof. Color morado. motor muy potente y silencioso. Medidas 5,5 x [&hellip;]<\/p>\n","protected":false},"featured_media":3090,"comment_status":"open","ping_status":"closed","template":"","meta":[],"product_brand":[],"product_cat":[44,18,43,27],"product_tag":[],"class_list":{"0":"post-3089","1":"product","2":"type-product","3":"status-publish","4":"has-post-thumbnail","6":"product_cat-clitorales","7":"product_cat-juguetes","8":"product_cat-rabbit","9":"product_cat-vibradores","11":"first","12":"instock","13":"shipping-taxable","14":"purchasable","15":"product-type-simple"},"_links":{"self":[{"href":"https:\/\/tiendasamor.com\/index.php\/wp-json\/wp\/v2\/product\/3089","targetHints":{"allow":["GET"]}}],"collection":[{"href":"https:\/\/tiendasamor.com\/index.php\/wp-json\/wp\/v2\/product"}],"about":[{"href":"https:\/\/tiendasamor.com\/index.php\/wp-json\/wp\/v2\/types\/product"}],"replies":[{"embeddable":true,"href":"https:\/\/tiendasamor.com\/index.php\/wp-json\/wp\/v2\/comments?post=3089"}],"wp:featuredmedia":[{"embeddable":true,"href":"https:\/\/tiendasamor.com\/index.php\/wp-json\/wp\/v2\/media\/3090"}],"wp:attachment":[{"href":"https:\/\/tiendasamor.com\/index.php\/wp-json\/wp\/v2\/media?parent=3089"}],"wp:term":[{"taxonomy":"product_brand","embeddable":true,"href":"https:\/\/tiendasamor.com\/index.php\/wp-json\/wp\/v2\/product_brand?post=3089"},{"taxonomy":"product_cat","embeddable":true,"href":"https:\/\/tiendasamor.com\/index.php\/wp-json\/wp\/v2\/product_cat?post=3089"},{"taxonomy":"product_tag","embeddable":true,"href":"https:\/\/tiendasamor.com\/index.php\/wp-json\/wp\/v2\/product_tag?post=3089"}],"curies":[{"name":"wp","href":"https:\/\/api.w.org\/{rel}","templated":true}]}}