{"id":3073,"date":"2024-08-28T14:18:52","date_gmt":"2024-08-28T19:18:52","guid":{"rendered":"https:\/\/tiendasamor.com\/?post_type=product&#038;p=3073"},"modified":"2024-08-28T14:18:52","modified_gmt":"2024-08-28T19:18:52","slug":"anillo-vibrating-susanna-pretty-love","status":"publish","type":"product","link":"https:\/\/tiendasamor.com\/index.php\/producto\/anillo-vibrating-susanna-pretty-love\/","title":{"rendered":"Anillo Vibrating Susanna Pretty Love"},"content":{"rendered":"<p>ANILLO VIBRADOR SUSANNA, USB RECARGABLE DE LA MARCA PRETTY LOVE. Es el juguete ideal para a\u00f1adir algo extra a tu juego. Con sensor sensible a la piel, este incre\u00edble anillo para el pene es un compa\u00f1ero incre\u00edble y una necesidad.<\/p>\n<p>Est\u00e1 hecho de silicona y se puede estirar para adaptarse exactamente a todos los tama\u00f1os de pene. Las vibraciones de este anillo para el pene te env\u00edan a ti y a tu pareja al orgasmo mientras te dan una erecci\u00f3n duradera y retrasan la eyaculaci\u00f3n. Este anillo para el pene se puede utilizar para jugar en solitario y se puede controlar f\u00e1cilmente.<\/p>\n<p>CARACTERISTICAS:<\/p>\n<p>-USB recargable.<\/p>\n<p>-silicona medica<\/p>\n<p>-7 modos de vibraci\u00f3n<\/p>\n","protected":false},"excerpt":{"rendered":"<p>ANILLO VIBRADOR SUSANNA, USB RECARGABLE DE LA MARCA PRETTY LOVE. Es el juguete ideal para a\u00f1adir algo extra a tu juego. Con sensor sensible a la piel, este incre\u00edble anillo para el pene es un compa\u00f1ero incre\u00edble y una necesidad. Est\u00e1 hecho de silicona y se puede estirar para adaptarse exactamente a todos los tama\u00f1os [&hellip;]<\/p>\n","protected":false},"featured_media":3074,"comment_status":"open","ping_status":"closed","template":"","meta":[],"product_brand":[],"product_cat":[36],"product_tag":[],"class_list":{"0":"post-3073","1":"product","2":"type-product","3":"status-publish","4":"has-post-thumbnail","6":"product_cat-anillos","8":"first","9":"instock","10":"shipping-taxable","11":"purchasable","12":"product-type-simple"},"_links":{"self":[{"href":"https:\/\/tiendasamor.com\/index.php\/wp-json\/wp\/v2\/product\/3073","targetHints":{"allow":["GET"]}}],"collection":[{"href":"https:\/\/tiendasamor.com\/index.php\/wp-json\/wp\/v2\/product"}],"about":[{"href":"https:\/\/tiendasamor.com\/index.php\/wp-json\/wp\/v2\/types\/product"}],"replies":[{"embeddable":true,"href":"https:\/\/tiendasamor.com\/index.php\/wp-json\/wp\/v2\/comments?post=3073"}],"wp:featuredmedia":[{"embeddable":true,"href":"https:\/\/tiendasamor.com\/index.php\/wp-json\/wp\/v2\/media\/3074"}],"wp:attachment":[{"href":"https:\/\/tiendasamor.com\/index.php\/wp-json\/wp\/v2\/media?parent=3073"}],"wp:term":[{"taxonomy":"product_brand","embeddable":true,"href":"https:\/\/tiendasamor.com\/index.php\/wp-json\/wp\/v2\/product_brand?post=3073"},{"taxonomy":"product_cat","embeddable":true,"href":"https:\/\/tiendasamor.com\/index.php\/wp-json\/wp\/v2\/product_cat?post=3073"},{"taxonomy":"product_tag","embeddable":true,"href":"https:\/\/tiendasamor.com\/index.php\/wp-json\/wp\/v2\/product_tag?post=3073"}],"curies":[{"name":"wp","href":"https:\/\/api.w.org\/{rel}","templated":true}]}}