{"id":3066,"date":"2024-08-28T14:13:32","date_gmt":"2024-08-28T19:13:32","guid":{"rendered":"https:\/\/tiendasamor.com\/?post_type=product&#038;p=3066"},"modified":"2024-08-28T14:13:32","modified_gmt":"2024-08-28T19:13:32","slug":"anillo-vibrador-heloise-pretty-love","status":"publish","type":"product","link":"https:\/\/tiendasamor.com\/index.php\/producto\/anillo-vibrador-heloise-pretty-love\/","title":{"rendered":"Anillo Vibrador Heloise Pretty Love"},"content":{"rendered":"<p>anillo de pene vibratorio recargable de silicona de 7 funciones. Con su dise\u00f1o de silicona, este anillo para el pene de ajuste ce\u00f1ido se coloca en la base de su pene, fortaleciendo su erecci\u00f3n y prolongando su placer.<\/p>\n<p>El brazo grande se extiende hacia afuera desde el anillo del pene, lo que le brinda muchas opciones para jugar. \u00daselo hacia arriba para apuntar al cl\u00edtoris de su pareja, o hacia abajo para la estimulaci\u00f3n del perineo o de los test\u00edculos.<\/p>\n<p>Con un motor ubicado dentro de la parte principal del brazo, las vibraciones se alimentan exactamente<br \/>\ndonde las desea. Explore siete modos de vibraci\u00f3n con solo presionar<br \/>\nun bot\u00f3n mientras lleva su juego al siguiente nivel, ya sea en el dormitorio,<br \/>\nla ducha o el ba\u00f1o, gracias al dise\u00f1o<br \/>\na prueba de agua. Cuando termine la diversi\u00f3n, recupera el anillo<br \/>\nde tu pene a plena potencia con la bater\u00eda f\u00e1cilmente recargable<\/p>\n","protected":false},"excerpt":{"rendered":"<p>anillo de pene vibratorio recargable de silicona de 7 funciones. Con su dise\u00f1o de silicona, este anillo para el pene de ajuste ce\u00f1ido se coloca en la base de su pene, fortaleciendo su erecci\u00f3n y prolongando su placer. El brazo grande se extiende hacia afuera desde el anillo del pene, lo que le brinda muchas [&hellip;]<\/p>\n","protected":false},"featured_media":3067,"comment_status":"open","ping_status":"closed","template":"","meta":[],"product_brand":[],"product_cat":[36],"product_tag":[],"class_list":{"0":"post-3066","1":"product","2":"type-product","3":"status-publish","4":"has-post-thumbnail","6":"product_cat-anillos","8":"first","9":"instock","10":"shipping-taxable","11":"purchasable","12":"product-type-simple"},"_links":{"self":[{"href":"https:\/\/tiendasamor.com\/index.php\/wp-json\/wp\/v2\/product\/3066","targetHints":{"allow":["GET"]}}],"collection":[{"href":"https:\/\/tiendasamor.com\/index.php\/wp-json\/wp\/v2\/product"}],"about":[{"href":"https:\/\/tiendasamor.com\/index.php\/wp-json\/wp\/v2\/types\/product"}],"replies":[{"embeddable":true,"href":"https:\/\/tiendasamor.com\/index.php\/wp-json\/wp\/v2\/comments?post=3066"}],"wp:featuredmedia":[{"embeddable":true,"href":"https:\/\/tiendasamor.com\/index.php\/wp-json\/wp\/v2\/media\/3067"}],"wp:attachment":[{"href":"https:\/\/tiendasamor.com\/index.php\/wp-json\/wp\/v2\/media?parent=3066"}],"wp:term":[{"taxonomy":"product_brand","embeddable":true,"href":"https:\/\/tiendasamor.com\/index.php\/wp-json\/wp\/v2\/product_brand?post=3066"},{"taxonomy":"product_cat","embeddable":true,"href":"https:\/\/tiendasamor.com\/index.php\/wp-json\/wp\/v2\/product_cat?post=3066"},{"taxonomy":"product_tag","embeddable":true,"href":"https:\/\/tiendasamor.com\/index.php\/wp-json\/wp\/v2\/product_tag?post=3066"}],"curies":[{"name":"wp","href":"https:\/\/api.w.org\/{rel}","templated":true}]}}