{"id":3049,"date":"2024-08-12T19:53:28","date_gmt":"2024-08-13T00:53:28","guid":{"rendered":"https:\/\/tiendasamor.com\/?post_type=product&#038;p=3049"},"modified":"2024-08-12T19:53:28","modified_gmt":"2024-08-13T00:53:28","slug":"pretty-love-houston-harness","status":"publish","type":"product","link":"https:\/\/tiendasamor.com\/index.php\/producto\/pretty-love-houston-harness\/","title":{"rendered":"Pretty Love Houston Harness"},"content":{"rendered":"<p>Lleva tu juego de penetraci\u00f3n al siguiente nivel y disfruta de una sesi\u00f3n con nuestro fabuloso arn\u00e9s universal de placer. El delicioso eje de silicona dura de este consolador con correa tiene vetas y una cabeza de silicona s\u00faper suave con una forma perfecta para brindarte la m\u00e1xima estimulaci\u00f3n y penetraci\u00f3n. Viene completo con consolador con correa, arn\u00e9s el\u00e1stico grueso c\u00f3modo y ajustable, un consolador con correa favorito que ofrece un valor incre\u00edble y brinda satisfacci\u00f3n total.<\/p>\n<ul>\n<li>Material: TPR, ABS<\/li>\n<li>F\u00e1cil uso y Limpieza<\/li>\n<li>Impermeable<\/li>\n<li>Arn\u00e9s ajustable<\/li>\n<li>Largo: 17.5 cm \u2013 Largo hueco: 10.5 cm \u2013 Ancho: 3.7 cm<\/li>\n<\/ul>\n","protected":false},"excerpt":{"rendered":"<p>Lleva tu juego de penetraci\u00f3n al siguiente nivel y disfruta de una sesi\u00f3n con nuestro fabuloso arn\u00e9s universal de placer. El delicioso eje de silicona dura de este consolador con correa tiene vetas y una cabeza de silicona s\u00faper suave con una forma perfecta para brindarte la m\u00e1xima estimulaci\u00f3n y penetraci\u00f3n. Viene completo con consolador [&hellip;]<\/p>\n","protected":false},"featured_media":3050,"comment_status":"open","ping_status":"closed","template":"","meta":[],"product_brand":[],"product_cat":[45,46],"product_tag":[],"class_list":{"0":"post-3049","1":"product","2":"type-product","3":"status-publish","4":"has-post-thumbnail","6":"product_cat-fundas-extensoras","7":"product_cat-protesis","9":"first","10":"instock","11":"shipping-taxable","12":"purchasable","13":"product-type-simple"},"_links":{"self":[{"href":"https:\/\/tiendasamor.com\/index.php\/wp-json\/wp\/v2\/product\/3049","targetHints":{"allow":["GET"]}}],"collection":[{"href":"https:\/\/tiendasamor.com\/index.php\/wp-json\/wp\/v2\/product"}],"about":[{"href":"https:\/\/tiendasamor.com\/index.php\/wp-json\/wp\/v2\/types\/product"}],"replies":[{"embeddable":true,"href":"https:\/\/tiendasamor.com\/index.php\/wp-json\/wp\/v2\/comments?post=3049"}],"wp:featuredmedia":[{"embeddable":true,"href":"https:\/\/tiendasamor.com\/index.php\/wp-json\/wp\/v2\/media\/3050"}],"wp:attachment":[{"href":"https:\/\/tiendasamor.com\/index.php\/wp-json\/wp\/v2\/media?parent=3049"}],"wp:term":[{"taxonomy":"product_brand","embeddable":true,"href":"https:\/\/tiendasamor.com\/index.php\/wp-json\/wp\/v2\/product_brand?post=3049"},{"taxonomy":"product_cat","embeddable":true,"href":"https:\/\/tiendasamor.com\/index.php\/wp-json\/wp\/v2\/product_cat?post=3049"},{"taxonomy":"product_tag","embeddable":true,"href":"https:\/\/tiendasamor.com\/index.php\/wp-json\/wp\/v2\/product_tag?post=3049"}],"curies":[{"name":"wp","href":"https:\/\/api.w.org\/{rel}","templated":true}]}}