{"id":3025,"date":"2024-06-27T21:24:26","date_gmt":"2024-06-28T02:24:26","guid":{"rendered":"https:\/\/tiendasamor.com\/?post_type=product&#038;p=3025"},"modified":"2024-06-27T21:24:26","modified_gmt":"2024-06-28T02:24:26","slug":"crazy-life-pheromone-the-best-love-hunter-her","status":"publish","type":"product","link":"https:\/\/tiendasamor.com\/index.php\/producto\/crazy-life-pheromone-the-best-love-hunter-her\/","title":{"rendered":"Crazy life Pheromone The best love hunter Her"},"content":{"rendered":"<p>Perfume en aceite con feromonas 100% concentraci\u00f3n para atraer hombres<\/p>\n<p>Puntos destacados:<br \/>\n-Despertar sentimientos: el perfume Crazy life puede influir en el estado de \u00e1nimo y mejorar sus relaciones. Aumenta tu producci\u00f3n de feromonas naturalmente para despertar sentimientos y aumentar la atracci\u00f3n en los Hombres.<\/p>\n<p>-El aroma de fusi\u00f3n perfecto: utilizando una f\u00f3rmula de fragancia \u00fanica y tecnolog\u00eda de uni\u00f3n de iones para crear su aroma de fragancia cautivador, emitir\u00e1 un aroma m\u00e1s \u00fanico.<\/p>\n<p>-Solo para uso externo: Aplique nuestro perfume de feromonas para hombre en el cuello, las orejas, las mu\u00f1ecas, el pecho u otras partes del cuerpo para liberar suficiente feromona para hacerte m\u00e1s atractiva y unica.<\/p>\n<p>-F\u00e1cil de usar: aplicar en el cuello, se exhalar\u00e1 naturalmente por la nariz junto con el aire. Si se aplica detr\u00e1s de la oreja, funciona incre\u00edblemente cuando se abrazan.<\/p>\n<p>Descripci\u00f3n:<br \/>\nEl perfume de aceite esencial utiliza una f\u00f3rmula de fragancia \u00fanica y tecnolog\u00eda de uni\u00f3n de iones, por lo que crear\u00e1 su fragancia cautivadora. Se puede utilizar en situaciones donde MUJERS y HOMBRES se encuentran, en oficinas, salas de reuniones y lugares de trabajo.<\/p>\n<p>contenido: 10ml<\/p>\n","protected":false},"excerpt":{"rendered":"<p>Perfume en aceite con feromonas 100% concentraci\u00f3n para atraer hombres Puntos destacados: -Despertar sentimientos: el perfume Crazy life puede influir en el estado de \u00e1nimo y mejorar sus relaciones. Aumenta tu producci\u00f3n de feromonas naturalmente para despertar sentimientos y aumentar la atracci\u00f3n en los Hombres. -El aroma de fusi\u00f3n perfecto: utilizando una f\u00f3rmula de fragancia [&hellip;]<\/p>\n","protected":false},"featured_media":3026,"comment_status":"open","ping_status":"closed","template":"","meta":[],"product_brand":[],"product_cat":[64],"product_tag":[],"class_list":{"0":"post-3025","1":"product","2":"type-product","3":"status-publish","4":"has-post-thumbnail","6":"product_cat-excitantes","8":"first","9":"instock","10":"shipping-taxable","11":"purchasable","12":"product-type-simple"},"_links":{"self":[{"href":"https:\/\/tiendasamor.com\/index.php\/wp-json\/wp\/v2\/product\/3025","targetHints":{"allow":["GET"]}}],"collection":[{"href":"https:\/\/tiendasamor.com\/index.php\/wp-json\/wp\/v2\/product"}],"about":[{"href":"https:\/\/tiendasamor.com\/index.php\/wp-json\/wp\/v2\/types\/product"}],"replies":[{"embeddable":true,"href":"https:\/\/tiendasamor.com\/index.php\/wp-json\/wp\/v2\/comments?post=3025"}],"wp:featuredmedia":[{"embeddable":true,"href":"https:\/\/tiendasamor.com\/index.php\/wp-json\/wp\/v2\/media\/3026"}],"wp:attachment":[{"href":"https:\/\/tiendasamor.com\/index.php\/wp-json\/wp\/v2\/media?parent=3025"}],"wp:term":[{"taxonomy":"product_brand","embeddable":true,"href":"https:\/\/tiendasamor.com\/index.php\/wp-json\/wp\/v2\/product_brand?post=3025"},{"taxonomy":"product_cat","embeddable":true,"href":"https:\/\/tiendasamor.com\/index.php\/wp-json\/wp\/v2\/product_cat?post=3025"},{"taxonomy":"product_tag","embeddable":true,"href":"https:\/\/tiendasamor.com\/index.php\/wp-json\/wp\/v2\/product_tag?post=3025"}],"curies":[{"name":"wp","href":"https:\/\/api.w.org\/{rel}","templated":true}]}}