{"id":2996,"date":"2024-06-20T16:04:06","date_gmt":"2024-06-20T21:04:06","guid":{"rendered":"https:\/\/tiendasamor.com\/?post_type=product&#038;p=2996"},"modified":"2024-06-20T16:04:51","modified_gmt":"2024-06-20T21:04:51","slug":"erosex-uva-multiorgasmico","status":"publish","type":"product","link":"https:\/\/tiendasamor.com\/index.php\/producto\/erosex-uva-multiorgasmico\/","title":{"rendered":"Erosex Uva Multiorgasmico"},"content":{"rendered":"<p>EROSEX UVA Un lubricante Multi- Org\u00e1smico a base de agua que combina la versatilidad de uno de silicona contiene glicerina a base de plantas lo que hace amigable con juguetes, condones de latex adem\u00e1s de sus propiedades anti-bacteriales tiene un efecto estimulante y sensaci\u00f3n de cosquilleo en los labios vaginales logrando una palpitaci\u00f3n de los mismos, con un aroma agradable para la experiencia.<\/p>\n<p><strong>CARACTERISTICAS:<\/strong><\/p>\n<p>* Apto para sexo vaginal.<br \/>\n* Compatible con preservativos.<br \/>\n* Compatible con juguetes de silicona.<br \/>\n* Gel Estimulante Femenina<br \/>\n* Mejora los orgasmos<br \/>\n* Aumenta el placer<br \/>\n* Maximiza la sensaci\u00f3n<br \/>\n* Botella de 100 ml.<br \/>\n* No deja manchas en la ropa o en la cama.<br \/>\n* Base de agua.<br \/>\n* F\u00e1cil de lavar.<\/p>\n<p><strong>MODO DE EMPLEO:<\/strong><\/p>\n<p>Aplicar de 5 a 3 min antes, una cantidad considerable a su sensibilidad, recomendando 2 ml frotando en forma circular los labios vaginales, esperar el tiempo recomendado.<\/p>\n<p><strong>COMPOSICI\u00d3N:<\/strong><\/p>\n<p>Glycerin USP, Propylene glycol USP-PG. \u03a7\u0391\u039dTHAN, Stabilizers, Vitamin E, essences and Water. Controla el PH, control de bacterias, mejora la lubricaci\u00f3n natural, regenera tejidos, esencias para evitar malos olores, compatible con preservativos.<\/p>\n<p><strong>PRECAUCI\u00d3N:<\/strong><\/p>\n<p>Mant\u00e9ngase fuera del alcance de los ni\u00f1os, almacenar a no m\u00e1s de 30\u00b0 proteger del calor, no refrigerar.<\/p>\n","protected":false},"excerpt":{"rendered":"<p>EROSEX UVA Un lubricante Multi- Org\u00e1smico a base de agua que combina la versatilidad de uno de silicona contiene glicerina a base de plantas lo que hace amigable con juguetes, condones de latex adem\u00e1s de sus propiedades anti-bacteriales tiene un efecto estimulante y sensaci\u00f3n de cosquilleo en los labios vaginales logrando una palpitaci\u00f3n de los [&hellip;]<\/p>\n","protected":false},"featured_media":2997,"comment_status":"open","ping_status":"closed","template":"","meta":[],"product_brand":[],"product_cat":[23],"product_tag":[],"class_list":{"0":"post-2996","1":"product","2":"type-product","3":"status-publish","4":"has-post-thumbnail","6":"product_cat-lubricantes","8":"first","9":"instock","10":"shipping-taxable","11":"purchasable","12":"product-type-simple"},"_links":{"self":[{"href":"https:\/\/tiendasamor.com\/index.php\/wp-json\/wp\/v2\/product\/2996","targetHints":{"allow":["GET"]}}],"collection":[{"href":"https:\/\/tiendasamor.com\/index.php\/wp-json\/wp\/v2\/product"}],"about":[{"href":"https:\/\/tiendasamor.com\/index.php\/wp-json\/wp\/v2\/types\/product"}],"replies":[{"embeddable":true,"href":"https:\/\/tiendasamor.com\/index.php\/wp-json\/wp\/v2\/comments?post=2996"}],"wp:featuredmedia":[{"embeddable":true,"href":"https:\/\/tiendasamor.com\/index.php\/wp-json\/wp\/v2\/media\/2997"}],"wp:attachment":[{"href":"https:\/\/tiendasamor.com\/index.php\/wp-json\/wp\/v2\/media?parent=2996"}],"wp:term":[{"taxonomy":"product_brand","embeddable":true,"href":"https:\/\/tiendasamor.com\/index.php\/wp-json\/wp\/v2\/product_brand?post=2996"},{"taxonomy":"product_cat","embeddable":true,"href":"https:\/\/tiendasamor.com\/index.php\/wp-json\/wp\/v2\/product_cat?post=2996"},{"taxonomy":"product_tag","embeddable":true,"href":"https:\/\/tiendasamor.com\/index.php\/wp-json\/wp\/v2\/product_tag?post=2996"}],"curies":[{"name":"wp","href":"https:\/\/api.w.org\/{rel}","templated":true}]}}