{"id":2988,"date":"2024-06-20T15:53:04","date_gmt":"2024-06-20T20:53:04","guid":{"rendered":"https:\/\/tiendasamor.com\/?post_type=product&#038;p=2988"},"modified":"2024-06-20T15:54:44","modified_gmt":"2024-06-20T20:54:44","slug":"erosex-manzana-dilatador-anal","status":"publish","type":"product","link":"https:\/\/tiendasamor.com\/index.php\/producto\/erosex-manzana-dilatador-anal\/","title":{"rendered":"Erosex Manzana Dilatador Anal"},"content":{"rendered":"<p>En tus primeras experiencias de sexo anal es importante que garantices unas condiciones de hidrataci\u00f3n \u00f3ptimas. Aplica una peque\u00f1a cantidad de este gel para que las penetraciones sean m\u00e1s deslizantes y satisfactorias.<\/p>\n<p>Este lubricante anal concentrado presenta una particularidad especialmente \u00fatil para quienes acaban de iniciarse en estas pr\u00e1cticas. Dilata e insensibiliza.<\/p>\n<p>Utiliza este gel anal olor a manzana para una hidrataci\u00f3n de larga duraci\u00f3n. Evitar\u00e1s fisuras e incomodidades.<\/p>\n<p><strong>CARACTER\u00cdSTICAS:<\/strong><\/p>\n<p>* M\u00e1xima hidrataci\u00f3n para evitar fisuras.<br \/>\n* Lubricaci\u00f3n intensa y de larga duraci\u00f3n.<br \/>\n* Cantidad del envase: 100 ml.<\/p>\n<p>Compatible con preservativos y juguetes para adultos.<\/p>\n","protected":false},"excerpt":{"rendered":"<p>En tus primeras experiencias de sexo anal es importante que garantices unas condiciones de hidrataci\u00f3n \u00f3ptimas. Aplica una peque\u00f1a cantidad de este gel para que las penetraciones sean m\u00e1s deslizantes y satisfactorias. Este lubricante anal concentrado presenta una particularidad especialmente \u00fatil para quienes acaban de iniciarse en estas pr\u00e1cticas. Dilata e insensibiliza. Utiliza este gel [&hellip;]<\/p>\n","protected":false},"featured_media":2989,"comment_status":"open","ping_status":"closed","template":"","meta":[],"product_brand":[],"product_cat":[23],"product_tag":[],"class_list":{"0":"post-2988","1":"product","2":"type-product","3":"status-publish","4":"has-post-thumbnail","6":"product_cat-lubricantes","8":"first","9":"instock","10":"shipping-taxable","11":"purchasable","12":"product-type-simple"},"_links":{"self":[{"href":"https:\/\/tiendasamor.com\/index.php\/wp-json\/wp\/v2\/product\/2988","targetHints":{"allow":["GET"]}}],"collection":[{"href":"https:\/\/tiendasamor.com\/index.php\/wp-json\/wp\/v2\/product"}],"about":[{"href":"https:\/\/tiendasamor.com\/index.php\/wp-json\/wp\/v2\/types\/product"}],"replies":[{"embeddable":true,"href":"https:\/\/tiendasamor.com\/index.php\/wp-json\/wp\/v2\/comments?post=2988"}],"wp:featuredmedia":[{"embeddable":true,"href":"https:\/\/tiendasamor.com\/index.php\/wp-json\/wp\/v2\/media\/2989"}],"wp:attachment":[{"href":"https:\/\/tiendasamor.com\/index.php\/wp-json\/wp\/v2\/media?parent=2988"}],"wp:term":[{"taxonomy":"product_brand","embeddable":true,"href":"https:\/\/tiendasamor.com\/index.php\/wp-json\/wp\/v2\/product_brand?post=2988"},{"taxonomy":"product_cat","embeddable":true,"href":"https:\/\/tiendasamor.com\/index.php\/wp-json\/wp\/v2\/product_cat?post=2988"},{"taxonomy":"product_tag","embeddable":true,"href":"https:\/\/tiendasamor.com\/index.php\/wp-json\/wp\/v2\/product_tag?post=2988"}],"curies":[{"name":"wp","href":"https:\/\/api.w.org\/{rel}","templated":true}]}}