{"id":2981,"date":"2024-06-01T19:58:39","date_gmt":"2024-06-02T00:58:39","guid":{"rendered":"https:\/\/tiendasamor.com\/?post_type=product&#038;p=2981"},"modified":"2024-06-01T19:58:39","modified_gmt":"2024-06-02T00:58:39","slug":"satisfyer-penguin","status":"publish","type":"product","link":"https:\/\/tiendasamor.com\/index.php\/producto\/satisfyer-penguin\/","title":{"rendered":"Satisfyer Penguin"},"content":{"rendered":"<p>El Ping\u00fcino Satisfyer es un favorito por su forma delgada, contornos ergon\u00f3micos y dise\u00f1o adorable. Vestida para los nueves con un esmoquin elegante este ping\u00fcino es seguro que ser\u00e1 la charla de la ciudad, y una cita incre\u00edble. Este vibrador de onda de presi\u00f3n dulce impresiona con una presi\u00f3n negativa emocionante y proporciona una estimulaci\u00f3n innovadora con pulsaciones hormigueantes. Los controles intuitivos en su est\u00f3mago redondo le permiten encontrar su fuerza favorita personal entre 11 niveles formidables, proporcionando la emoci\u00f3n de la variedad.<\/p>\n<div class=\"elementor-element elementor-element-31ff587 elementor-widget elementor-widget-heading\" data-id=\"31ff587\" data-element_type=\"widget\" data-widget_type=\"heading.default\">\n<div class=\"elementor-widget-container\">\n<p class=\"elementor-heading-title elementor-size-default\"><strong>Caracter\u00edsticas<\/strong><\/p>\n<\/div>\n<\/div>\n<div class=\"elementor-element elementor-element-84e7f93 elementor-widget elementor-widget-woocommerce-product-short-description\" data-id=\"84e7f93\" data-element_type=\"widget\" data-widget_type=\"woocommerce-product-short-description.default\">\n<div class=\"elementor-widget-container\">\n<div class=\"woocommerce-product-details__short-description\">\n<ul>\n<li>Estimulaci\u00f3n de la onda de presi\u00f3n y estimulaci\u00f3n del cl\u00edtoris sin contacto<\/li>\n<li>11 ajustes de intensidad<\/li>\n<li>Resistente al agua IPX7.<\/li>\n<li>Modo susurro<\/li>\n<li>Silicona respetuosa con la piel.<\/li>\n<li>Dise\u00f1o ergon\u00f3mico.<\/li>\n<li>Recargable: incluye cable de carga magn\u00e9tico USB.<\/li>\n<li>F\u00e1cil de limpiar.<\/li>\n<li>Largo 12.5cm<\/li>\n<li>Ancho 4.4cm<\/li>\n<li>Succionador 2.2cm<\/li>\n<\/ul>\n<\/div>\n<\/div>\n<\/div>\n","protected":false},"excerpt":{"rendered":"<p>El Ping\u00fcino Satisfyer es un favorito por su forma delgada, contornos ergon\u00f3micos y dise\u00f1o adorable. Vestida para los nueves con un esmoquin elegante este ping\u00fcino es seguro que ser\u00e1 la charla de la ciudad, y una cita incre\u00edble. Este vibrador de onda de presi\u00f3n dulce impresiona con una presi\u00f3n negativa emocionante y proporciona una estimulaci\u00f3n [&hellip;]<\/p>\n","protected":false},"featured_media":2982,"comment_status":"open","ping_status":"closed","template":"","meta":[],"product_brand":[],"product_cat":[44,43,27],"product_tag":[],"class_list":{"0":"post-2981","1":"product","2":"type-product","3":"status-publish","4":"has-post-thumbnail","6":"product_cat-clitorales","7":"product_cat-rabbit","8":"product_cat-vibradores","10":"first","11":"instock","12":"shipping-taxable","13":"purchasable","14":"product-type-simple"},"_links":{"self":[{"href":"https:\/\/tiendasamor.com\/index.php\/wp-json\/wp\/v2\/product\/2981","targetHints":{"allow":["GET"]}}],"collection":[{"href":"https:\/\/tiendasamor.com\/index.php\/wp-json\/wp\/v2\/product"}],"about":[{"href":"https:\/\/tiendasamor.com\/index.php\/wp-json\/wp\/v2\/types\/product"}],"replies":[{"embeddable":true,"href":"https:\/\/tiendasamor.com\/index.php\/wp-json\/wp\/v2\/comments?post=2981"}],"wp:featuredmedia":[{"embeddable":true,"href":"https:\/\/tiendasamor.com\/index.php\/wp-json\/wp\/v2\/media\/2982"}],"wp:attachment":[{"href":"https:\/\/tiendasamor.com\/index.php\/wp-json\/wp\/v2\/media?parent=2981"}],"wp:term":[{"taxonomy":"product_brand","embeddable":true,"href":"https:\/\/tiendasamor.com\/index.php\/wp-json\/wp\/v2\/product_brand?post=2981"},{"taxonomy":"product_cat","embeddable":true,"href":"https:\/\/tiendasamor.com\/index.php\/wp-json\/wp\/v2\/product_cat?post=2981"},{"taxonomy":"product_tag","embeddable":true,"href":"https:\/\/tiendasamor.com\/index.php\/wp-json\/wp\/v2\/product_tag?post=2981"}],"curies":[{"name":"wp","href":"https:\/\/api.w.org\/{rel}","templated":true}]}}