{"id":2972,"date":"2024-06-01T19:46:23","date_gmt":"2024-06-02T00:46:23","guid":{"rendered":"https:\/\/tiendasamor.com\/?post_type=product&#038;p=2972"},"modified":"2024-06-01T19:46:23","modified_gmt":"2024-06-02T00:46:23","slug":"noje-jules-rose","status":"publish","type":"product","link":"https:\/\/tiendasamor.com\/index.php\/producto\/noje-jules-rose\/","title":{"rendered":"Noje Jules Rose"},"content":{"rendered":"<p>Disfrutar\u00e1s de todo el poder de una varita de placer de tama\u00f1o completo, empaquetada en este peque\u00f1o paquete de 4,75 pulgadas. Jules presenta 10 funciones de vibraci\u00f3n profunda y retumbante que consisten en 5 velocidades y 5 ritmos \u00fanicos.<\/p>\n<ul>\n<li>10 modos de vibraci\u00f3n. Impulsado por un motor de tungsteno profundo Rumbly<\/li>\n<li>Incluye 3 accesorios de silicona. Seguro para el cuerpo libre de ftalatos.<\/li>\n<li>Clasificaci\u00f3n IPX7 Sumergible a prueba de agua<\/li>\n<li>Recargable a trav\u00e9s del cable USB magn\u00e9tico incluido<\/li>\n<\/ul>\n","protected":false},"excerpt":{"rendered":"<p>Disfrutar\u00e1s de todo el poder de una varita de placer de tama\u00f1o completo, empaquetada en este peque\u00f1o paquete de 4,75 pulgadas. Jules presenta 10 funciones de vibraci\u00f3n profunda y retumbante que consisten en 5 velocidades y 5 ritmos \u00fanicos. 10 modos de vibraci\u00f3n. Impulsado por un motor de tungsteno profundo Rumbly Incluye 3 accesorios de [&hellip;]<\/p>\n","protected":false},"featured_media":2973,"comment_status":"open","ping_status":"closed","template":"","meta":[],"product_brand":[],"product_cat":[44,43,27],"product_tag":[],"class_list":{"0":"post-2972","1":"product","2":"type-product","3":"status-publish","4":"has-post-thumbnail","6":"product_cat-clitorales","7":"product_cat-rabbit","8":"product_cat-vibradores","10":"first","11":"instock","12":"shipping-taxable","13":"purchasable","14":"product-type-simple"},"_links":{"self":[{"href":"https:\/\/tiendasamor.com\/index.php\/wp-json\/wp\/v2\/product\/2972","targetHints":{"allow":["GET"]}}],"collection":[{"href":"https:\/\/tiendasamor.com\/index.php\/wp-json\/wp\/v2\/product"}],"about":[{"href":"https:\/\/tiendasamor.com\/index.php\/wp-json\/wp\/v2\/types\/product"}],"replies":[{"embeddable":true,"href":"https:\/\/tiendasamor.com\/index.php\/wp-json\/wp\/v2\/comments?post=2972"}],"wp:featuredmedia":[{"embeddable":true,"href":"https:\/\/tiendasamor.com\/index.php\/wp-json\/wp\/v2\/media\/2973"}],"wp:attachment":[{"href":"https:\/\/tiendasamor.com\/index.php\/wp-json\/wp\/v2\/media?parent=2972"}],"wp:term":[{"taxonomy":"product_brand","embeddable":true,"href":"https:\/\/tiendasamor.com\/index.php\/wp-json\/wp\/v2\/product_brand?post=2972"},{"taxonomy":"product_cat","embeddable":true,"href":"https:\/\/tiendasamor.com\/index.php\/wp-json\/wp\/v2\/product_cat?post=2972"},{"taxonomy":"product_tag","embeddable":true,"href":"https:\/\/tiendasamor.com\/index.php\/wp-json\/wp\/v2\/product_tag?post=2972"}],"curies":[{"name":"wp","href":"https:\/\/api.w.org\/{rel}","templated":true}]}}