{"id":2968,"date":"2024-06-01T19:20:26","date_gmt":"2024-06-02T00:20:26","guid":{"rendered":"https:\/\/tiendasamor.com\/?post_type=product&#038;p=2968"},"modified":"2024-06-01T19:24:46","modified_gmt":"2024-06-02T00:24:46","slug":"luxury-fetish-collar-with-leash","status":"publish","type":"product","link":"https:\/\/tiendasamor.com\/index.php\/producto\/luxury-fetish-collar-with-leash\/","title":{"rendered":"Luxury Fetish Collar with Leash"},"content":{"rendered":"<p>Firme pero delicado, cuenta con 72 cms. de largo, suave acolchado interior y elegante dise\u00f1o. Este juguet\u00f3n collar es ideal para forcejear y adiestrar a tu pareja! Juega y atr\u00e9vete. Desinh\u00edbete.<\/p>\n<p>Ajustable.<\/p>\n","protected":false},"excerpt":{"rendered":"<p>Firme pero delicado, cuenta con 72 cms. de largo, suave acolchado interior y elegante dise\u00f1o. Este juguet\u00f3n collar es ideal para forcejear y adiestrar a tu pareja! Juega y atr\u00e9vete. Desinh\u00edbete. Ajustable.<\/p>\n","protected":false},"featured_media":2969,"comment_status":"open","ping_status":"closed","template":"","meta":[],"product_brand":[],"product_cat":[20,54,59],"product_tag":[],"class_list":{"0":"post-2968","1":"product","2":"type-product","3":"status-publish","4":"has-post-thumbnail","6":"product_cat-bondage","7":"product_cat-columpios","8":"product_cat-kama-sutra","10":"first","11":"instock","12":"shipping-taxable","13":"purchasable","14":"product-type-simple"},"_links":{"self":[{"href":"https:\/\/tiendasamor.com\/index.php\/wp-json\/wp\/v2\/product\/2968","targetHints":{"allow":["GET"]}}],"collection":[{"href":"https:\/\/tiendasamor.com\/index.php\/wp-json\/wp\/v2\/product"}],"about":[{"href":"https:\/\/tiendasamor.com\/index.php\/wp-json\/wp\/v2\/types\/product"}],"replies":[{"embeddable":true,"href":"https:\/\/tiendasamor.com\/index.php\/wp-json\/wp\/v2\/comments?post=2968"}],"wp:featuredmedia":[{"embeddable":true,"href":"https:\/\/tiendasamor.com\/index.php\/wp-json\/wp\/v2\/media\/2969"}],"wp:attachment":[{"href":"https:\/\/tiendasamor.com\/index.php\/wp-json\/wp\/v2\/media?parent=2968"}],"wp:term":[{"taxonomy":"product_brand","embeddable":true,"href":"https:\/\/tiendasamor.com\/index.php\/wp-json\/wp\/v2\/product_brand?post=2968"},{"taxonomy":"product_cat","embeddable":true,"href":"https:\/\/tiendasamor.com\/index.php\/wp-json\/wp\/v2\/product_cat?post=2968"},{"taxonomy":"product_tag","embeddable":true,"href":"https:\/\/tiendasamor.com\/index.php\/wp-json\/wp\/v2\/product_tag?post=2968"}],"curies":[{"name":"wp","href":"https:\/\/api.w.org\/{rel}","templated":true}]}}