{"id":2962,"date":"2024-06-01T19:09:52","date_gmt":"2024-06-02T00:09:52","guid":{"rendered":"https:\/\/tiendasamor.com\/?post_type=product&#038;p=2962"},"modified":"2024-06-01T19:10:11","modified_gmt":"2024-06-02T00:10:11","slug":"deluxe-ankle-restraint-cuffs","status":"publish","type":"product","link":"https:\/\/tiendasamor.com\/index.php\/producto\/deluxe-ankle-restraint-cuffs\/","title":{"rendered":"Deluxe Ankle Restraint Cuffs"},"content":{"rendered":"<p>Esposas elegantes. Totalmente ajustables con una simple hebilla de cintur\u00f3n. Las esposas, combinadas con una cadena negra niquelada, est\u00e1n forradas con un material de neopreno suave pero duradero para una experiencia de juego sexy y c\u00f3moda.<\/p>\n<ul>\n<li>Ajustable<\/li>\n<li>Material: P<span class=\"Y2IQFc\" lang=\"es\">oliuretano y metal<\/span><\/li>\n<\/ul>\n","protected":false},"excerpt":{"rendered":"<p>Esposas elegantes. Totalmente ajustables con una simple hebilla de cintur\u00f3n. Las esposas, combinadas con una cadena negra niquelada, est\u00e1n forradas con un material de neopreno suave pero duradero para una experiencia de juego sexy y c\u00f3moda. Ajustable Material: Poliuretano y metal<\/p>\n","protected":false},"featured_media":2967,"comment_status":"open","ping_status":"closed","template":"","meta":[],"product_brand":[],"product_cat":[20,53],"product_tag":[],"class_list":{"0":"post-2962","1":"product","2":"type-product","3":"status-publish","4":"has-post-thumbnail","6":"product_cat-bondage","7":"product_cat-esposa","9":"first","10":"instock","11":"shipping-taxable","12":"purchasable","13":"product-type-simple"},"_links":{"self":[{"href":"https:\/\/tiendasamor.com\/index.php\/wp-json\/wp\/v2\/product\/2962","targetHints":{"allow":["GET"]}}],"collection":[{"href":"https:\/\/tiendasamor.com\/index.php\/wp-json\/wp\/v2\/product"}],"about":[{"href":"https:\/\/tiendasamor.com\/index.php\/wp-json\/wp\/v2\/types\/product"}],"replies":[{"embeddable":true,"href":"https:\/\/tiendasamor.com\/index.php\/wp-json\/wp\/v2\/comments?post=2962"}],"wp:featuredmedia":[{"embeddable":true,"href":"https:\/\/tiendasamor.com\/index.php\/wp-json\/wp\/v2\/media\/2967"}],"wp:attachment":[{"href":"https:\/\/tiendasamor.com\/index.php\/wp-json\/wp\/v2\/media?parent=2962"}],"wp:term":[{"taxonomy":"product_brand","embeddable":true,"href":"https:\/\/tiendasamor.com\/index.php\/wp-json\/wp\/v2\/product_brand?post=2962"},{"taxonomy":"product_cat","embeddable":true,"href":"https:\/\/tiendasamor.com\/index.php\/wp-json\/wp\/v2\/product_cat?post=2962"},{"taxonomy":"product_tag","embeddable":true,"href":"https:\/\/tiendasamor.com\/index.php\/wp-json\/wp\/v2\/product_tag?post=2962"}],"curies":[{"name":"wp","href":"https:\/\/api.w.org\/{rel}","templated":true}]}}