{"id":2954,"date":"2024-06-01T18:57:15","date_gmt":"2024-06-01T23:57:15","guid":{"rendered":"https:\/\/tiendasamor.com\/?post_type=product&#038;p=2954"},"modified":"2024-06-01T19:04:49","modified_gmt":"2024-06-02T00:04:49","slug":"mini-annika-half-body-sex-doll","status":"publish","type":"product","link":"https:\/\/tiendasamor.com\/index.php\/producto\/mini-annika-half-body-sex-doll\/","title":{"rendered":"Mini Annika Half Body Sex Doll"},"content":{"rendered":"<p>Da vida a tus fantas\u00edas con una mu\u00f1eca sexual s\u00faper realista con pechos 36DD y una cintura s\u00faper ajustada.\u00a0Acaricie aqu\u00ed el hermoso torso de Fanta Flesh y profundice en su vagina y ano deliciosamente acanalados para un cl\u00edmax intenso en abundancia.<br \/>\nDesl\u00edzate en una vagina deliciosamente apretada y descubre un canal interior texturizado para acariciar tu longitud.\u00a0Emp\u00fajese hacia el tentador ano y experimente con las diferentes costillas de placer del interior.\u00a0Las fantas\u00edas se hacen realidad con esta mu\u00f1eca sexual ultrarrealista.<\/p>\n<p>Este incre\u00edble juguete es una de las mu\u00f1ecas m\u00e1s realistas disponibles. Todo, desde su musculatura definida hasta su piel suave como la seda, se siente como si fuera real.\u00a0Agregue un co\u00f1o perfectamente moldeado con labios jugosos y cl\u00edtoris, labios internos y ano magn\u00edficamente detallados, y no podr\u00eda pedir una experiencia m\u00e1s realista.\u00a0Tanto sus acogedores orificios vaginales como anales conducen a un canal de textura fina que te agarra y se desliza a tu alrededor con cada embestida, masaje\u00e1ndote hasta un duro orgasmo.<\/p>\n<p>-Vagina y ano apretados y texturizados<br \/>\n-Mu\u00f1eca real incre\u00edblemente realista y detallada<br \/>\n-Experiencia realista de Fanta Flesh<br \/>\n-Vagina y ano perfectamente moldeados y con textura intensa<br \/>\n-Hermosas curvas, senos y musculatura<\/p>\n","protected":false},"excerpt":{"rendered":"<p>Da vida a tus fantas\u00edas con una mu\u00f1eca sexual s\u00faper realista con pechos 36DD y una cintura s\u00faper ajustada.\u00a0Acaricie aqu\u00ed el hermoso torso de Fanta Flesh y profundice en su vagina y ano deliciosamente acanalados para un cl\u00edmax intenso en abundancia. Desl\u00edzate en una vagina deliciosamente apretada y descubre un canal interior texturizado para acariciar [&hellip;]<\/p>\n","protected":false},"featured_media":2956,"comment_status":"open","ping_status":"closed","template":"","meta":[],"product_brand":[],"product_cat":[30,47],"product_tag":[],"class_list":{"0":"post-2954","1":"product","2":"type-product","3":"status-publish","4":"has-post-thumbnail","6":"product_cat-masturbadores","7":"product_cat-munecas","9":"first","10":"instock","11":"shipping-taxable","12":"purchasable","13":"product-type-simple"},"_links":{"self":[{"href":"https:\/\/tiendasamor.com\/index.php\/wp-json\/wp\/v2\/product\/2954","targetHints":{"allow":["GET"]}}],"collection":[{"href":"https:\/\/tiendasamor.com\/index.php\/wp-json\/wp\/v2\/product"}],"about":[{"href":"https:\/\/tiendasamor.com\/index.php\/wp-json\/wp\/v2\/types\/product"}],"replies":[{"embeddable":true,"href":"https:\/\/tiendasamor.com\/index.php\/wp-json\/wp\/v2\/comments?post=2954"}],"wp:featuredmedia":[{"embeddable":true,"href":"https:\/\/tiendasamor.com\/index.php\/wp-json\/wp\/v2\/media\/2956"}],"wp:attachment":[{"href":"https:\/\/tiendasamor.com\/index.php\/wp-json\/wp\/v2\/media?parent=2954"}],"wp:term":[{"taxonomy":"product_brand","embeddable":true,"href":"https:\/\/tiendasamor.com\/index.php\/wp-json\/wp\/v2\/product_brand?post=2954"},{"taxonomy":"product_cat","embeddable":true,"href":"https:\/\/tiendasamor.com\/index.php\/wp-json\/wp\/v2\/product_cat?post=2954"},{"taxonomy":"product_tag","embeddable":true,"href":"https:\/\/tiendasamor.com\/index.php\/wp-json\/wp\/v2\/product_tag?post=2954"}],"curies":[{"name":"wp","href":"https:\/\/api.w.org\/{rel}","templated":true}]}}