{"id":2946,"date":"2024-05-27T19:43:35","date_gmt":"2024-05-28T00:43:35","guid":{"rendered":"https:\/\/tiendasamor.com\/?post_type=product&#038;p=2946"},"modified":"2024-05-27T19:43:35","modified_gmt":"2024-05-28T00:43:35","slug":"tutti-frutti-erose-x-multi-orgasmico","status":"publish","type":"product","link":"https:\/\/tiendasamor.com\/index.php\/producto\/tutti-frutti-erose-x-multi-orgasmico\/","title":{"rendered":"Tutti Frutti Erose X Multi Orgasmico"},"content":{"rendered":"<p>Con Erosex Multiorgasmico aplicado en el cl\u00edtoris y acompa\u00f1ado de masajes para esparcir y aumentar sensibilidad de toda la parte vaginal.<\/p>\n<p>Las mujeres biol\u00f3gicamente pueden alcanzar m\u00faltiples orgasmos en una relaci\u00f3n aunque muchas no lo logran debido a varios factores como una baja lubricaci\u00f3n o poca sensibilidad en la zona vaginal que puede ser resuelto con este producto. El producto ocasiona que los vasos sangu\u00edneos del cl\u00edtoris se dilaten y all\u00e1 mucha m\u00e1s sangre en la zona.<\/p>\n<p>1. Se recomienda el uso de 5-10 minutos antes de las relaciones sexuales.<\/p>\n<p>Aplica la cantidad adecuada de gel en el cl\u00edtoris y en las partes privadas femeninas.<\/p>\n<p>En el curso del sexo evidente, puede tomar un frotis apropiado.<\/p>\n<p>Frasco de 100m<\/p>\n","protected":false},"excerpt":{"rendered":"<p>Con Erosex Multiorgasmico aplicado en el cl\u00edtoris y acompa\u00f1ado de masajes para esparcir y aumentar sensibilidad de toda la parte vaginal. Las mujeres biol\u00f3gicamente pueden alcanzar m\u00faltiples orgasmos en una relaci\u00f3n aunque muchas no lo logran debido a varios factores como una baja lubricaci\u00f3n o poca sensibilidad en la zona vaginal que puede ser resuelto [&hellip;]<\/p>\n","protected":false},"featured_media":2947,"comment_status":"open","ping_status":"closed","template":"","meta":[],"product_brand":[],"product_cat":[23],"product_tag":[],"class_list":{"0":"post-2946","1":"product","2":"type-product","3":"status-publish","4":"has-post-thumbnail","6":"product_cat-lubricantes","8":"first","9":"instock","10":"shipping-taxable","11":"purchasable","12":"product-type-simple"},"_links":{"self":[{"href":"https:\/\/tiendasamor.com\/index.php\/wp-json\/wp\/v2\/product\/2946","targetHints":{"allow":["GET"]}}],"collection":[{"href":"https:\/\/tiendasamor.com\/index.php\/wp-json\/wp\/v2\/product"}],"about":[{"href":"https:\/\/tiendasamor.com\/index.php\/wp-json\/wp\/v2\/types\/product"}],"replies":[{"embeddable":true,"href":"https:\/\/tiendasamor.com\/index.php\/wp-json\/wp\/v2\/comments?post=2946"}],"wp:featuredmedia":[{"embeddable":true,"href":"https:\/\/tiendasamor.com\/index.php\/wp-json\/wp\/v2\/media\/2947"}],"wp:attachment":[{"href":"https:\/\/tiendasamor.com\/index.php\/wp-json\/wp\/v2\/media?parent=2946"}],"wp:term":[{"taxonomy":"product_brand","embeddable":true,"href":"https:\/\/tiendasamor.com\/index.php\/wp-json\/wp\/v2\/product_brand?post=2946"},{"taxonomy":"product_cat","embeddable":true,"href":"https:\/\/tiendasamor.com\/index.php\/wp-json\/wp\/v2\/product_cat?post=2946"},{"taxonomy":"product_tag","embeddable":true,"href":"https:\/\/tiendasamor.com\/index.php\/wp-json\/wp\/v2\/product_tag?post=2946"}],"curies":[{"name":"wp","href":"https:\/\/api.w.org\/{rel}","templated":true}]}}