{"id":2942,"date":"2024-05-24T19:27:54","date_gmt":"2024-05-25T00:27:54","guid":{"rendered":"https:\/\/tiendasamor.com\/?post_type=product&#038;p=2942"},"modified":"2024-05-24T19:27:54","modified_gmt":"2024-05-25T00:27:54","slug":"multiorgams-cold-cannabis","status":"publish","type":"product","link":"https:\/\/tiendasamor.com\/index.php\/producto\/multiorgams-cold-cannabis\/","title":{"rendered":"Multiorgams Cold Cannabis"},"content":{"rendered":"<p>Lubricante en gel a base de Cannabis con sensaci\u00f3n fr\u00eda y efecto estrechante te ofrece una mayor sensibilidad que te ayudar\u00e1 a conseguir m\u00e1s placer en las relaciones sexuales y te proporciona mejor ajuste en la penetraci\u00f3n para que \u00e9l disfrute m\u00e1s de ti.<\/p>\n<p>Modo de uso: Aplicar dentro de la vagina, en el cl\u00edtoris y pezones, dejar actuar de 10 a 15 minutos antes de la relaci\u00f3n para un excelente efecto.<\/p>\n<ul>\n<li>Cantidad: 5 Gramos.<\/li>\n<\/ul>\n<p>PRECAUCIONES: No es un anticonceptivo. No contiene espermicidas. Si presenta irritaci\u00f3n suspenda su uso y consulte a su m\u00e9dico. Mant\u00e9ngase en un lugar fresco y seco, fuera del alcance de los ni\u00f1os. Producto s\u00f3lo para adultos.<\/p>\n","protected":false},"excerpt":{"rendered":"<p>Lubricante en gel a base de Cannabis con sensaci\u00f3n fr\u00eda y efecto estrechante te ofrece una mayor sensibilidad que te ayudar\u00e1 a conseguir m\u00e1s placer en las relaciones sexuales y te proporciona mejor ajuste en la penetraci\u00f3n para que \u00e9l disfrute m\u00e1s de ti. Modo de uso: Aplicar dentro de la vagina, en el cl\u00edtoris [&hellip;]<\/p>\n","protected":false},"featured_media":2943,"comment_status":"open","ping_status":"closed","template":"","meta":[],"product_brand":[],"product_cat":[64],"product_tag":[],"class_list":{"0":"post-2942","1":"product","2":"type-product","3":"status-publish","4":"has-post-thumbnail","6":"product_cat-excitantes","8":"first","9":"instock","10":"shipping-taxable","11":"purchasable","12":"product-type-simple"},"_links":{"self":[{"href":"https:\/\/tiendasamor.com\/index.php\/wp-json\/wp\/v2\/product\/2942","targetHints":{"allow":["GET"]}}],"collection":[{"href":"https:\/\/tiendasamor.com\/index.php\/wp-json\/wp\/v2\/product"}],"about":[{"href":"https:\/\/tiendasamor.com\/index.php\/wp-json\/wp\/v2\/types\/product"}],"replies":[{"embeddable":true,"href":"https:\/\/tiendasamor.com\/index.php\/wp-json\/wp\/v2\/comments?post=2942"}],"wp:featuredmedia":[{"embeddable":true,"href":"https:\/\/tiendasamor.com\/index.php\/wp-json\/wp\/v2\/media\/2943"}],"wp:attachment":[{"href":"https:\/\/tiendasamor.com\/index.php\/wp-json\/wp\/v2\/media?parent=2942"}],"wp:term":[{"taxonomy":"product_brand","embeddable":true,"href":"https:\/\/tiendasamor.com\/index.php\/wp-json\/wp\/v2\/product_brand?post=2942"},{"taxonomy":"product_cat","embeddable":true,"href":"https:\/\/tiendasamor.com\/index.php\/wp-json\/wp\/v2\/product_cat?post=2942"},{"taxonomy":"product_tag","embeddable":true,"href":"https:\/\/tiendasamor.com\/index.php\/wp-json\/wp\/v2\/product_tag?post=2942"}],"curies":[{"name":"wp","href":"https:\/\/api.w.org\/{rel}","templated":true}]}}