{"id":2921,"date":"2024-05-24T18:10:40","date_gmt":"2024-05-24T23:10:40","guid":{"rendered":"https:\/\/tiendasamor.com\/?post_type=product&#038;p=2921"},"modified":"2024-05-24T18:10:40","modified_gmt":"2024-05-24T23:10:40","slug":"magic-fugu-con-app-a-distancia","status":"publish","type":"product","link":"https:\/\/tiendasamor.com\/index.php\/producto\/magic-fugu-con-app-a-distancia\/","title":{"rendered":"Magic Fugu Con App  a Distancia"},"content":{"rendered":"<p>Magic Fugu es lo nuevo en vibradores con app, su poderosa vibraci\u00f3n es perfecto para aquellos deseos fuera de control que quieres cumplir, te sorprender\u00e1 el nivel de vibraci\u00f3n que puedas sentir con solo manipularlo mediante la app que la puedes descargar de manera gratuita a tu celular, ya sea Android o Ios , con solo escanear el c\u00f3digo QR lo tendr\u00e1s listo para poder empezar la diversi\u00f3n.<\/p>\n<ul>\n<li>Material: Silicona Medica<\/li>\n<li>Largo total: 20cm<br \/>\nLargo insertable: 8cm<br \/>\nDi\u00e1metro: 4cm<br \/>\nColor: Rojo o Verde( consultar disponibilidad de colores)<br \/>\nCon APP<\/li>\n<\/ul>\n","protected":false},"excerpt":{"rendered":"<p>Magic Fugu es lo nuevo en vibradores con app, su poderosa vibraci\u00f3n es perfecto para aquellos deseos fuera de control que quieres cumplir, te sorprender\u00e1 el nivel de vibraci\u00f3n que puedas sentir con solo manipularlo mediante la app que la puedes descargar de manera gratuita a tu celular, ya sea Android o Ios , con [&hellip;]<\/p>\n","protected":false},"featured_media":2922,"comment_status":"open","ping_status":"closed","template":"","meta":[],"product_brand":[],"product_cat":[44,27],"product_tag":[],"class_list":{"0":"post-2921","1":"product","2":"type-product","3":"status-publish","4":"has-post-thumbnail","6":"product_cat-clitorales","7":"product_cat-vibradores","9":"first","10":"instock","11":"shipping-taxable","12":"purchasable","13":"product-type-simple"},"_links":{"self":[{"href":"https:\/\/tiendasamor.com\/index.php\/wp-json\/wp\/v2\/product\/2921","targetHints":{"allow":["GET"]}}],"collection":[{"href":"https:\/\/tiendasamor.com\/index.php\/wp-json\/wp\/v2\/product"}],"about":[{"href":"https:\/\/tiendasamor.com\/index.php\/wp-json\/wp\/v2\/types\/product"}],"replies":[{"embeddable":true,"href":"https:\/\/tiendasamor.com\/index.php\/wp-json\/wp\/v2\/comments?post=2921"}],"wp:featuredmedia":[{"embeddable":true,"href":"https:\/\/tiendasamor.com\/index.php\/wp-json\/wp\/v2\/media\/2922"}],"wp:attachment":[{"href":"https:\/\/tiendasamor.com\/index.php\/wp-json\/wp\/v2\/media?parent=2921"}],"wp:term":[{"taxonomy":"product_brand","embeddable":true,"href":"https:\/\/tiendasamor.com\/index.php\/wp-json\/wp\/v2\/product_brand?post=2921"},{"taxonomy":"product_cat","embeddable":true,"href":"https:\/\/tiendasamor.com\/index.php\/wp-json\/wp\/v2\/product_cat?post=2921"},{"taxonomy":"product_tag","embeddable":true,"href":"https:\/\/tiendasamor.com\/index.php\/wp-json\/wp\/v2\/product_tag?post=2921"}],"curies":[{"name":"wp","href":"https:\/\/api.w.org\/{rel}","templated":true}]}}