{"id":2918,"date":"2024-05-24T18:03:08","date_gmt":"2024-05-24T23:03:08","guid":{"rendered":"https:\/\/tiendasamor.com\/?post_type=product&#038;p=2918"},"modified":"2024-05-24T18:03:08","modified_gmt":"2024-05-24T23:03:08","slug":"okenys-gel-reductor-multiorgasmico","status":"publish","type":"product","link":"https:\/\/tiendasamor.com\/index.php\/producto\/okenys-gel-reductor-multiorgasmico\/","title":{"rendered":"Okenys Gel Reductor Multiorgasmico"},"content":{"rendered":"<p><strong>\u00bfCOMO FUNCIONA?<\/strong><\/p>\n<p>Este producto puede ayudarte a sentirte deseable nuevamente en el dormitorio. Nuestros clientes reportan un endurecimiento notable y un gran aumento en el disfrute sexual para ellos y sus parejas.<\/p>\n<p>Muchos factores pueden hacer que la vagina se sienta menos apretada con el tiempo, al aumentar regularmente el flujo de sangre a las paredes vaginales, el tejido se hincha y se siente m\u00e1s apretado.<\/p>\n<p>Hidratar el tejido tambi\u00e9n puede aumentar las sensaciones que sientes durante las actividades sexuales.<\/p>\n<p>Tambi\u00e9n puede introducir este gel en el tiempo de juego con su pareja, ya que agrega humedad y lubricaci\u00f3n para mejorar a\u00fan m\u00e1s su experiencia sexual.<\/p>\n<p><strong>C\u00d3MO UTILIZAR:<\/strong><\/p>\n<p>Como cada cuerpo humano es diferente, los resultados variar\u00e1n de persona a persona. Dicho esto, este producto ha ayudado a miles de mujeres en todo el mundo.<\/p>\n<p>Para obtener los mejores resultados, simplemente siga estos sencillos pasos:<\/p>\n<p>* L\u00e1vese las manos y el \u00e1rea vaginal antes de usar.<br \/>\n* Aplique una peque\u00f1a cantidad de gel en el tejido vaginal y los labios, masajee hasta que se absorba.<br \/>\n* Puede utilizar este gel antes del coito y\/o como producto tensor diario.<br \/>\n* Disfruta de un placer m\u00e1s intenso y de sentirte m\u00e1s cerca de tu pareja.<\/p>\n<p><strong>\u00bfQU\u00c9 PUEDO ESPERAR DE ESTE PRODUCTO?<\/strong><\/p>\n<p>Puede esperar un momento \u00edntimo con su pareja donde puede acercarse y disfrutar de todas las sensaciones.<\/p>\n<p><strong>Adem\u00e1s, este producto puede:<\/strong><\/p>\n<p>* Restaura, Rejuvenece Tu Vagina.<br \/>\n* Hidrata las Paredes Vaginales.<br \/>\n* Tonificar y apretar.<br \/>\n* Ayudarte a sentirte m\u00e1s sexy.<br \/>\n* \u00a1Mejora tu vida sexual y la relaci\u00f3n con tu pareja hoy!.<\/p>\n<p>&nbsp;<\/p>\n","protected":false},"excerpt":{"rendered":"<p>\u00bfCOMO FUNCIONA? Este producto puede ayudarte a sentirte deseable nuevamente en el dormitorio. Nuestros clientes reportan un endurecimiento notable y un gran aumento en el disfrute sexual para ellos y sus parejas. Muchos factores pueden hacer que la vagina se sienta menos apretada con el tiempo, al aumentar regularmente el flujo de sangre a las [&hellip;]<\/p>\n","protected":false},"featured_media":2919,"comment_status":"open","ping_status":"closed","template":"","meta":[],"product_brand":[],"product_cat":[64],"product_tag":[],"class_list":{"0":"post-2918","1":"product","2":"type-product","3":"status-publish","4":"has-post-thumbnail","6":"product_cat-excitantes","8":"first","9":"instock","10":"shipping-taxable","11":"purchasable","12":"product-type-simple"},"_links":{"self":[{"href":"https:\/\/tiendasamor.com\/index.php\/wp-json\/wp\/v2\/product\/2918","targetHints":{"allow":["GET"]}}],"collection":[{"href":"https:\/\/tiendasamor.com\/index.php\/wp-json\/wp\/v2\/product"}],"about":[{"href":"https:\/\/tiendasamor.com\/index.php\/wp-json\/wp\/v2\/types\/product"}],"replies":[{"embeddable":true,"href":"https:\/\/tiendasamor.com\/index.php\/wp-json\/wp\/v2\/comments?post=2918"}],"wp:featuredmedia":[{"embeddable":true,"href":"https:\/\/tiendasamor.com\/index.php\/wp-json\/wp\/v2\/media\/2919"}],"wp:attachment":[{"href":"https:\/\/tiendasamor.com\/index.php\/wp-json\/wp\/v2\/media?parent=2918"}],"wp:term":[{"taxonomy":"product_brand","embeddable":true,"href":"https:\/\/tiendasamor.com\/index.php\/wp-json\/wp\/v2\/product_brand?post=2918"},{"taxonomy":"product_cat","embeddable":true,"href":"https:\/\/tiendasamor.com\/index.php\/wp-json\/wp\/v2\/product_cat?post=2918"},{"taxonomy":"product_tag","embeddable":true,"href":"https:\/\/tiendasamor.com\/index.php\/wp-json\/wp\/v2\/product_tag?post=2918"}],"curies":[{"name":"wp","href":"https:\/\/api.w.org\/{rel}","templated":true}]}}