{"id":2870,"date":"2024-05-22T18:05:49","date_gmt":"2024-05-22T23:05:49","guid":{"rendered":"https:\/\/tiendasamor.com\/?post_type=product&#038;p=2870"},"modified":"2024-05-22T18:26:33","modified_gmt":"2024-05-22T23:26:33","slug":"prudence-gel-sabores-chicle-100g","status":"publish","type":"product","link":"https:\/\/tiendasamor.com\/index.php\/producto\/prudence-gel-sabores-chicle-100g\/","title":{"rendered":"Prudence Gel Sabores Chicle 100g"},"content":{"rendered":"<p>Prudence gel sabor a chicle. est\u00e1n especialmente formulados para promover la lubricaci\u00f3n sexual o para el masaje corporal. A base de agua, ideal para uso con preservativos, proporciona una lubricaci\u00f3n similar a la natural. Sin grasa , transparente , no mancha la ropa.<\/p>\n<ul>\n<li>Sabor y Aroma natural.<\/li>\n<li>Gel transparente. Sin grasa<\/li>\n<li>Tubo de 100gr<\/li>\n<\/ul>\n","protected":false},"excerpt":{"rendered":"<p>Prudence gel sabor a chicle. est\u00e1n especialmente formulados para promover la lubricaci\u00f3n sexual o para el masaje corporal. A base de agua, ideal para uso con preservativos, proporciona una lubricaci\u00f3n similar a la natural. Sin grasa , transparente , no mancha la ropa. Sabor y Aroma natural. Gel transparente. Sin grasa Tubo de 100gr<\/p>\n","protected":false},"featured_media":2871,"comment_status":"open","ping_status":"closed","template":"","meta":[],"product_brand":[],"product_cat":[23],"product_tag":[],"class_list":{"0":"post-2870","1":"product","2":"type-product","3":"status-publish","4":"has-post-thumbnail","6":"product_cat-lubricantes","8":"first","9":"instock","10":"shipping-taxable","11":"purchasable","12":"product-type-simple"},"_links":{"self":[{"href":"https:\/\/tiendasamor.com\/index.php\/wp-json\/wp\/v2\/product\/2870","targetHints":{"allow":["GET"]}}],"collection":[{"href":"https:\/\/tiendasamor.com\/index.php\/wp-json\/wp\/v2\/product"}],"about":[{"href":"https:\/\/tiendasamor.com\/index.php\/wp-json\/wp\/v2\/types\/product"}],"replies":[{"embeddable":true,"href":"https:\/\/tiendasamor.com\/index.php\/wp-json\/wp\/v2\/comments?post=2870"}],"wp:featuredmedia":[{"embeddable":true,"href":"https:\/\/tiendasamor.com\/index.php\/wp-json\/wp\/v2\/media\/2871"}],"wp:attachment":[{"href":"https:\/\/tiendasamor.com\/index.php\/wp-json\/wp\/v2\/media?parent=2870"}],"wp:term":[{"taxonomy":"product_brand","embeddable":true,"href":"https:\/\/tiendasamor.com\/index.php\/wp-json\/wp\/v2\/product_brand?post=2870"},{"taxonomy":"product_cat","embeddable":true,"href":"https:\/\/tiendasamor.com\/index.php\/wp-json\/wp\/v2\/product_cat?post=2870"},{"taxonomy":"product_tag","embeddable":true,"href":"https:\/\/tiendasamor.com\/index.php\/wp-json\/wp\/v2\/product_tag?post=2870"}],"curies":[{"name":"wp","href":"https:\/\/api.w.org\/{rel}","templated":true}]}}