{"id":2867,"date":"2024-05-22T18:00:56","date_gmt":"2024-05-22T23:00:56","guid":{"rendered":"https:\/\/tiendasamor.com\/?post_type=product&#038;p=2867"},"modified":"2024-05-22T18:27:04","modified_gmt":"2024-05-22T23:27:04","slug":"prudence-gel-sabores-menta-100gr","status":"publish","type":"product","link":"https:\/\/tiendasamor.com\/index.php\/producto\/prudence-gel-sabores-menta-100gr\/","title":{"rendered":"Prudence Gel Sabores Menta 100gr"},"content":{"rendered":"<p>Prudence es una marca de preservativos y geles m\u00e1s vendidos en Am\u00e9rica Latina. Con diversos sabores, aromas y textura. Descubre las sensaciones que Prudence ofrece.<\/p>\n<p><strong>Disfruta del Gel Lubricante \u00cdntimo Prudence<\/strong><\/p>\n<p>Haciendo la relaci\u00f3n sexual m\u00e1s placentera.Los geles lubricantes de la marca Prudence est\u00e1n dise\u00f1ados y formulados para promover la lubricaci\u00f3n sexual. Con base de agua, proporciona una lubricaci\u00f3n similar a la natural. Un chapuz\u00f3n de sensaciones y placer con Prudence.<\/p>\n","protected":false},"excerpt":{"rendered":"<p>Prudence es una marca de preservativos y geles m\u00e1s vendidos en Am\u00e9rica Latina. Con diversos sabores, aromas y textura. Descubre las sensaciones que Prudence ofrece. Disfruta del Gel Lubricante \u00cdntimo Prudence Haciendo la relaci\u00f3n sexual m\u00e1s placentera.Los geles lubricantes de la marca Prudence est\u00e1n dise\u00f1ados y formulados para promover la lubricaci\u00f3n sexual. Con base de [&hellip;]<\/p>\n","protected":false},"featured_media":2868,"comment_status":"open","ping_status":"closed","template":"","meta":[],"product_brand":[],"product_cat":[23],"product_tag":[],"class_list":{"0":"post-2867","1":"product","2":"type-product","3":"status-publish","4":"has-post-thumbnail","6":"product_cat-lubricantes","8":"first","9":"instock","10":"shipping-taxable","11":"purchasable","12":"product-type-simple"},"_links":{"self":[{"href":"https:\/\/tiendasamor.com\/index.php\/wp-json\/wp\/v2\/product\/2867","targetHints":{"allow":["GET"]}}],"collection":[{"href":"https:\/\/tiendasamor.com\/index.php\/wp-json\/wp\/v2\/product"}],"about":[{"href":"https:\/\/tiendasamor.com\/index.php\/wp-json\/wp\/v2\/types\/product"}],"replies":[{"embeddable":true,"href":"https:\/\/tiendasamor.com\/index.php\/wp-json\/wp\/v2\/comments?post=2867"}],"wp:featuredmedia":[{"embeddable":true,"href":"https:\/\/tiendasamor.com\/index.php\/wp-json\/wp\/v2\/media\/2868"}],"wp:attachment":[{"href":"https:\/\/tiendasamor.com\/index.php\/wp-json\/wp\/v2\/media?parent=2867"}],"wp:term":[{"taxonomy":"product_brand","embeddable":true,"href":"https:\/\/tiendasamor.com\/index.php\/wp-json\/wp\/v2\/product_brand?post=2867"},{"taxonomy":"product_cat","embeddable":true,"href":"https:\/\/tiendasamor.com\/index.php\/wp-json\/wp\/v2\/product_cat?post=2867"},{"taxonomy":"product_tag","embeddable":true,"href":"https:\/\/tiendasamor.com\/index.php\/wp-json\/wp\/v2\/product_tag?post=2867"}],"curies":[{"name":"wp","href":"https:\/\/api.w.org\/{rel}","templated":true}]}}