{"id":2858,"date":"2024-05-22T17:20:51","date_gmt":"2024-05-22T22:20:51","guid":{"rendered":"https:\/\/tiendasamor.com\/?post_type=product&#038;p=2858"},"modified":"2024-05-22T18:27:22","modified_gmt":"2024-05-22T23:27:22","slug":"gel-sabores-frutilla-100gr","status":"publish","type":"product","link":"https:\/\/tiendasamor.com\/index.php\/producto\/gel-sabores-frutilla-100gr\/","title":{"rendered":"Gel Sabores Frutilla 100gr"},"content":{"rendered":"<p>Prudence es una marca de preservativos y geles m\u00e1s vendidos en Am\u00e9rica Latina. Con diversos sabores, aromas y textura. Descubre las sensaciones que Prudence ofrece.<\/p>\n<p><strong>Disfruta del Gel Lubricante \u00cdntimo Prudence<\/strong><\/p>\n<p>Haciendo la relaci\u00f3n sexual m\u00e1s placentera.Los geles lubricantes de la marca Prudence est\u00e1n dise\u00f1ados y formulados para promover la lubricaci\u00f3n sexual. Con base de agua, proporciona una lubricaci\u00f3n similar a la natural. Un chapuz\u00f3n de sensaciones y placer con Prudence.<\/p>\n<p>Si presenta irritaci\u00f3n cut\u00e1nea el uso debe ser interrumpido. Si los s\u00edntomas persisten, consulte a su m\u00e9dico.<\/p>\n<p>Destape el producto debe tener el sello de fabrica. Rompa y vuelva a tapar. Aplique directo a la piel. Puede ser utilizado con el preservativo.<\/p>\n<p>PROPILENOGLICOL, GLICERINA, HIDROXIETILCELULOSA, BENZOATO DE SODIO, POLISORBATO 20, DIS\u00d3DICO EDTA, AGUA DESIONIZADA, \u00c1CIDO L\u00c1TICO, SABOR Y AROMA FRUTILLA, EXTRACTO DE STEVIA<\/p>\n<ul>\n<li>Sabor y Aroma natural.<\/li>\n<li>Gel transparente. Sin grasa<\/li>\n<li>Tubo de 100gr<\/li>\n<\/ul>\n","protected":false},"excerpt":{"rendered":"<p>Prudence es una marca de preservativos y geles m\u00e1s vendidos en Am\u00e9rica Latina. Con diversos sabores, aromas y textura. Descubre las sensaciones que Prudence ofrece. Disfruta del Gel Lubricante \u00cdntimo Prudence Haciendo la relaci\u00f3n sexual m\u00e1s placentera.Los geles lubricantes de la marca Prudence est\u00e1n dise\u00f1ados y formulados para promover la lubricaci\u00f3n sexual. Con base de [&hellip;]<\/p>\n","protected":false},"featured_media":2859,"comment_status":"open","ping_status":"closed","template":"","meta":[],"product_brand":[],"product_cat":[23],"product_tag":[],"class_list":{"0":"post-2858","1":"product","2":"type-product","3":"status-publish","4":"has-post-thumbnail","6":"product_cat-lubricantes","8":"first","9":"instock","10":"shipping-taxable","11":"purchasable","12":"product-type-simple"},"_links":{"self":[{"href":"https:\/\/tiendasamor.com\/index.php\/wp-json\/wp\/v2\/product\/2858","targetHints":{"allow":["GET"]}}],"collection":[{"href":"https:\/\/tiendasamor.com\/index.php\/wp-json\/wp\/v2\/product"}],"about":[{"href":"https:\/\/tiendasamor.com\/index.php\/wp-json\/wp\/v2\/types\/product"}],"replies":[{"embeddable":true,"href":"https:\/\/tiendasamor.com\/index.php\/wp-json\/wp\/v2\/comments?post=2858"}],"wp:featuredmedia":[{"embeddable":true,"href":"https:\/\/tiendasamor.com\/index.php\/wp-json\/wp\/v2\/media\/2859"}],"wp:attachment":[{"href":"https:\/\/tiendasamor.com\/index.php\/wp-json\/wp\/v2\/media?parent=2858"}],"wp:term":[{"taxonomy":"product_brand","embeddable":true,"href":"https:\/\/tiendasamor.com\/index.php\/wp-json\/wp\/v2\/product_brand?post=2858"},{"taxonomy":"product_cat","embeddable":true,"href":"https:\/\/tiendasamor.com\/index.php\/wp-json\/wp\/v2\/product_cat?post=2858"},{"taxonomy":"product_tag","embeddable":true,"href":"https:\/\/tiendasamor.com\/index.php\/wp-json\/wp\/v2\/product_tag?post=2858"}],"curies":[{"name":"wp","href":"https:\/\/api.w.org\/{rel}","templated":true}]}}