{"id":2846,"date":"2024-05-20T19:56:38","date_gmt":"2024-05-21T00:56:38","guid":{"rendered":"https:\/\/tiendasamor.com\/?post_type=product&#038;p=2846"},"modified":"2024-05-20T19:56:38","modified_gmt":"2024-05-21T00:56:38","slug":"feromona-lure-unisex","status":"publish","type":"product","link":"https:\/\/tiendasamor.com\/index.php\/producto\/feromona-lure-unisex\/","title":{"rendered":"Feromona Lure Unisex"},"content":{"rendered":"<p>FEROMONA LURE UNISEX<\/p>\n<p>Despertar el deseo del sexo opuesto es uno de los principales impulsos de nuestra naturaleza. Por eso dedicamos tantas horas al mes a elegir la ropa que llevamos, a modificar la apariencia de nuestra piel, de nuestra fisionom\u00eda o, incluso, a las decisiones que tomamos.<\/p>\n<p>Pero, \u00bfsab\u00edas que atraer al sexo opuesto puede ser una mera cuesti\u00f3n de olfato?Las feromonas humanas del sexo son sustancias qu\u00edmicas naturales que el cuerpo exhala, y aunque aparentemente no tienen olor, provocan reacciones en el otro a trav\u00e9s del olfato. Este tipo de perfumes se basan en un concentrado deferomonas humanas sintetizadas en laboratorio y sirven como aditivo cosm\u00e9tico olfativo.<\/p>\n<p>Es imprescindible que sea utilizado a diario despu\u00e9s del ba\u00f1o o la ducha, porque el agua borra su efecto.Su hallazgo apareci\u00f3 en 1986, de la mano de la doctora Winnifred Cutler, presidenta del Instituto Athena en Pennsylvania, que mostr\u00f3 su influencia de las relaciones entre hombre y mujer y su deseo sexual.<\/p>\n<p>Sus estudios concluyen que los productos qu\u00edmicos emanados por los cuerpos de los hombres<\/p>\n<p>-una mezcla de sudor, hormonas y el olor natural de la piel -pueden causar a sus parejas, del sexo femenino, ser m\u00e1s f\u00e9rtiles, tener ciclos menstruales m\u00e1s regulares y una menopausia suave. De igual manera, la doctora Cutler percibi\u00f3 que las mujeres en contacto con la esencia \u00abfemenina\u00bb de otra mujer, por ejemplo, al vivir juntas, menstr\u00faan al mismo tiempo, despu\u00e9s de transcurridos algunos meses.<\/p>\n<p>Tambi\u00e9n asegura que tal esencia aumenta el deseo para el contacto sexual, haciendo a la mujer m\u00e1s receptiva frente a su pareja masculina.Esta cient\u00edfica fue la primera persona en sintetizar las feromonas en laboratorio y embotellarlas para su venta comoperfume, prometiendo un 70 por ciento de \u00e9xito. Las bautiz\u00f3 \u00abAthena Pheromone 10X\u00bb, para hombres, y \u00abAthena Pheromone 10:13\u00bb, para mujeres.<\/p>\n<p>\u00bfC\u00f3mo funcionan?<\/p>\n<p>Las feromonas en perfume se usan como una fragancia normal, aplicadas en el cuello y en las mu\u00f1ecas hacen que tengas un olor determinado. Los olores naturales de las feromonas son captados por el\u00a0\u00f3rgano vomeronasal\u00a0u\u00a0\u00f3rgano de Jacobson, que transforman los olores en emociones y deseos.<\/p>\n<p>Al tratarse de un compuesto qu\u00edmico generado de forma natural por las gl\u00e1ndulas sudor\u00edparas, las feromonas son totalmente seguras. Los\u00a0perfumes\u00a0con feromonas son id\u00e9nticos a cualquier fragancia que puedas encontrar en el mercado, salvo que se le a\u00f1ade el componente instintivo primario para favorecer las relaciones.<\/p>\n<ul class=\"a-unordered-list a-vertical a-spacing-mini\">\n<li><span class=\"a-list-item\">Perfume UNISEX con feromonas que se mezcla con la qu\u00edmica de tu cuerpo para crear tu propio aroma \u00fanico y sexy.<\/span><\/li>\n<li><span class=\"a-list-item\">La fragancia de feromona LURE UNISEX cautiva los sentidos con un deseo irresistible<\/span><\/li>\n<li><span class=\"a-list-item\">A\u00f1ade una fragancia sexy de larga duraci\u00f3n a la piel\u00a0<\/span><\/li>\n<li><span class=\"a-list-item\">Mejora eficazmente el atractivo sexual.<\/span><\/li>\n<li>Seduce Atrae ENAMORA<\/li>\n<li>29.5 ML<\/li>\n<\/ul>\n","protected":false},"excerpt":{"rendered":"<p>FEROMONA LURE UNISEX Despertar el deseo del sexo opuesto es uno de los principales impulsos de nuestra naturaleza. Por eso dedicamos tantas horas al mes a elegir la ropa que llevamos, a modificar la apariencia de nuestra piel, de nuestra fisionom\u00eda o, incluso, a las decisiones que tomamos. Pero, \u00bfsab\u00edas que atraer al sexo opuesto [&hellip;]<\/p>\n","protected":false},"featured_media":2847,"comment_status":"open","ping_status":"closed","template":"","meta":[],"product_brand":[],"product_cat":[64],"product_tag":[],"class_list":{"0":"post-2846","1":"product","2":"type-product","3":"status-publish","4":"has-post-thumbnail","6":"product_cat-excitantes","8":"first","9":"instock","10":"shipping-taxable","11":"purchasable","12":"product-type-simple"},"_links":{"self":[{"href":"https:\/\/tiendasamor.com\/index.php\/wp-json\/wp\/v2\/product\/2846","targetHints":{"allow":["GET"]}}],"collection":[{"href":"https:\/\/tiendasamor.com\/index.php\/wp-json\/wp\/v2\/product"}],"about":[{"href":"https:\/\/tiendasamor.com\/index.php\/wp-json\/wp\/v2\/types\/product"}],"replies":[{"embeddable":true,"href":"https:\/\/tiendasamor.com\/index.php\/wp-json\/wp\/v2\/comments?post=2846"}],"wp:featuredmedia":[{"embeddable":true,"href":"https:\/\/tiendasamor.com\/index.php\/wp-json\/wp\/v2\/media\/2847"}],"wp:attachment":[{"href":"https:\/\/tiendasamor.com\/index.php\/wp-json\/wp\/v2\/media?parent=2846"}],"wp:term":[{"taxonomy":"product_brand","embeddable":true,"href":"https:\/\/tiendasamor.com\/index.php\/wp-json\/wp\/v2\/product_brand?post=2846"},{"taxonomy":"product_cat","embeddable":true,"href":"https:\/\/tiendasamor.com\/index.php\/wp-json\/wp\/v2\/product_cat?post=2846"},{"taxonomy":"product_tag","embeddable":true,"href":"https:\/\/tiendasamor.com\/index.php\/wp-json\/wp\/v2\/product_tag?post=2846"}],"curies":[{"name":"wp","href":"https:\/\/api.w.org\/{rel}","templated":true}]}}