{"id":2812,"date":"2024-05-20T18:05:15","date_gmt":"2024-05-20T23:05:15","guid":{"rendered":"https:\/\/tiendasamor.com\/?post_type=product&#038;p=2812"},"modified":"2024-05-20T18:05:15","modified_gmt":"2024-05-20T23:05:15","slug":"naturally-yours-fantasy-vibe-2","status":"publish","type":"product","link":"https:\/\/tiendasamor.com\/index.php\/producto\/naturally-yours-fantasy-vibe-2\/","title":{"rendered":"Naturally Yours Fantasy Vibe"},"content":{"rendered":"<pre id=\"tw-target-text\" class=\"tw-data-text tw-text-large tw-ta\" dir=\"ltr\" data-placeholder=\"Traducci\u00f3n\" aria-label=\"Texto traducido\" data-ved=\"2ahUKEwi116CkqJ2GAxV5qZUCHd6mC_wQ3ewLegQICRAU\"><span class=\"Y2IQFc\" lang=\"es\">El vibrador de pene realista est\u00e1 hecho a mano con materiales estadounidenses de la m\u00e1s alta calidad. El vibrador se siente incre\u00edblemente realista y se garantiza la seguridad del producto. Suave y flexible, el ambiente de fantas\u00eda es un producto bonito. Con un atractivo embalaje. \r\nEste producto seguramente volar\u00e1 de sus estantes. La bala vibratoria est\u00e1 perfectamente posicionada para una m\u00e1xima estimulaci\u00f3n. Tenga en cuenta que la bala vibradora est\u00e1 ubicada en el medio del eje para una estimulaci\u00f3n profunda. El juguete sexual tiene una tapa de control de potencia con parte inferior giratoria. Elija entre suave y salvaje. El ambiente de fantas\u00eda requiere \r\n2 pilas AA no incluidas. Resistente al agua para jugar fuera del dormitorio.\r\n El vibrador de gelatina para pene extralargo de 8,5 pulgadas tiene potentes velocidades de vibraci\u00f3n m\u00faltiples. Fabricado con materiales libres de ftalatos, no t\u00f3xicos, resina termopl\u00e1stica, eje TPR, tapa de pl\u00e1stico abs. \r\n\r\n<\/span><\/pre>\n","protected":false},"excerpt":{"rendered":"<p>El vibrador de pene realista est\u00e1 hecho a mano con materiales estadounidenses de la m\u00e1s alta calidad. El vibrador se siente incre\u00edblemente realista y se garantiza la seguridad del producto. Suave y flexible, el ambiente de fantas\u00eda es un producto bonito. Con un atractivo embalaje. Este producto seguramente volar\u00e1 de sus estantes. La bala vibratoria [&hellip;]<\/p>\n","protected":false},"featured_media":2814,"comment_status":"open","ping_status":"closed","template":"","meta":[],"product_brand":[],"product_cat":[27],"product_tag":[],"class_list":{"0":"post-2812","1":"product","2":"type-product","3":"status-publish","4":"has-post-thumbnail","6":"product_cat-vibradores","8":"first","9":"instock","10":"shipping-taxable","11":"purchasable","12":"product-type-simple"},"_links":{"self":[{"href":"https:\/\/tiendasamor.com\/index.php\/wp-json\/wp\/v2\/product\/2812","targetHints":{"allow":["GET"]}}],"collection":[{"href":"https:\/\/tiendasamor.com\/index.php\/wp-json\/wp\/v2\/product"}],"about":[{"href":"https:\/\/tiendasamor.com\/index.php\/wp-json\/wp\/v2\/types\/product"}],"replies":[{"embeddable":true,"href":"https:\/\/tiendasamor.com\/index.php\/wp-json\/wp\/v2\/comments?post=2812"}],"wp:featuredmedia":[{"embeddable":true,"href":"https:\/\/tiendasamor.com\/index.php\/wp-json\/wp\/v2\/media\/2814"}],"wp:attachment":[{"href":"https:\/\/tiendasamor.com\/index.php\/wp-json\/wp\/v2\/media?parent=2812"}],"wp:term":[{"taxonomy":"product_brand","embeddable":true,"href":"https:\/\/tiendasamor.com\/index.php\/wp-json\/wp\/v2\/product_brand?post=2812"},{"taxonomy":"product_cat","embeddable":true,"href":"https:\/\/tiendasamor.com\/index.php\/wp-json\/wp\/v2\/product_cat?post=2812"},{"taxonomy":"product_tag","embeddable":true,"href":"https:\/\/tiendasamor.com\/index.php\/wp-json\/wp\/v2\/product_tag?post=2812"}],"curies":[{"name":"wp","href":"https:\/\/api.w.org\/{rel}","templated":true}]}}