{"id":2808,"date":"2024-05-20T15:56:01","date_gmt":"2024-05-20T20:56:01","guid":{"rendered":"https:\/\/tiendasamor.com\/?post_type=product&#038;p=2808"},"modified":"2024-05-20T15:56:01","modified_gmt":"2024-05-20T20:56:01","slug":"cryastal-dildo-climbing-rabbit-vibe","status":"publish","type":"product","link":"https:\/\/tiendasamor.com\/index.php\/producto\/cryastal-dildo-climbing-rabbit-vibe\/","title":{"rendered":"Cryastal Dildo Climbing Rabbit Vibe"},"content":{"rendered":"<p>Este vibrador es uno de los preferidos por nuestro clientes por su doble estimulaci\u00f3n, su motor en la punta dar\u00e1 una sensaci\u00f3n \u00fanica para llegar r\u00e1pidamente al orgasmo, mientras que el estimulador de cl\u00edtoris simplemente te har\u00e1 volar. No olvides limpiarlo siempre antes y despu\u00e9s de cada uso para que tu jueguete te dure una larga temporada!<\/p>\n<ul>\n<li>Material: Jelly<br \/>\nDos motores vibradores<br \/>\nFuente de energ\u00eda: 2 pilas AA<br \/>\nOrgasmos m\u00faltiples garantizado<br \/>\nLargo del vibrador: 18 cm<\/li>\n<li>Insertable: 13cm<\/li>\n<li>Ancho: 3 cm<br \/>\nLargo de conejo: 5 cm<\/li>\n<\/ul>\n","protected":false},"excerpt":{"rendered":"<p>Este vibrador es uno de los preferidos por nuestro clientes por su doble estimulaci\u00f3n, su motor en la punta dar\u00e1 una sensaci\u00f3n \u00fanica para llegar r\u00e1pidamente al orgasmo, mientras que el estimulador de cl\u00edtoris simplemente te har\u00e1 volar. No olvides limpiarlo siempre antes y despu\u00e9s de cada uso para que tu jueguete te dure una [&hellip;]<\/p>\n","protected":false},"featured_media":2809,"comment_status":"open","ping_status":"closed","template":"","meta":[],"product_brand":[],"product_cat":[27],"product_tag":[],"class_list":{"0":"post-2808","1":"product","2":"type-product","3":"status-publish","4":"has-post-thumbnail","6":"product_cat-vibradores","8":"first","9":"instock","10":"shipping-taxable","11":"purchasable","12":"product-type-simple"},"_links":{"self":[{"href":"https:\/\/tiendasamor.com\/index.php\/wp-json\/wp\/v2\/product\/2808","targetHints":{"allow":["GET"]}}],"collection":[{"href":"https:\/\/tiendasamor.com\/index.php\/wp-json\/wp\/v2\/product"}],"about":[{"href":"https:\/\/tiendasamor.com\/index.php\/wp-json\/wp\/v2\/types\/product"}],"replies":[{"embeddable":true,"href":"https:\/\/tiendasamor.com\/index.php\/wp-json\/wp\/v2\/comments?post=2808"}],"wp:featuredmedia":[{"embeddable":true,"href":"https:\/\/tiendasamor.com\/index.php\/wp-json\/wp\/v2\/media\/2809"}],"wp:attachment":[{"href":"https:\/\/tiendasamor.com\/index.php\/wp-json\/wp\/v2\/media?parent=2808"}],"wp:term":[{"taxonomy":"product_brand","embeddable":true,"href":"https:\/\/tiendasamor.com\/index.php\/wp-json\/wp\/v2\/product_brand?post=2808"},{"taxonomy":"product_cat","embeddable":true,"href":"https:\/\/tiendasamor.com\/index.php\/wp-json\/wp\/v2\/product_cat?post=2808"},{"taxonomy":"product_tag","embeddable":true,"href":"https:\/\/tiendasamor.com\/index.php\/wp-json\/wp\/v2\/product_tag?post=2808"}],"curies":[{"name":"wp","href":"https:\/\/api.w.org\/{rel}","templated":true}]}}