{"id":2803,"date":"2024-05-20T15:46:16","date_gmt":"2024-05-20T20:46:16","guid":{"rendered":"https:\/\/tiendasamor.com\/?post_type=product&#038;p=2803"},"modified":"2024-05-20T15:49:43","modified_gmt":"2024-05-20T20:49:43","slug":"b-yours-vibe-14","status":"publish","type":"product","link":"https:\/\/tiendasamor.com\/index.php\/producto\/b-yours-vibe-14\/","title":{"rendered":"B Yours Vibe 14"},"content":{"rendered":"<p>Blush Novelties B Yours Vibe # 14 es un vibrador realista de 8 pulgadas con un eje veteado para una apariencia y sensaci\u00f3n realistas. La base del dial giratorio es resistente al agua para la ducha y el ba\u00f1o. Creado para el usuario consciente del valor. Vibe # 14 est\u00e1 hecho de PVC sin ftalatos y seguro para el cuerpo.<\/p>\n<p>Largo:20cm Insertable:17cm Ancho: 4.5cm Requiere 2 AA<\/p>\n","protected":false},"excerpt":{"rendered":"<p>Blush Novelties B Yours Vibe # 14 es un vibrador realista de 8 pulgadas con un eje veteado para una apariencia y sensaci\u00f3n realistas. La base del dial giratorio es resistente al agua para la ducha y el ba\u00f1o. Creado para el usuario consciente del valor. Vibe # 14 est\u00e1 hecho de PVC sin ftalatos [&hellip;]<\/p>\n","protected":false},"featured_media":2807,"comment_status":"open","ping_status":"closed","template":"","meta":[],"product_brand":[],"product_cat":[27],"product_tag":[],"class_list":{"0":"post-2803","1":"product","2":"type-product","3":"status-publish","4":"has-post-thumbnail","6":"product_cat-vibradores","8":"first","9":"instock","10":"shipping-taxable","11":"purchasable","12":"product-type-simple"},"_links":{"self":[{"href":"https:\/\/tiendasamor.com\/index.php\/wp-json\/wp\/v2\/product\/2803","targetHints":{"allow":["GET"]}}],"collection":[{"href":"https:\/\/tiendasamor.com\/index.php\/wp-json\/wp\/v2\/product"}],"about":[{"href":"https:\/\/tiendasamor.com\/index.php\/wp-json\/wp\/v2\/types\/product"}],"replies":[{"embeddable":true,"href":"https:\/\/tiendasamor.com\/index.php\/wp-json\/wp\/v2\/comments?post=2803"}],"wp:featuredmedia":[{"embeddable":true,"href":"https:\/\/tiendasamor.com\/index.php\/wp-json\/wp\/v2\/media\/2807"}],"wp:attachment":[{"href":"https:\/\/tiendasamor.com\/index.php\/wp-json\/wp\/v2\/media?parent=2803"}],"wp:term":[{"taxonomy":"product_brand","embeddable":true,"href":"https:\/\/tiendasamor.com\/index.php\/wp-json\/wp\/v2\/product_brand?post=2803"},{"taxonomy":"product_cat","embeddable":true,"href":"https:\/\/tiendasamor.com\/index.php\/wp-json\/wp\/v2\/product_cat?post=2803"},{"taxonomy":"product_tag","embeddable":true,"href":"https:\/\/tiendasamor.com\/index.php\/wp-json\/wp\/v2\/product_tag?post=2803"}],"curies":[{"name":"wp","href":"https:\/\/api.w.org\/{rel}","templated":true}]}}