{"id":2792,"date":"2024-05-20T13:14:57","date_gmt":"2024-05-20T18:14:57","guid":{"rendered":"https:\/\/tiendasamor.com\/?post_type=product&#038;p=2792"},"modified":"2024-05-20T13:14:57","modified_gmt":"2024-05-20T18:14:57","slug":"naturally-yours-fantasy-vibe","status":"publish","type":"product","link":"https:\/\/tiendasamor.com\/index.php\/producto\/naturally-yours-fantasy-vibe\/","title":{"rendered":"Naturally Yours Fantasy Vibe"},"content":{"rendered":"<p>\u00a1este vibrador poderoso y flexible har\u00e1 el truco para tus lugares de placer m\u00e1s secretos! Todo lo que necesitas es un poco de imaginaci\u00f3n, vaginal o anal, solo o en pareja y jugar. Bastante mejor describe este consolador vibrador realista de 8.5 pulgadas sin ftalatos, con una bala vibradora ubicada cerca de la punta del eje para una estimulaci\u00f3n profunda. Con tecnolog\u00eda Flexishaft para un eje m\u00e1s r\u00edgido pero flexible que se adapta a su cuerpo para la m\u00e1xima comodidad y placer.<\/p>\n<p>8.5 pulgadas de largo x 7 pulgadas insertables x 2 pulgadas de ancho.<br \/>\n* Vibraciones ajustables de varias velocidades.<br \/>\n* Dise\u00f1o FlexiShaft. Eje suave, erecto pero flexible.<br \/>\n* IPX7 sumergible a prueba de agua.<br \/>\n* Hecho de TPE. No contiene fragancias, ftalatos, parafinas ni l\u00e1tex.<\/p>\n","protected":false},"excerpt":{"rendered":"<p>\u00a1este vibrador poderoso y flexible har\u00e1 el truco para tus lugares de placer m\u00e1s secretos! Todo lo que necesitas es un poco de imaginaci\u00f3n, vaginal o anal, solo o en pareja y jugar. Bastante mejor describe este consolador vibrador realista de 8.5 pulgadas sin ftalatos, con una bala vibradora ubicada cerca de la punta del [&hellip;]<\/p>\n","protected":false},"featured_media":2794,"comment_status":"open","ping_status":"closed","template":"","meta":[],"product_brand":[],"product_cat":[27],"product_tag":[],"class_list":{"0":"post-2792","1":"product","2":"type-product","3":"status-publish","4":"has-post-thumbnail","6":"product_cat-vibradores","8":"first","9":"instock","10":"shipping-taxable","11":"purchasable","12":"product-type-simple"},"_links":{"self":[{"href":"https:\/\/tiendasamor.com\/index.php\/wp-json\/wp\/v2\/product\/2792","targetHints":{"allow":["GET"]}}],"collection":[{"href":"https:\/\/tiendasamor.com\/index.php\/wp-json\/wp\/v2\/product"}],"about":[{"href":"https:\/\/tiendasamor.com\/index.php\/wp-json\/wp\/v2\/types\/product"}],"replies":[{"embeddable":true,"href":"https:\/\/tiendasamor.com\/index.php\/wp-json\/wp\/v2\/comments?post=2792"}],"wp:featuredmedia":[{"embeddable":true,"href":"https:\/\/tiendasamor.com\/index.php\/wp-json\/wp\/v2\/media\/2794"}],"wp:attachment":[{"href":"https:\/\/tiendasamor.com\/index.php\/wp-json\/wp\/v2\/media?parent=2792"}],"wp:term":[{"taxonomy":"product_brand","embeddable":true,"href":"https:\/\/tiendasamor.com\/index.php\/wp-json\/wp\/v2\/product_brand?post=2792"},{"taxonomy":"product_cat","embeddable":true,"href":"https:\/\/tiendasamor.com\/index.php\/wp-json\/wp\/v2\/product_cat?post=2792"},{"taxonomy":"product_tag","embeddable":true,"href":"https:\/\/tiendasamor.com\/index.php\/wp-json\/wp\/v2\/product_tag?post=2792"}],"curies":[{"name":"wp","href":"https:\/\/api.w.org\/{rel}","templated":true}]}}