{"id":2763,"date":"2024-05-14T19:58:57","date_gmt":"2024-05-15T00:58:57","guid":{"rendered":"https:\/\/tiendasamor.com\/?post_type=product&#038;p=2763"},"modified":"2024-05-14T22:19:07","modified_gmt":"2024-05-15T03:19:07","slug":"lidoria-love-liquid-softcapsule","status":"publish","type":"product","link":"https:\/\/tiendasamor.com\/index.php\/producto\/lidoria-love-liquid-softcapsule\/","title":{"rendered":"Lidoria Love Liquid Softcapsule"},"content":{"rendered":"<p><span>Las c\u00e1psulas para fortalecer y contraer la vagina Lidoria Tight Climax estimulan la hormona femenina, ralentizan el envejecimiento y restauran las c\u00e9lulas vaginales da\u00f1adas. La composici\u00f3n contiene prop\u00f3leo, aceite de semilla de uva, aceite de \u00e1rbol de t\u00e9 australiano, aceite esencial de menta, extracto de azafr\u00e1n, material celular, vitamina B1 y extracto de salvia miltiorrhiza.<\/span><\/p>\n<p><span>Resultado:<\/span><\/p>\n<p><span>1. Los m\u00fasculos vaginales se tensan, aumenta la elasticidad de la vagina y mejora la calidad de las relaciones sexuales.<\/span><\/p>\n<p><span>2. Se estimula la hormona femenina y se ralentiza el envejecimiento.<\/span><\/p>\n<p><span>3. Recuperar r\u00e1pidamente el tono tras el parto.<\/span><\/p>\n<p><span>4. Hidrataci\u00f3n y cuidado. Agente antiinflamatorio suave, esteriliza suavemente, elimina olores espec\u00edficos.<\/span><\/p>\n<p><span>\u00daselo antes de acostarse, por la noche mientras est\u00e1 acostado o sentado. Con el dedo \u00edndice o medio, empuje suavemente la c\u00e1psula 3-4 cm. \u00daselo una vez cada dos d\u00edas.<\/span><\/p>\n<p><span>Contraindicaciones: embarazo, lactancia, menstruaci\u00f3n.<\/span><\/p>\n<p><span>Forma de liberaci\u00f3n: 10 c\u00e1psulas blandas<\/span><\/p>\n","protected":false},"excerpt":{"rendered":"<p>Las c\u00e1psulas para fortalecer y contraer la vagina Lidoria Tight Climax estimulan la hormona femenina, ralentizan el envejecimiento y restauran las c\u00e9lulas vaginales da\u00f1adas. La composici\u00f3n contiene prop\u00f3leo, aceite de semilla de uva, aceite de \u00e1rbol de t\u00e9 australiano, aceite esencial de menta, extracto de azafr\u00e1n, material celular, vitamina B1 y extracto de salvia miltiorrhiza. [&hellip;]<\/p>\n","protected":false},"featured_media":2765,"comment_status":"open","ping_status":"closed","template":"","meta":[],"product_brand":[],"product_cat":[64],"product_tag":[],"class_list":{"0":"post-2763","1":"product","2":"type-product","3":"status-publish","4":"has-post-thumbnail","6":"product_cat-excitantes","8":"first","9":"instock","10":"shipping-taxable","11":"purchasable","12":"product-type-simple"},"_links":{"self":[{"href":"https:\/\/tiendasamor.com\/index.php\/wp-json\/wp\/v2\/product\/2763","targetHints":{"allow":["GET"]}}],"collection":[{"href":"https:\/\/tiendasamor.com\/index.php\/wp-json\/wp\/v2\/product"}],"about":[{"href":"https:\/\/tiendasamor.com\/index.php\/wp-json\/wp\/v2\/types\/product"}],"replies":[{"embeddable":true,"href":"https:\/\/tiendasamor.com\/index.php\/wp-json\/wp\/v2\/comments?post=2763"}],"wp:featuredmedia":[{"embeddable":true,"href":"https:\/\/tiendasamor.com\/index.php\/wp-json\/wp\/v2\/media\/2765"}],"wp:attachment":[{"href":"https:\/\/tiendasamor.com\/index.php\/wp-json\/wp\/v2\/media?parent=2763"}],"wp:term":[{"taxonomy":"product_brand","embeddable":true,"href":"https:\/\/tiendasamor.com\/index.php\/wp-json\/wp\/v2\/product_brand?post=2763"},{"taxonomy":"product_cat","embeddable":true,"href":"https:\/\/tiendasamor.com\/index.php\/wp-json\/wp\/v2\/product_cat?post=2763"},{"taxonomy":"product_tag","embeddable":true,"href":"https:\/\/tiendasamor.com\/index.php\/wp-json\/wp\/v2\/product_tag?post=2763"}],"curies":[{"name":"wp","href":"https:\/\/api.w.org\/{rel}","templated":true}]}}