{"id":2755,"date":"2024-05-14T19:34:45","date_gmt":"2024-05-15T00:34:45","guid":{"rendered":"https:\/\/tiendasamor.com\/?post_type=product&#038;p=2755"},"modified":"2024-05-14T19:35:30","modified_gmt":"2024-05-15T00:35:30","slug":"pro-extender","status":"publish","type":"product","link":"https:\/\/tiendasamor.com\/index.php\/producto\/pro-extender\/","title":{"rendered":"Pro Extender"},"content":{"rendered":"<h2>Dispositivo Pro Extender<\/h2>\n<p>Es un dispositivo alargador de pene que utiliza el llamado m\u00e9todo de tracci\u00f3n. Este principio consiste en estirar una zona de forma constante hasta hacer que las c\u00e9lulas que forman esa parte del cuerpo (en nuestro caso el pene) se multipliquen generando con ello un aumento del tejido.<\/p>\n<p>El dispositivo alargardor Pro Extender se compone de cuatro unidades: un anillo que rodea la base del pene, dos brazos amortiguadores con muelles sujetos a la base con tornillos para ajustar la longitud de la unidad, un soporte especial moldeado y un tubo de silicona que sujeta el glande durante la tracci\u00f3n.<\/p>\n<h2>\u00bfC\u00f3mo usar Pro Extender?<\/h2>\n<p>Primero se deben ajustar la varillas de extensi\u00f3n de forma que la longitud del dispositivo sea un poco mayor a la longitud del pene sin erecci\u00f3n pero ligeramente estirado. Despu\u00e9s debes colocar el pene dentro del dispositivo ajustando el anillo de silicona alrededor del pene y sujetando el glande.<\/p>\n<p>Una vez el dispositivo este sujeto en el pene, hay que ajustar el grado de tracci\u00f3n de las varillas met\u00e1licas, cuanto m\u00e1s se retraigan los brazos, mayor es la tracci\u00f3n.<\/p>\n<p>Es importante que no se fuerce el grado de tracci\u00f3n, es decir, no estirar demasiado el miembro ya que podr\u00eda causar alguna lesi\u00f3n.<\/p>\n<p>Despu\u00e9s de usar el Pro Extender s\u00f3lo hay que desenroscar el dispositivo para retirar el pene de forma segura.<\/p>\n<h2>\u00bfDurante cu\u00e1nto tiempo debo usar el Pro Extender?<\/h2>\n<p>En la primera semana no debe utilizarse m\u00e1s de 4 o 5 horas diarias con una fuerza de tracci\u00f3n de 900 g para que el pene se acostumbre a la presi\u00f3n y no da\u00f1e los cuerpos del miembro.<\/p>\n<p>A partir de la segunda o tercera semana de usar Pro Extender, puede empezar a usarse durante m\u00e1s tiempo de forma progresiva, hasta 12 horas al d\u00eda. Lo mejor es que puede saltarse el tratamiento durante 1 o 2 d\u00eda sin tener ning\u00fan efecto negativo posterior.<\/p>\n<h2>\u00bfCu\u00e1ndo se pueden empezar a ver los resultados?<\/h2>\n<p>La mayor\u00eda de los usuarios han obtenido los resultados deseados entre 3 y 6 meses del uso del dispositivo.<\/p>\n<p>Los m\u00e9dicos recomiendan el uso diario de Pro Extender para obtener unos mejores resultados.<\/p>\n<h2>\u00bfEs Pro Extender seguro de usar?<\/h2>\n<p>Es totalmente seguro siempre que sigas las instrucciones de uso que acompa\u00f1an al dispositivo. Adem\u00e1s Pro Extender ha sido creado con materiales de alta calidad que han sido sometidos a las normas de seguridad impuestas por Uni\u00f3n Europea, as\u00ed como aprobado por profesionales m\u00e9dicos.<\/p>\n<p>Pro Extender es un dispositivo extensor de pene perfecto para conseguir unos cent\u00edmetros de m\u00e1s en poco tiempo. Fue creado hace m\u00e1s de 15 a\u00f1os por profesionales de la cirug\u00eda peneal. Dispositivo cl\u00ednicamente probado con brillantes resultados con el que podr\u00e1s solucionar tus problemas de autoestima debido al tama\u00f1o de tu pene.<\/p>\n<ul class=\"bluetick\">\n<li>Cl\u00ednicamente probado<\/li>\n<li>Ayuda a reducir la curvatura del pene<\/li>\n<li>Ayuda a aumentar el tama\u00f1o del pene<\/li>\n<li>Aumento de la potencia en las erecciones<\/li>\n<li>Es f\u00e1cil y seguro de usar<\/li>\n<li>Indoloro y c\u00f3modo de utilizar<\/li>\n<li>Dispositivo que usa el principio de tracci\u00f3n.<\/li>\n<\/ul>\n","protected":false},"excerpt":{"rendered":"<p>Dispositivo Pro Extender Es un dispositivo alargador de pene que utiliza el llamado m\u00e9todo de tracci\u00f3n. Este principio consiste en estirar una zona de forma constante hasta hacer que las c\u00e9lulas que forman esa parte del cuerpo (en nuestro caso el pene) se multipliquen generando con ello un aumento del tejido. El dispositivo alargardor Pro [&hellip;]<\/p>\n","protected":false},"featured_media":2756,"comment_status":"open","ping_status":"closed","template":"","meta":[],"product_brand":[],"product_cat":[39],"product_tag":[],"class_list":{"0":"post-2755","1":"product","2":"type-product","3":"status-publish","4":"has-post-thumbnail","6":"product_cat-desarrolladores","8":"first","9":"instock","10":"featured","11":"shipping-taxable","12":"purchasable","13":"product-type-simple"},"_links":{"self":[{"href":"https:\/\/tiendasamor.com\/index.php\/wp-json\/wp\/v2\/product\/2755","targetHints":{"allow":["GET"]}}],"collection":[{"href":"https:\/\/tiendasamor.com\/index.php\/wp-json\/wp\/v2\/product"}],"about":[{"href":"https:\/\/tiendasamor.com\/index.php\/wp-json\/wp\/v2\/types\/product"}],"replies":[{"embeddable":true,"href":"https:\/\/tiendasamor.com\/index.php\/wp-json\/wp\/v2\/comments?post=2755"}],"wp:featuredmedia":[{"embeddable":true,"href":"https:\/\/tiendasamor.com\/index.php\/wp-json\/wp\/v2\/media\/2756"}],"wp:attachment":[{"href":"https:\/\/tiendasamor.com\/index.php\/wp-json\/wp\/v2\/media?parent=2755"}],"wp:term":[{"taxonomy":"product_brand","embeddable":true,"href":"https:\/\/tiendasamor.com\/index.php\/wp-json\/wp\/v2\/product_brand?post=2755"},{"taxonomy":"product_cat","embeddable":true,"href":"https:\/\/tiendasamor.com\/index.php\/wp-json\/wp\/v2\/product_cat?post=2755"},{"taxonomy":"product_tag","embeddable":true,"href":"https:\/\/tiendasamor.com\/index.php\/wp-json\/wp\/v2\/product_tag?post=2755"}],"curies":[{"name":"wp","href":"https:\/\/api.w.org\/{rel}","templated":true}]}}