{"id":270,"date":"2023-11-22T08:45:05","date_gmt":"2023-11-22T07:45:05","guid":{"rendered":"https:\/\/estudiowebperu.com\/ta\/?post_type=product&#038;p=270"},"modified":"2024-01-12T13:22:26","modified_gmt":"2024-01-12T18:22:26","slug":"bomba-de-succion-pump-worx","status":"publish","type":"product","link":"https:\/\/tiendasamor.com\/index.php\/producto\/bomba-de-succion-pump-worx\/","title":{"rendered":"Bomba de Succion Pump Worx"},"content":{"rendered":"<p><strong>BOMBA DE SUCCION PUMP WORX NEGRO.\u00a0<\/strong>El Power Pump para principiantes te dar\u00e1 el tama\u00f1o y confianza que siempre has so\u00f1ado, sin efectos secundarios ni da\u00f1inos. Con cada apret\u00f3n de la bola de bomba de estilo m\u00e9dico, tu vara se har\u00e1 m\u00e1s grande, m\u00e1s grueso y se hincharan de tama\u00f1o.<\/p>\n<p>* Material cilindro transparente<br \/>\n* Altura del articulo 20,7 cm<br \/>\n* Material ABS pl\u00e1stico<br \/>\n*Fabricado por pipedream<br \/>\n* Pa\u00eds de origen estados unidos<\/p>\n","protected":false},"excerpt":{"rendered":"<p>BOMBA DE SUCCION PUMP WORX NEGRO.\u00a0El Power Pump para principiantes te dar\u00e1 el tama\u00f1o y confianza que siempre has so\u00f1ado, sin efectos secundarios ni da\u00f1inos. Con cada apret\u00f3n de la bola de bomba de estilo m\u00e9dico, tu vara se har\u00e1 m\u00e1s grande, m\u00e1s grueso y se hincharan de tama\u00f1o. * Material cilindro transparente * Altura [&hellip;]<\/p>\n","protected":false},"featured_media":1852,"comment_status":"open","ping_status":"closed","template":"","meta":[],"product_brand":[],"product_cat":[38,39],"product_tag":[],"class_list":{"0":"post-270","1":"product","2":"type-product","3":"status-publish","4":"has-post-thumbnail","6":"product_cat-bomba-de-succion","7":"product_cat-desarrolladores","9":"first","10":"instock","11":"shipping-taxable","12":"purchasable","13":"product-type-simple"},"_links":{"self":[{"href":"https:\/\/tiendasamor.com\/index.php\/wp-json\/wp\/v2\/product\/270","targetHints":{"allow":["GET"]}}],"collection":[{"href":"https:\/\/tiendasamor.com\/index.php\/wp-json\/wp\/v2\/product"}],"about":[{"href":"https:\/\/tiendasamor.com\/index.php\/wp-json\/wp\/v2\/types\/product"}],"replies":[{"embeddable":true,"href":"https:\/\/tiendasamor.com\/index.php\/wp-json\/wp\/v2\/comments?post=270"}],"wp:featuredmedia":[{"embeddable":true,"href":"https:\/\/tiendasamor.com\/index.php\/wp-json\/wp\/v2\/media\/1852"}],"wp:attachment":[{"href":"https:\/\/tiendasamor.com\/index.php\/wp-json\/wp\/v2\/media?parent=270"}],"wp:term":[{"taxonomy":"product_brand","embeddable":true,"href":"https:\/\/tiendasamor.com\/index.php\/wp-json\/wp\/v2\/product_brand?post=270"},{"taxonomy":"product_cat","embeddable":true,"href":"https:\/\/tiendasamor.com\/index.php\/wp-json\/wp\/v2\/product_cat?post=270"},{"taxonomy":"product_tag","embeddable":true,"href":"https:\/\/tiendasamor.com\/index.php\/wp-json\/wp\/v2\/product_tag?post=270"}],"curies":[{"name":"wp","href":"https:\/\/api.w.org\/{rel}","templated":true}]}}