{"id":268,"date":"2023-11-22T08:43:30","date_gmt":"2023-11-22T07:43:30","guid":{"rendered":"https:\/\/estudiowebperu.com\/ta\/?post_type=product&#038;p=268"},"modified":"2023-12-07T11:58:22","modified_gmt":"2023-12-07T16:58:22","slug":"pretty-love-arvin-12-funciones","status":"publish","type":"product","link":"https:\/\/tiendasamor.com\/index.php\/producto\/pretty-love-arvin-12-funciones\/","title":{"rendered":"Pretty Love Arvin 12 funciones"},"content":{"rendered":"<p>Te dar\u00e1 sin duda un paseo inolvidable, al mismo tiempo que se introduce dentro de ti, haci\u00e9ndote sentir a\u00fan m\u00e1s profundamente sus vibraciones, masajeando tu interior.<\/p>\n<p>Dispone de 12 funciones diferentes de vibraci\u00f3n, haciendo un vibrador perfecto para ti!!<br \/>\nsilicona 100% alta calidad libre de Phalatos aprobada por la fda + abs en detalles metalizados<br \/>\ncord\u00f3n silicona f\u00e1cil extracci\u00f3n.<\/p>\n<p><strong>Medidas del huevo\u00a0<\/strong><br \/>\n7.5cm de alto<br \/>\n3.2 cm de ancho<\/p>\n","protected":false},"excerpt":{"rendered":"<p>Crystal Caribbean. Las mismas grandes formas y material de gelatina suave que conoces y amas, con un nuevo controlador de 10 funciones que te permitir\u00e1 alcanzar nuevos niveles de \u00e9xtasis con los que solo has so\u00f1ado.<\/p>\n<p>Los controles de bot\u00f3n pulsador f\u00e1ciles de usar al alcance de su mano, tendr\u00e1n que elegir entre sus placeres vibrantes favoritos, como pulsos, oleadas y el \u00faltimo chorro de monta\u00f1a rusa. Impermeable para la diversi\u00f3n dentro y fuera del agua. Utiliza 2 pilas AA no incluidas.<\/p>\n","protected":false},"featured_media":1366,"comment_status":"open","ping_status":"closed","template":"","meta":[],"product_brand":[],"product_cat":[40,44],"product_tag":[],"class_list":{"0":"post-268","1":"product","2":"type-product","3":"status-publish","4":"has-post-thumbnail","6":"product_cat-bolas-chinas","7":"product_cat-clitorales","9":"first","10":"instock","11":"shipping-taxable","12":"purchasable","13":"product-type-simple"},"_links":{"self":[{"href":"https:\/\/tiendasamor.com\/index.php\/wp-json\/wp\/v2\/product\/268","targetHints":{"allow":["GET"]}}],"collection":[{"href":"https:\/\/tiendasamor.com\/index.php\/wp-json\/wp\/v2\/product"}],"about":[{"href":"https:\/\/tiendasamor.com\/index.php\/wp-json\/wp\/v2\/types\/product"}],"replies":[{"embeddable":true,"href":"https:\/\/tiendasamor.com\/index.php\/wp-json\/wp\/v2\/comments?post=268"}],"wp:featuredmedia":[{"embeddable":true,"href":"https:\/\/tiendasamor.com\/index.php\/wp-json\/wp\/v2\/media\/1366"}],"wp:attachment":[{"href":"https:\/\/tiendasamor.com\/index.php\/wp-json\/wp\/v2\/media?parent=268"}],"wp:term":[{"taxonomy":"product_brand","embeddable":true,"href":"https:\/\/tiendasamor.com\/index.php\/wp-json\/wp\/v2\/product_brand?post=268"},{"taxonomy":"product_cat","embeddable":true,"href":"https:\/\/tiendasamor.com\/index.php\/wp-json\/wp\/v2\/product_cat?post=268"},{"taxonomy":"product_tag","embeddable":true,"href":"https:\/\/tiendasamor.com\/index.php\/wp-json\/wp\/v2\/product_tag?post=268"}],"curies":[{"name":"wp","href":"https:\/\/api.w.org\/{rel}","templated":true}]}}