{"id":2663,"date":"2024-05-06T18:19:18","date_gmt":"2024-05-06T23:19:18","guid":{"rendered":"https:\/\/tiendasamor.com\/?post_type=product&#038;p=2663"},"modified":"2024-05-14T22:19:25","modified_gmt":"2024-05-15T03:19:25","slug":"pretty-love-huevo-vibrador-mina","status":"publish","type":"product","link":"https:\/\/tiendasamor.com\/index.php\/producto\/pretty-love-huevo-vibrador-mina\/","title":{"rendered":"Pretty Love Huevo vibrador Mina"},"content":{"rendered":"<p>Un huevo suave con control remoto y 10 potentes configuraciones de vibraci\u00f3n. \u00a1Este huevo vibrador remoto de varias velocidades es perfecto para parejas o para divertirse en solitario de forma discreta o para pasarle los controles a tu pareja y tener un orgasmo en casa o en p\u00fablico, sin que nadie lo sepa y deja que te estimulen al contenido de tu coraz\u00f3n! Tambi\u00e9n tiene una pantalla LCD digital f\u00e1cil de usar que muestra la configuraci\u00f3n y el nivel de la bater\u00eda.<\/p>\n<ul>\n<li>Material: Silicona, ABS<\/li>\n<li>Recargable USB (Incluido)<\/li>\n<li>Impermeable<\/li>\n<li>10 Funciones de vibraci\u00f3n<\/li>\n<li>9 Niveles de velocidad<\/li>\n<li>Control remoto inal\u00e1mbrico<\/li>\n<li>Largo Insertable: 7.5 cm \u2013 Ancho: 3.3 cm<\/li>\n<\/ul>\n","protected":false},"excerpt":{"rendered":"<p>Un huevo suave con control remoto y 10 potentes configuraciones de vibraci\u00f3n. \u00a1Este huevo vibrador remoto de varias velocidades es perfecto para parejas o para divertirse en solitario de forma discreta o para pasarle los controles a tu pareja y tener un orgasmo en casa o en p\u00fablico, sin que nadie lo sepa y deja [&hellip;]<\/p>\n","protected":false},"featured_media":2664,"comment_status":"open","ping_status":"closed","template":"","meta":[],"product_brand":[],"product_cat":[44,27],"product_tag":[],"class_list":{"0":"post-2663","1":"product","2":"type-product","3":"status-publish","4":"has-post-thumbnail","6":"product_cat-clitorales","7":"product_cat-vibradores","9":"first","10":"instock","11":"shipping-taxable","12":"purchasable","13":"product-type-simple"},"_links":{"self":[{"href":"https:\/\/tiendasamor.com\/index.php\/wp-json\/wp\/v2\/product\/2663","targetHints":{"allow":["GET"]}}],"collection":[{"href":"https:\/\/tiendasamor.com\/index.php\/wp-json\/wp\/v2\/product"}],"about":[{"href":"https:\/\/tiendasamor.com\/index.php\/wp-json\/wp\/v2\/types\/product"}],"replies":[{"embeddable":true,"href":"https:\/\/tiendasamor.com\/index.php\/wp-json\/wp\/v2\/comments?post=2663"}],"wp:featuredmedia":[{"embeddable":true,"href":"https:\/\/tiendasamor.com\/index.php\/wp-json\/wp\/v2\/media\/2664"}],"wp:attachment":[{"href":"https:\/\/tiendasamor.com\/index.php\/wp-json\/wp\/v2\/media?parent=2663"}],"wp:term":[{"taxonomy":"product_brand","embeddable":true,"href":"https:\/\/tiendasamor.com\/index.php\/wp-json\/wp\/v2\/product_brand?post=2663"},{"taxonomy":"product_cat","embeddable":true,"href":"https:\/\/tiendasamor.com\/index.php\/wp-json\/wp\/v2\/product_cat?post=2663"},{"taxonomy":"product_tag","embeddable":true,"href":"https:\/\/tiendasamor.com\/index.php\/wp-json\/wp\/v2\/product_tag?post=2663"}],"curies":[{"name":"wp","href":"https:\/\/api.w.org\/{rel}","templated":true}]}}