{"id":266,"date":"2023-11-22T08:39:45","date_gmt":"2023-11-22T07:39:45","guid":{"rendered":"https:\/\/estudiowebperu.com\/ta\/?post_type=product&#038;p=266"},"modified":"2023-12-07T12:18:41","modified_gmt":"2023-12-07T17:18:41","slug":"fantasy-x-tensions-mega-1","status":"publish","type":"product","link":"https:\/\/tiendasamor.com\/index.php\/producto\/fantasy-x-tensions-mega-1\/","title":{"rendered":"Fantasy X-tensions Mega 1"},"content":{"rendered":"<p>Perfecto para los hombres con\u00a0<strong>disfunci\u00f3n er\u00e9ctil<\/strong>\u00a0y problemas de rendimiento a mitad de camino, el nuevo potenciador entregar\u00e1 resultados que\u00a0a ambos les encantar\u00e1!,\u00a0se puede recortar f\u00e1cilmente en la punta para un ajuste perfecto y cuenta con una cabeza abierta por lo que a\u00fan puede disfrutar del toque natural de su amante.<\/p>\n<p>Es s\u00faper-el\u00e1stico para adaptarse a la mayor\u00eda de tama\u00f1os lo suficientemente ajustado para ayudar a durar m\u00e1s tiempo, y tiene una correa de bola para prolongar la eyaculaci\u00f3n de un cl\u00edmax explosivo.\u00a0Esta funda super-realista que hace 33% m\u00e1s gruesa su circunferencia y el material Fanta Flesh siente como una segunda piel.<\/p>\n<p>Talla \u00fanica.\u00a0Esto no es un cond\u00f3n.\u00a0(2,5 cm) Extensi\u00f3n y\u00a0Suma 66% Circunferencia,\u00a0Ultra-realista Fanta Flesh,\u00a0puedes recortarla para ajustarla a tu tama\u00f1o,\u00a0ftalato-libre,\u00a0Incluye GRATIS lubricante y limpiador de juguetes<\/p>\n<p><strong>mediciones del art\u00edculo:\u00a0<\/strong><\/p>\n<p>Longitud: (17,7 cm)<\/p>\n<p>Ancho: (4.8 cm)<\/p>\n<p>Di\u00e1metro interior: (3 cm)<\/p>\n","protected":false},"excerpt":{"rendered":"<p>Perfecto para los hombres con\u00a0disfunci\u00f3n er\u00e9ctil\u00a0y problemas de rendimiento a mitad de camino, el nuevo potenciador entregar\u00e1 resultados que\u00a0a ambos les encantar\u00e1!,\u00a0se puede recortar f\u00e1cilmente en la punta para un ajuste perfecto y cuenta con una cabeza abierta por lo que a\u00fan puede disfrutar del toque natural de su amante. Es s\u00faper-el\u00e1stico para adaptarse a [&hellip;]<\/p>\n","protected":false},"featured_media":1372,"comment_status":"open","ping_status":"closed","template":"","meta":[],"product_brand":[],"product_cat":[45,46],"product_tag":[],"class_list":{"0":"post-266","1":"product","2":"type-product","3":"status-publish","4":"has-post-thumbnail","6":"product_cat-fundas-extensoras","7":"product_cat-protesis","9":"first","10":"instock","11":"shipping-taxable","12":"purchasable","13":"product-type-simple"},"_links":{"self":[{"href":"https:\/\/tiendasamor.com\/index.php\/wp-json\/wp\/v2\/product\/266","targetHints":{"allow":["GET"]}}],"collection":[{"href":"https:\/\/tiendasamor.com\/index.php\/wp-json\/wp\/v2\/product"}],"about":[{"href":"https:\/\/tiendasamor.com\/index.php\/wp-json\/wp\/v2\/types\/product"}],"replies":[{"embeddable":true,"href":"https:\/\/tiendasamor.com\/index.php\/wp-json\/wp\/v2\/comments?post=266"}],"wp:featuredmedia":[{"embeddable":true,"href":"https:\/\/tiendasamor.com\/index.php\/wp-json\/wp\/v2\/media\/1372"}],"wp:attachment":[{"href":"https:\/\/tiendasamor.com\/index.php\/wp-json\/wp\/v2\/media?parent=266"}],"wp:term":[{"taxonomy":"product_brand","embeddable":true,"href":"https:\/\/tiendasamor.com\/index.php\/wp-json\/wp\/v2\/product_brand?post=266"},{"taxonomy":"product_cat","embeddable":true,"href":"https:\/\/tiendasamor.com\/index.php\/wp-json\/wp\/v2\/product_cat?post=266"},{"taxonomy":"product_tag","embeddable":true,"href":"https:\/\/tiendasamor.com\/index.php\/wp-json\/wp\/v2\/product_tag?post=266"}],"curies":[{"name":"wp","href":"https:\/\/api.w.org\/{rel}","templated":true}]}}