{"id":264,"date":"2023-11-22T08:37:33","date_gmt":"2023-11-22T07:37:33","guid":{"rendered":"https:\/\/estudiowebperu.com\/ta\/?post_type=product&#038;p=264"},"modified":"2023-11-22T08:46:00","modified_gmt":"2023-11-22T07:46:00","slug":"b-yours-vibe-1","status":"publish","type":"product","link":"https:\/\/tiendasamor.com\/index.php\/producto\/b-yours-vibe-1\/","title":{"rendered":"B Yours Vibe 1"},"content":{"rendered":"<p>B Yours Vibe # 1 es un vibrador realista de 9 pulgadas con venas <\/p>\n<p>B Yours Vibe # 1 es un vibrador realista de 9 pulgadas con venas y una base de dial giratorio para vibraciones de varias velocidades. Su cabeza c\u00f3nica y su eje delgado se pueden insertar de manera c\u00f3moda y f\u00e1cil. Vibe # 1,<\/p>\n<p>creado para el principiante y el consciente de los costos, est\u00e1 hecho de PVC libre de ftalatos, que es suave y r\u00edgido para un juego vigoroso. Vibe # 1 funciona con 2 bater\u00edas AA, no incluidas.<\/p>\n","protected":false},"excerpt":{"rendered":"<p>B Yours Vibe # 1 es un vibrador realista de 9 pulgadas con venas B Yours Vibe # 1 es un vibrador realista de 9 pulgadas con venas y una base de dial giratorio para vibraciones de varias velocidades. Su cabeza c\u00f3nica y su eje delgado se pueden insertar de manera c\u00f3moda y f\u00e1cil. Vibe [&hellip;]<\/p>\n","protected":false},"featured_media":265,"comment_status":"open","ping_status":"closed","template":"","meta":[],"product_brand":[],"product_cat":[18],"product_tag":[],"class_list":{"0":"post-264","1":"product","2":"type-product","3":"status-publish","4":"has-post-thumbnail","6":"product_cat-juguetes","8":"first","9":"instock","10":"shipping-taxable","11":"purchasable","12":"product-type-simple"},"_links":{"self":[{"href":"https:\/\/tiendasamor.com\/index.php\/wp-json\/wp\/v2\/product\/264","targetHints":{"allow":["GET"]}}],"collection":[{"href":"https:\/\/tiendasamor.com\/index.php\/wp-json\/wp\/v2\/product"}],"about":[{"href":"https:\/\/tiendasamor.com\/index.php\/wp-json\/wp\/v2\/types\/product"}],"replies":[{"embeddable":true,"href":"https:\/\/tiendasamor.com\/index.php\/wp-json\/wp\/v2\/comments?post=264"}],"wp:featuredmedia":[{"embeddable":true,"href":"https:\/\/tiendasamor.com\/index.php\/wp-json\/wp\/v2\/media\/265"}],"wp:attachment":[{"href":"https:\/\/tiendasamor.com\/index.php\/wp-json\/wp\/v2\/media?parent=264"}],"wp:term":[{"taxonomy":"product_brand","embeddable":true,"href":"https:\/\/tiendasamor.com\/index.php\/wp-json\/wp\/v2\/product_brand?post=264"},{"taxonomy":"product_cat","embeddable":true,"href":"https:\/\/tiendasamor.com\/index.php\/wp-json\/wp\/v2\/product_cat?post=264"},{"taxonomy":"product_tag","embeddable":true,"href":"https:\/\/tiendasamor.com\/index.php\/wp-json\/wp\/v2\/product_tag?post=264"}],"curies":[{"name":"wp","href":"https:\/\/api.w.org\/{rel}","templated":true}]}}