{"id":2636,"date":"2024-05-06T13:26:06","date_gmt":"2024-05-06T18:26:06","guid":{"rendered":"https:\/\/tiendasamor.com\/?post_type=product&#038;p=2636"},"modified":"2024-05-06T13:26:06","modified_gmt":"2024-05-06T18:26:06","slug":"vibrador-jeff","status":"publish","type":"product","link":"https:\/\/tiendasamor.com\/index.php\/producto\/vibrador-jeff\/","title":{"rendered":"Vibrador Jeff"},"content":{"rendered":"<p>Este consolador vibrador perfectamente esculpido y veteado cumple todos tus sue\u00f1os sexuales a la vez.\u00a0Incluye potentes vibraciones de varias velocidades, controles giratorios f\u00e1ciles de usar en la base y la emoci\u00f3n de su vida.<\/p>\n<ul>\n<li>Requiere Bater\u00eda AA<\/li>\n<li>Material ABS\u00a0 y TPR<\/li>\n<li>Mide 4 cm por 19.5 cm<\/li>\n<\/ul>\n","protected":false},"excerpt":{"rendered":"<p>Este consolador vibrador perfectamente esculpido y veteado cumple todos tus sue\u00f1os sexuales a la vez.\u00a0Incluye potentes vibraciones de varias velocidades, controles giratorios f\u00e1ciles de usar en la base y la emoci\u00f3n de su vida. Requiere Bater\u00eda AA Material ABS\u00a0 y TPR Mide 4 cm por 19.5 cm<\/p>\n","protected":false},"featured_media":2639,"comment_status":"open","ping_status":"closed","template":"","meta":[],"product_brand":[],"product_cat":[27],"product_tag":[],"class_list":{"0":"post-2636","1":"product","2":"type-product","3":"status-publish","4":"has-post-thumbnail","6":"product_cat-vibradores","8":"first","9":"instock","10":"shipping-taxable","11":"purchasable","12":"product-type-simple"},"_links":{"self":[{"href":"https:\/\/tiendasamor.com\/index.php\/wp-json\/wp\/v2\/product\/2636","targetHints":{"allow":["GET"]}}],"collection":[{"href":"https:\/\/tiendasamor.com\/index.php\/wp-json\/wp\/v2\/product"}],"about":[{"href":"https:\/\/tiendasamor.com\/index.php\/wp-json\/wp\/v2\/types\/product"}],"replies":[{"embeddable":true,"href":"https:\/\/tiendasamor.com\/index.php\/wp-json\/wp\/v2\/comments?post=2636"}],"wp:featuredmedia":[{"embeddable":true,"href":"https:\/\/tiendasamor.com\/index.php\/wp-json\/wp\/v2\/media\/2639"}],"wp:attachment":[{"href":"https:\/\/tiendasamor.com\/index.php\/wp-json\/wp\/v2\/media?parent=2636"}],"wp:term":[{"taxonomy":"product_brand","embeddable":true,"href":"https:\/\/tiendasamor.com\/index.php\/wp-json\/wp\/v2\/product_brand?post=2636"},{"taxonomy":"product_cat","embeddable":true,"href":"https:\/\/tiendasamor.com\/index.php\/wp-json\/wp\/v2\/product_cat?post=2636"},{"taxonomy":"product_tag","embeddable":true,"href":"https:\/\/tiendasamor.com\/index.php\/wp-json\/wp\/v2\/product_tag?post=2636"}],"curies":[{"name":"wp","href":"https:\/\/api.w.org\/{rel}","templated":true}]}}