{"id":2630,"date":"2024-05-05T14:17:07","date_gmt":"2024-05-05T19:17:07","guid":{"rendered":"https:\/\/tiendasamor.com\/?post_type=product&#038;p=2630"},"modified":"2024-05-06T13:29:01","modified_gmt":"2024-05-06T18:29:01","slug":"vibrador-dicarf","status":"publish","type":"product","link":"https:\/\/tiendasamor.com\/index.php\/producto\/vibrador-dicarf\/","title":{"rendered":"Vibrador Dicarf"},"content":{"rendered":"<p>Tiene el tama\u00f1o adecuado tanto para principiantes como para usuarios experimentados. Con forma para el m\u00e1ximo placer con un eje veteado que te brinda alegr\u00eda y placer sin fin. Controle las vibraciones de varias velocidades con un c\u00f3modo dial de f\u00e1cil agarre en la base. El eje es parcialmente impermeable y se puede utilizar con lubricante. Este dong TPR vale cada centavo: prueba este hermoso beb\u00e9 y no te arrepentir\u00e1s.<\/p>\n<p>&nbsp;<\/p>\n","protected":false},"excerpt":{"rendered":"<p>Tiene el tama\u00f1o adecuado tanto para principiantes como para usuarios experimentados. Con forma para el m\u00e1ximo placer con un eje veteado que te brinda alegr\u00eda y placer sin fin. Controle las vibraciones de varias velocidades con un c\u00f3modo dial de f\u00e1cil agarre en la base. El eje es parcialmente impermeable y se puede utilizar con [&hellip;]<\/p>\n","protected":false},"featured_media":2631,"comment_status":"open","ping_status":"closed","template":"","meta":[],"product_brand":[],"product_cat":[27],"product_tag":[],"class_list":{"0":"post-2630","1":"product","2":"type-product","3":"status-publish","4":"has-post-thumbnail","6":"product_cat-vibradores","8":"first","9":"instock","10":"shipping-taxable","11":"purchasable","12":"product-type-simple"},"_links":{"self":[{"href":"https:\/\/tiendasamor.com\/index.php\/wp-json\/wp\/v2\/product\/2630","targetHints":{"allow":["GET"]}}],"collection":[{"href":"https:\/\/tiendasamor.com\/index.php\/wp-json\/wp\/v2\/product"}],"about":[{"href":"https:\/\/tiendasamor.com\/index.php\/wp-json\/wp\/v2\/types\/product"}],"replies":[{"embeddable":true,"href":"https:\/\/tiendasamor.com\/index.php\/wp-json\/wp\/v2\/comments?post=2630"}],"wp:featuredmedia":[{"embeddable":true,"href":"https:\/\/tiendasamor.com\/index.php\/wp-json\/wp\/v2\/media\/2631"}],"wp:attachment":[{"href":"https:\/\/tiendasamor.com\/index.php\/wp-json\/wp\/v2\/media?parent=2630"}],"wp:term":[{"taxonomy":"product_brand","embeddable":true,"href":"https:\/\/tiendasamor.com\/index.php\/wp-json\/wp\/v2\/product_brand?post=2630"},{"taxonomy":"product_cat","embeddable":true,"href":"https:\/\/tiendasamor.com\/index.php\/wp-json\/wp\/v2\/product_cat?post=2630"},{"taxonomy":"product_tag","embeddable":true,"href":"https:\/\/tiendasamor.com\/index.php\/wp-json\/wp\/v2\/product_tag?post=2630"}],"curies":[{"name":"wp","href":"https:\/\/api.w.org\/{rel}","templated":true}]}}