{"id":2622,"date":"2024-05-05T13:52:39","date_gmt":"2024-05-05T18:52:39","guid":{"rendered":"https:\/\/tiendasamor.com\/?post_type=product&#038;p=2622"},"modified":"2024-05-05T14:00:20","modified_gmt":"2024-05-05T19:00:20","slug":"consolador-real-flexible-bertram","status":"publish","type":"product","link":"https:\/\/tiendasamor.com\/index.php\/producto\/consolador-real-flexible-bertram\/","title":{"rendered":"Consolador Real Flexible Bertram"},"content":{"rendered":"<p>Este vibrador ultrarrealista te har\u00e1 llegar al cl\u00edmax m\u00e1s fuerte que nunca! Este vibrador se desliza hacia adentro con mucha suavidad para brindar emociones de bombeo profundo. Este dong se puede doblar con una base de ventosa para jugar en solitario. Hecho de material realista TPR, \u00a1se siente como si fuera real! La forma de este juguete sexual realista se siente tan traviesa y natural.<\/p>\n<p>&nbsp;<\/p>\n","protected":false},"excerpt":{"rendered":"<p>Este vibrador ultrarrealista te har\u00e1 llegar al cl\u00edmax m\u00e1s fuerte que nunca! Este vibrador se desliza hacia adentro con mucha suavidad para brindar emociones de bombeo profundo. Este dong se puede doblar con una base de ventosa para jugar en solitario. Hecho de material realista TPR, \u00a1se siente como si fuera real! La forma de [&hellip;]<\/p>\n","protected":false},"featured_media":2623,"comment_status":"open","ping_status":"closed","template":"","meta":[],"product_brand":[],"product_cat":[29],"product_tag":[],"class_list":{"0":"post-2622","1":"product","2":"type-product","3":"status-publish","4":"has-post-thumbnail","6":"product_cat-consoladores-y-dildos","8":"first","9":"instock","10":"shipping-taxable","11":"purchasable","12":"product-type-simple"},"_links":{"self":[{"href":"https:\/\/tiendasamor.com\/index.php\/wp-json\/wp\/v2\/product\/2622","targetHints":{"allow":["GET"]}}],"collection":[{"href":"https:\/\/tiendasamor.com\/index.php\/wp-json\/wp\/v2\/product"}],"about":[{"href":"https:\/\/tiendasamor.com\/index.php\/wp-json\/wp\/v2\/types\/product"}],"replies":[{"embeddable":true,"href":"https:\/\/tiendasamor.com\/index.php\/wp-json\/wp\/v2\/comments?post=2622"}],"wp:featuredmedia":[{"embeddable":true,"href":"https:\/\/tiendasamor.com\/index.php\/wp-json\/wp\/v2\/media\/2623"}],"wp:attachment":[{"href":"https:\/\/tiendasamor.com\/index.php\/wp-json\/wp\/v2\/media?parent=2622"}],"wp:term":[{"taxonomy":"product_brand","embeddable":true,"href":"https:\/\/tiendasamor.com\/index.php\/wp-json\/wp\/v2\/product_brand?post=2622"},{"taxonomy":"product_cat","embeddable":true,"href":"https:\/\/tiendasamor.com\/index.php\/wp-json\/wp\/v2\/product_cat?post=2622"},{"taxonomy":"product_tag","embeddable":true,"href":"https:\/\/tiendasamor.com\/index.php\/wp-json\/wp\/v2\/product_tag?post=2622"}],"curies":[{"name":"wp","href":"https:\/\/api.w.org\/{rel}","templated":true}]}}