{"id":2608,"date":"2024-05-05T13:17:23","date_gmt":"2024-05-05T18:17:23","guid":{"rendered":"https:\/\/tiendasamor.com\/?post_type=product&#038;p=2608"},"modified":"2024-05-05T13:17:23","modified_gmt":"2024-05-05T18:17:23","slug":"gun-drops-plug","status":"publish","type":"product","link":"https:\/\/tiendasamor.com\/index.php\/producto\/gun-drops-plug\/","title":{"rendered":"Gun Drops Plug"},"content":{"rendered":"<p><strong>CONSOLADOR MISS SWEET 2\u00b0 ROJO TRANSPARENTE<\/strong>. Es un consolador rojo transparente que proporciona ejercicios de Kegel y del esf\u00ednter anal en su m\u00e1xima expresi\u00f3n. Est\u00e1 hecho de un material silicona transparente no t\u00f3xico y agradable para la piel est\u00e1 dimensionado de manera \u00f3ptima para su uso previsto. Su forma es segura mientras que el gran tap\u00f3n evita que se desaparezca en el interior. Compatible con todos los lubricantes a base de agua.<\/p>\n<ul>\n<li>Perfecto para ejercicios de esf\u00ednter anal<\/li>\n<li>Perfecto para ejercicios de Kegel<\/li>\n<li>Tap\u00f3n grande de 6 cm<\/li>\n<li>Longitud: aprox. 7 cm<\/li>\n<li>Compatible con todos los lubricantes a base de agua, silicona<\/li>\n<li>Material silicona PVC<\/li>\n<\/ul>\n","protected":false},"excerpt":{"rendered":"<p>CONSOLADOR MISS SWEET 2\u00b0 ROJO TRANSPARENTE. Es un consolador rojo transparente que proporciona ejercicios de Kegel y del esf\u00ednter anal en su m\u00e1xima expresi\u00f3n. Est\u00e1 hecho de un material silicona transparente no t\u00f3xico y agradable para la piel est\u00e1 dimensionado de manera \u00f3ptima para su uso previsto. Su forma es segura mientras que el gran [&hellip;]<\/p>\n","protected":false},"featured_media":2612,"comment_status":"open","ping_status":"closed","template":"","meta":[],"product_brand":[],"product_cat":[35],"product_tag":[],"class_list":{"0":"post-2608","1":"product","2":"type-product","3":"status-publish","4":"has-post-thumbnail","6":"product_cat-anales","8":"first","9":"instock","10":"shipping-taxable","11":"purchasable","12":"product-type-simple"},"_links":{"self":[{"href":"https:\/\/tiendasamor.com\/index.php\/wp-json\/wp\/v2\/product\/2608","targetHints":{"allow":["GET"]}}],"collection":[{"href":"https:\/\/tiendasamor.com\/index.php\/wp-json\/wp\/v2\/product"}],"about":[{"href":"https:\/\/tiendasamor.com\/index.php\/wp-json\/wp\/v2\/types\/product"}],"replies":[{"embeddable":true,"href":"https:\/\/tiendasamor.com\/index.php\/wp-json\/wp\/v2\/comments?post=2608"}],"wp:featuredmedia":[{"embeddable":true,"href":"https:\/\/tiendasamor.com\/index.php\/wp-json\/wp\/v2\/media\/2612"}],"wp:attachment":[{"href":"https:\/\/tiendasamor.com\/index.php\/wp-json\/wp\/v2\/media?parent=2608"}],"wp:term":[{"taxonomy":"product_brand","embeddable":true,"href":"https:\/\/tiendasamor.com\/index.php\/wp-json\/wp\/v2\/product_brand?post=2608"},{"taxonomy":"product_cat","embeddable":true,"href":"https:\/\/tiendasamor.com\/index.php\/wp-json\/wp\/v2\/product_cat?post=2608"},{"taxonomy":"product_tag","embeddable":true,"href":"https:\/\/tiendasamor.com\/index.php\/wp-json\/wp\/v2\/product_tag?post=2608"}],"curies":[{"name":"wp","href":"https:\/\/api.w.org\/{rel}","templated":true}]}}