{"id":2605,"date":"2024-05-04T15:15:44","date_gmt":"2024-05-04T20:15:44","guid":{"rendered":"https:\/\/tiendasamor.com\/?post_type=product&#038;p=2605"},"modified":"2024-05-04T15:15:44","modified_gmt":"2024-05-04T20:15:44","slug":"only-v2-10-funtions","status":"publish","type":"product","link":"https:\/\/tiendasamor.com\/index.php\/producto\/only-v2-10-funtions\/","title":{"rendered":"ONLY V2 10 FUNTIONS"},"content":{"rendered":"<p>El novedoso Only V2, es un masajeador vers\u00e1til, con motor doble independiente, adornado con una suave est\u00e9tica silicona de cuerpo flexible, que hace f\u00e1cil el uso del masajeador.<\/p>\n<p>Con 10 modos de vibraci\u00f3n configurables que permitir\u00e1n experimentar la sensaci\u00f3n \u00fanica de poder obtener una doble satisfacci\u00f3n. La punta contorneada y el eje estimulante, est\u00e1n dise\u00f1ados para estimular los puntos sensibles; tanto internos como externos.<\/p>\n<p>Posee una superficie ultra suave y un cuerpo completamente flexible, la vara masajeadora viene cubierta con una silicona satinada de primera calidad, sus motores doble, son independientes y mantienen una gran calidad resistente y adaptable.<\/p>\n<p>Este vibrador delicado y elegante, incluye 10 modos de vibraci\u00f3n, variada con diferentes frecuencias, donde cada funci\u00f3n esta dise\u00f1ada para estimular el cuerpo. Los botones de control son de simple dise\u00f1o, de f\u00e1cil toque le permiten pasar sin esfuerzo por cada funci\u00f3n de vibraci\u00f3n, mientras aumenta o disminuye la intensidad de la funci\u00f3n.<\/p>\n<p>Compacto y f\u00e1cil de transportar, exquisito proceso de silicona de alto grado, vibraci\u00f3n silenciosa y discreta, grado alimenticio: proceso de pegamento todo incluido, modo 100% resistente al agua: modo de 10 archivos, fuente de alimentaci\u00f3n: bater\u00eda recargable \/ bater\u00eda de litio, env\u00ede un cable de carga USB\u201d<\/p>\n<ul>\n<li>Modelo: V2<br \/>\nMotores: 2<br \/>\nMaterial: Silicona grado medico<br \/>\nColor: Rosa<br \/>\nMedidas: 18.8cm<br \/>\nInsertable: 14cm<br \/>\nAncho:3.3 cm<br \/>\nCarga magn\u00e9tica<br \/>\n10 modos de vibraci\u00f3n<br \/>\nMaterial suave al tacto<br \/>\nA prueba de agua<\/li>\n<\/ul>\n","protected":false},"excerpt":{"rendered":"<p>El novedoso Only V2, es un masajeador vers\u00e1til, con motor doble independiente, adornado con una suave est\u00e9tica silicona de cuerpo flexible, que hace f\u00e1cil el uso del masajeador. Con 10 modos de vibraci\u00f3n configurables que permitir\u00e1n experimentar la sensaci\u00f3n \u00fanica de poder obtener una doble satisfacci\u00f3n. La punta contorneada y el eje estimulante, est\u00e1n dise\u00f1ados [&hellip;]<\/p>\n","protected":false},"featured_media":2606,"comment_status":"open","ping_status":"closed","template":"","meta":[],"product_brand":[],"product_cat":[44,43,27],"product_tag":[],"class_list":{"0":"post-2605","1":"product","2":"type-product","3":"status-publish","4":"has-post-thumbnail","6":"product_cat-clitorales","7":"product_cat-rabbit","8":"product_cat-vibradores","10":"first","11":"instock","12":"shipping-taxable","13":"purchasable","14":"product-type-simple"},"_links":{"self":[{"href":"https:\/\/tiendasamor.com\/index.php\/wp-json\/wp\/v2\/product\/2605","targetHints":{"allow":["GET"]}}],"collection":[{"href":"https:\/\/tiendasamor.com\/index.php\/wp-json\/wp\/v2\/product"}],"about":[{"href":"https:\/\/tiendasamor.com\/index.php\/wp-json\/wp\/v2\/types\/product"}],"replies":[{"embeddable":true,"href":"https:\/\/tiendasamor.com\/index.php\/wp-json\/wp\/v2\/comments?post=2605"}],"wp:featuredmedia":[{"embeddable":true,"href":"https:\/\/tiendasamor.com\/index.php\/wp-json\/wp\/v2\/media\/2606"}],"wp:attachment":[{"href":"https:\/\/tiendasamor.com\/index.php\/wp-json\/wp\/v2\/media?parent=2605"}],"wp:term":[{"taxonomy":"product_brand","embeddable":true,"href":"https:\/\/tiendasamor.com\/index.php\/wp-json\/wp\/v2\/product_brand?post=2605"},{"taxonomy":"product_cat","embeddable":true,"href":"https:\/\/tiendasamor.com\/index.php\/wp-json\/wp\/v2\/product_cat?post=2605"},{"taxonomy":"product_tag","embeddable":true,"href":"https:\/\/tiendasamor.com\/index.php\/wp-json\/wp\/v2\/product_tag?post=2605"}],"curies":[{"name":"wp","href":"https:\/\/api.w.org\/{rel}","templated":true}]}}