{"id":2600,"date":"2024-05-04T15:05:25","date_gmt":"2024-05-04T20:05:25","guid":{"rendered":"https:\/\/tiendasamor.com\/?post_type=product&#038;p=2600"},"modified":"2024-05-04T15:07:03","modified_gmt":"2024-05-04T20:07:03","slug":"crystal-jelly-glitters-mr-right","status":"publish","type":"product","link":"https:\/\/tiendasamor.com\/index.php\/producto\/crystal-jelly-glitters-mr-right\/","title":{"rendered":"Crystal Jelly Glitters Mr.Right"},"content":{"rendered":"<p><strong>VIBRADOR GLITTERS MR.RIGHT<\/strong>\u2026\u2026placeres mas intensos con este vibrador jelly se siente c\u00f3modo con su vibraci\u00f3n potente al m\u00e1ximo no lo olvidaras ser\u00e1n momentos inolvidables e irresistibles de amor y pasi\u00f3n para cualquier ocasi\u00f3n.<\/p>\n<p>Suave y flexible<\/p>\n<p>Color lila<\/p>\n<p>Material impermeable<\/p>\n<p>Multi- velocidades<\/p>\n<p>Fabricado por blush novelties<\/p>\n","protected":false},"excerpt":{"rendered":"<p>VIBRADOR GLITTERS MR.RIGHT\u2026\u2026placeres mas intensos con este vibrador jelly se siente c\u00f3modo con su vibraci\u00f3n potente al m\u00e1ximo no lo olvidaras ser\u00e1n momentos inolvidables e irresistibles de amor y pasi\u00f3n para cualquier ocasi\u00f3n. Suave y flexible Color lila Material impermeable Multi- velocidades Fabricado por blush novelties<\/p>\n","protected":false},"featured_media":2601,"comment_status":"open","ping_status":"closed","template":"","meta":[],"product_brand":[],"product_cat":[27],"product_tag":[],"class_list":{"0":"post-2600","1":"product","2":"type-product","3":"status-publish","4":"has-post-thumbnail","6":"product_cat-vibradores","8":"first","9":"instock","10":"shipping-taxable","11":"purchasable","12":"product-type-simple"},"_links":{"self":[{"href":"https:\/\/tiendasamor.com\/index.php\/wp-json\/wp\/v2\/product\/2600","targetHints":{"allow":["GET"]}}],"collection":[{"href":"https:\/\/tiendasamor.com\/index.php\/wp-json\/wp\/v2\/product"}],"about":[{"href":"https:\/\/tiendasamor.com\/index.php\/wp-json\/wp\/v2\/types\/product"}],"replies":[{"embeddable":true,"href":"https:\/\/tiendasamor.com\/index.php\/wp-json\/wp\/v2\/comments?post=2600"}],"wp:featuredmedia":[{"embeddable":true,"href":"https:\/\/tiendasamor.com\/index.php\/wp-json\/wp\/v2\/media\/2601"}],"wp:attachment":[{"href":"https:\/\/tiendasamor.com\/index.php\/wp-json\/wp\/v2\/media?parent=2600"}],"wp:term":[{"taxonomy":"product_brand","embeddable":true,"href":"https:\/\/tiendasamor.com\/index.php\/wp-json\/wp\/v2\/product_brand?post=2600"},{"taxonomy":"product_cat","embeddable":true,"href":"https:\/\/tiendasamor.com\/index.php\/wp-json\/wp\/v2\/product_cat?post=2600"},{"taxonomy":"product_tag","embeddable":true,"href":"https:\/\/tiendasamor.com\/index.php\/wp-json\/wp\/v2\/product_tag?post=2600"}],"curies":[{"name":"wp","href":"https:\/\/api.w.org\/{rel}","templated":true}]}}