{"id":2596,"date":"2024-05-04T14:46:51","date_gmt":"2024-05-04T19:46:51","guid":{"rendered":"https:\/\/tiendasamor.com\/?post_type=product&#038;p=2596"},"modified":"2024-05-04T14:46:51","modified_gmt":"2024-05-04T19:46:51","slug":"king-cock-real-deal-7","status":"publish","type":"product","link":"https:\/\/tiendasamor.com\/index.php\/producto\/king-cock-real-deal-7\/","title":{"rendered":"king Cock Real Deal 7"},"content":{"rendered":"<p>Quieres que tu primer consolador se vea y se sienta como el semental duro como una roca con el que siempre has fantaseado?\u00a0\u00a1Deja de so\u00f1ar y b\u00e1jate con el Rey!\u00a0Cada vena, cada eje y cada cabeza est\u00e1n cuidadosamente hechos a mano con exquisitos detalles para brindarle la experiencia m\u00e1s realista jam\u00e1s imaginada.<\/p>\n<p>La potente base de ventosa se adhiere a casi cualquier superficie plana y hace que todos los arneses de consolador sean compatibles.<\/p>\n<p><strong>Longitud: 7\u2033 (17,8 cm) Ancho: 1,6 \u00ab(4,1 cm)<\/strong><\/p>\n","protected":false},"excerpt":{"rendered":"<p>Quieres que tu primer consolador se vea y se sienta como el semental duro como una roca con el que siempre has fantaseado?\u00a0\u00a1Deja de so\u00f1ar y b\u00e1jate con el Rey!\u00a0Cada vena, cada eje y cada cabeza est\u00e1n cuidadosamente hechos a mano con exquisitos detalles para brindarle la experiencia m\u00e1s realista jam\u00e1s imaginada. La potente base [&hellip;]<\/p>\n","protected":false},"featured_media":2597,"comment_status":"open","ping_status":"closed","template":"","meta":[],"product_brand":[],"product_cat":[29],"product_tag":[],"class_list":{"0":"post-2596","1":"product","2":"type-product","3":"status-publish","4":"has-post-thumbnail","6":"product_cat-consoladores-y-dildos","8":"first","9":"instock","10":"shipping-taxable","11":"purchasable","12":"product-type-simple"},"_links":{"self":[{"href":"https:\/\/tiendasamor.com\/index.php\/wp-json\/wp\/v2\/product\/2596","targetHints":{"allow":["GET"]}}],"collection":[{"href":"https:\/\/tiendasamor.com\/index.php\/wp-json\/wp\/v2\/product"}],"about":[{"href":"https:\/\/tiendasamor.com\/index.php\/wp-json\/wp\/v2\/types\/product"}],"replies":[{"embeddable":true,"href":"https:\/\/tiendasamor.com\/index.php\/wp-json\/wp\/v2\/comments?post=2596"}],"wp:featuredmedia":[{"embeddable":true,"href":"https:\/\/tiendasamor.com\/index.php\/wp-json\/wp\/v2\/media\/2597"}],"wp:attachment":[{"href":"https:\/\/tiendasamor.com\/index.php\/wp-json\/wp\/v2\/media?parent=2596"}],"wp:term":[{"taxonomy":"product_brand","embeddable":true,"href":"https:\/\/tiendasamor.com\/index.php\/wp-json\/wp\/v2\/product_brand?post=2596"},{"taxonomy":"product_cat","embeddable":true,"href":"https:\/\/tiendasamor.com\/index.php\/wp-json\/wp\/v2\/product_cat?post=2596"},{"taxonomy":"product_tag","embeddable":true,"href":"https:\/\/tiendasamor.com\/index.php\/wp-json\/wp\/v2\/product_tag?post=2596"}],"curies":[{"name":"wp","href":"https:\/\/api.w.org\/{rel}","templated":true}]}}