{"id":2590,"date":"2024-05-04T14:33:11","date_gmt":"2024-05-04T19:33:11","guid":{"rendered":"https:\/\/tiendasamor.com\/?post_type=product&#038;p=2590"},"modified":"2024-05-04T14:33:11","modified_gmt":"2024-05-04T19:33:11","slug":"king-cock-clear-7","status":"publish","type":"product","link":"https:\/\/tiendasamor.com\/index.php\/producto\/king-cock-clear-7\/","title":{"rendered":"king Cock Clear 7"},"content":{"rendered":"<p><span>Consolador falo realista, con test\u00edculos, color: transparente, largo 18,00 cm, largo insertable 15,20 cm., di\u00e1metro 4,00 cm.\u00a0<\/span><br \/>\n<span>Base con ventosa.<\/span><br \/>\n<span>Fabricado en elast\u00f3mero termopl\u00e1stico (TPE) suave y flexible, libre de ftalatos, inodoro, no pegajoso y f\u00e1cil de limpiar. Un material incre\u00edblemente puro y transl\u00facido.<\/span><br \/>\n<span>\u00a1La claridad brillante y la forma realista cumplir\u00e1n todas tus fantas\u00edas! Con su eje flexible, venas detalladas y cabeza definida, King Cock Clear atraer\u00e1 sus sentidos visual y f\u00edsicamente. La potente base de ventosa se adhiere a todas las superficies planas.<\/span><br \/>\n<span>(tambi\u00e9n compatible con el sistema port\u00e1til Strap-On u otros que se comprar\u00e1n por separado),<\/span><\/p>\n<p><span>(Los falos realistas modelan perfectamente el miembro masculino hasta en el m\u00e1s m\u00ednimo detalle: venas, glande, test\u00edculos,&#8230;).<\/span><\/p>\n<p><span>Recomendamos utilizar este producto en combinaci\u00f3n con lubricantes,<\/span><\/p>\n<p><span>Producci\u00f3n de King Cock<\/span><\/p>\n","protected":false},"excerpt":{"rendered":"<p>Consolador falo realista, con test\u00edculos, color: transparente, largo 18,00 cm, largo insertable 15,20 cm., di\u00e1metro 4,00 cm.\u00a0 Base con ventosa. Fabricado en elast\u00f3mero termopl\u00e1stico (TPE) suave y flexible, libre de ftalatos, inodoro, no pegajoso y f\u00e1cil de limpiar. Un material incre\u00edblemente puro y transl\u00facido. \u00a1La claridad brillante y la forma realista cumplir\u00e1n todas tus fantas\u00edas! [&hellip;]<\/p>\n","protected":false},"featured_media":2592,"comment_status":"open","ping_status":"closed","template":"","meta":[],"product_brand":[],"product_cat":[29],"product_tag":[],"class_list":{"0":"post-2590","1":"product","2":"type-product","3":"status-publish","4":"has-post-thumbnail","6":"product_cat-consoladores-y-dildos","8":"first","9":"instock","10":"shipping-taxable","11":"purchasable","12":"product-type-simple"},"_links":{"self":[{"href":"https:\/\/tiendasamor.com\/index.php\/wp-json\/wp\/v2\/product\/2590","targetHints":{"allow":["GET"]}}],"collection":[{"href":"https:\/\/tiendasamor.com\/index.php\/wp-json\/wp\/v2\/product"}],"about":[{"href":"https:\/\/tiendasamor.com\/index.php\/wp-json\/wp\/v2\/types\/product"}],"replies":[{"embeddable":true,"href":"https:\/\/tiendasamor.com\/index.php\/wp-json\/wp\/v2\/comments?post=2590"}],"wp:featuredmedia":[{"embeddable":true,"href":"https:\/\/tiendasamor.com\/index.php\/wp-json\/wp\/v2\/media\/2592"}],"wp:attachment":[{"href":"https:\/\/tiendasamor.com\/index.php\/wp-json\/wp\/v2\/media?parent=2590"}],"wp:term":[{"taxonomy":"product_brand","embeddable":true,"href":"https:\/\/tiendasamor.com\/index.php\/wp-json\/wp\/v2\/product_brand?post=2590"},{"taxonomy":"product_cat","embeddable":true,"href":"https:\/\/tiendasamor.com\/index.php\/wp-json\/wp\/v2\/product_cat?post=2590"},{"taxonomy":"product_tag","embeddable":true,"href":"https:\/\/tiendasamor.com\/index.php\/wp-json\/wp\/v2\/product_tag?post=2590"}],"curies":[{"name":"wp","href":"https:\/\/api.w.org\/{rel}","templated":true}]}}