{"id":2569,"date":"2024-05-03T19:58:59","date_gmt":"2024-05-04T00:58:59","guid":{"rendered":"https:\/\/tiendasamor.com\/?post_type=product&#038;p=2569"},"modified":"2024-05-05T12:45:16","modified_gmt":"2024-05-05T17:45:16","slug":"11-dual-layer-liquid-silicone-cock","status":"publish","type":"product","link":"https:\/\/tiendasamor.com\/index.php\/producto\/11-dual-layer-liquid-silicone-cock\/","title":{"rendered":"11\u00bb Dual Layer Liquid Silicone Cock"},"content":{"rendered":"<p>Dise\u00f1ado para ofrecer la satisfacci\u00f3n m\u00e1s real, el martillo natural de silicona de doble capa Love Toy King es incre\u00edblemente realista con un eje de doble capa, cabeza abultada y bolas texturizadas que crean una sensaci\u00f3n aut\u00e9ntica tanto por dentro como por fuera.<br \/>\n\u00a1Sus incre\u00edbles dimensiones te dejar\u00e1n boquiabierto, su poderosa base de ventosa te permite fijarlo en cualquier superficie lisa y plana para un paseo sin manos con las manos Randy!<br \/>\nHecho con silicona ultra suave de doble capa, te encantar\u00e1 la sensaci\u00f3n natural contra tu cuerpo, que cuenta con una suavidad incre\u00edblemente realista con un n\u00facleo interno firme que se siente como una erecci\u00f3n real. Si bien su cabeza redondeada realista y su eje veteado se ocupan de los negocios internos, la base de succi\u00f3n lo hace perfecto para jugar con manos libres, con o sin arn\u00e9s.<\/p>\n<ul>\n<li>Hecho de silicona l\u00edquida de doble capa<\/li>\n<li>Silicona firme en el interior, silicona ultra suave en el exterior<\/li>\n<li>Experiencia s\u00faper real<\/li>\n<li>Base tipo ventosa extra fuerte<\/li>\n<li>Longitud total: 28 cm, Insertable: 20.32 cm. Ancho: 5.3 cm<\/li>\n<\/ul>\n","protected":false},"excerpt":{"rendered":"<p>Dise\u00f1ado para ofrecer la satisfacci\u00f3n m\u00e1s real, el martillo natural de silicona de doble capa Love Toy King es incre\u00edblemente realista con un eje de doble capa, cabeza abultada y bolas texturizadas que crean una sensaci\u00f3n aut\u00e9ntica tanto por dentro como por fuera. \u00a1Sus incre\u00edbles dimensiones te dejar\u00e1n boquiabierto, su poderosa base de ventosa te [&hellip;]<\/p>\n","protected":false},"featured_media":2571,"comment_status":"open","ping_status":"closed","template":"","meta":[],"product_brand":[],"product_cat":[29],"product_tag":[],"class_list":{"0":"post-2569","1":"product","2":"type-product","3":"status-publish","4":"has-post-thumbnail","6":"product_cat-consoladores-y-dildos","8":"first","9":"instock","10":"shipping-taxable","11":"purchasable","12":"product-type-simple"},"_links":{"self":[{"href":"https:\/\/tiendasamor.com\/index.php\/wp-json\/wp\/v2\/product\/2569","targetHints":{"allow":["GET"]}}],"collection":[{"href":"https:\/\/tiendasamor.com\/index.php\/wp-json\/wp\/v2\/product"}],"about":[{"href":"https:\/\/tiendasamor.com\/index.php\/wp-json\/wp\/v2\/types\/product"}],"replies":[{"embeddable":true,"href":"https:\/\/tiendasamor.com\/index.php\/wp-json\/wp\/v2\/comments?post=2569"}],"wp:featuredmedia":[{"embeddable":true,"href":"https:\/\/tiendasamor.com\/index.php\/wp-json\/wp\/v2\/media\/2571"}],"wp:attachment":[{"href":"https:\/\/tiendasamor.com\/index.php\/wp-json\/wp\/v2\/media?parent=2569"}],"wp:term":[{"taxonomy":"product_brand","embeddable":true,"href":"https:\/\/tiendasamor.com\/index.php\/wp-json\/wp\/v2\/product_brand?post=2569"},{"taxonomy":"product_cat","embeddable":true,"href":"https:\/\/tiendasamor.com\/index.php\/wp-json\/wp\/v2\/product_cat?post=2569"},{"taxonomy":"product_tag","embeddable":true,"href":"https:\/\/tiendasamor.com\/index.php\/wp-json\/wp\/v2\/product_tag?post=2569"}],"curies":[{"name":"wp","href":"https:\/\/api.w.org\/{rel}","templated":true}]}}