{"id":2562,"date":"2024-05-03T19:40:32","date_gmt":"2024-05-04T00:40:32","guid":{"rendered":"https:\/\/tiendasamor.com\/?post_type=product&#038;p=2562"},"modified":"2024-05-03T19:40:32","modified_gmt":"2024-05-04T00:40:32","slug":"consolador-realista-dick","status":"publish","type":"product","link":"https:\/\/tiendasamor.com\/index.php\/producto\/consolador-realista-dick\/","title":{"rendered":"Consolador Realista Dick"},"content":{"rendered":"<p><span>Nuestra gama de consoladores realistas ha sido dise\u00f1ada para brindarle una experiencia realista e inolvidable que es casi tan buena como la real. Un superh\u00e9roe entre los consoladores realistas, el consolador grande y carnoso esculpido cuenta con 9 pulgadas de profundidad insertable para sesiones de sexo calientes y salvajes solo o con una pareja. <\/span><\/p>\n<p><span>Este delicioso consolador se sostiene por s\u00ed solo gracias a la ventosa en la base, dise\u00f1ada para brindarte toda la estabilidad y penetraci\u00f3n que deseas, este chico malo nunca se cansa y tiene m\u00e1s que suficiente para satisfacer todos tus puntos dulces. Un consolador realista de polla y pelotas muy recomendable.<\/span><\/p>\n<ul>\n<li>Material: TPR<\/li>\n<li>Impermeable<\/li>\n<li>F\u00e1cil uso y limpieza<\/li>\n<li>Ventosa fuerte para manos libres o arn\u00e9s<\/li>\n<li>Largo total: 28 cm \u2013 Insertable: 22 cm \u2013\u00a0 Ancho: 4.2 cm<\/li>\n<\/ul>\n<p>&nbsp;<\/p>\n","protected":false},"excerpt":{"rendered":"<p>Nuestra gama de consoladores realistas ha sido dise\u00f1ada para brindarle una experiencia realista e inolvidable que es casi tan buena como la real. Un superh\u00e9roe entre los consoladores realistas, el consolador grande y carnoso esculpido cuenta con 9 pulgadas de profundidad insertable para sesiones de sexo calientes y salvajes solo o con una pareja. Este [&hellip;]<\/p>\n","protected":false},"featured_media":2564,"comment_status":"open","ping_status":"closed","template":"","meta":[],"product_brand":[],"product_cat":[29],"product_tag":[],"class_list":{"0":"post-2562","1":"product","2":"type-product","3":"status-publish","4":"has-post-thumbnail","6":"product_cat-consoladores-y-dildos","8":"first","9":"instock","10":"shipping-taxable","11":"purchasable","12":"product-type-simple"},"_links":{"self":[{"href":"https:\/\/tiendasamor.com\/index.php\/wp-json\/wp\/v2\/product\/2562","targetHints":{"allow":["GET"]}}],"collection":[{"href":"https:\/\/tiendasamor.com\/index.php\/wp-json\/wp\/v2\/product"}],"about":[{"href":"https:\/\/tiendasamor.com\/index.php\/wp-json\/wp\/v2\/types\/product"}],"replies":[{"embeddable":true,"href":"https:\/\/tiendasamor.com\/index.php\/wp-json\/wp\/v2\/comments?post=2562"}],"wp:featuredmedia":[{"embeddable":true,"href":"https:\/\/tiendasamor.com\/index.php\/wp-json\/wp\/v2\/media\/2564"}],"wp:attachment":[{"href":"https:\/\/tiendasamor.com\/index.php\/wp-json\/wp\/v2\/media?parent=2562"}],"wp:term":[{"taxonomy":"product_brand","embeddable":true,"href":"https:\/\/tiendasamor.com\/index.php\/wp-json\/wp\/v2\/product_brand?post=2562"},{"taxonomy":"product_cat","embeddable":true,"href":"https:\/\/tiendasamor.com\/index.php\/wp-json\/wp\/v2\/product_cat?post=2562"},{"taxonomy":"product_tag","embeddable":true,"href":"https:\/\/tiendasamor.com\/index.php\/wp-json\/wp\/v2\/product_tag?post=2562"}],"curies":[{"name":"wp","href":"https:\/\/api.w.org\/{rel}","templated":true}]}}