{"id":2554,"date":"2024-05-03T19:17:31","date_gmt":"2024-05-04T00:17:31","guid":{"rendered":"https:\/\/tiendasamor.com\/?post_type=product&#038;p=2554"},"modified":"2024-05-03T19:17:31","modified_gmt":"2024-05-04T00:17:31","slug":"satisfyer-plug-ilicious-2-con-app","status":"publish","type":"product","link":"https:\/\/tiendasamor.com\/index.php\/producto\/satisfyer-plug-ilicious-2-con-app\/","title":{"rendered":"Satisfyer Plug-ilicious 2 con App"},"content":{"rendered":"<p>Plug anal vibrador de lujo.<br \/>\nDotado con dos potentes motores.<br \/>\nDise\u00f1o ergon\u00f3mico con una punta c\u00f3nica y plana que garantiza una inserci\u00f3n agradable.<br \/>\nCompatible con Satisfyer Connect, podr\u00e1s crear infinitos patrones de vibraci\u00f3n.<br \/>\nElaborado en silicona m\u00e9dica hipoalerg\u00e9nica completamente segura.<\/p>\n<ul>\n<li>Material: Silicona m\u00e9dica hipoalerg\u00e9nica<\/li>\n<li>Superficie lisa y suave<\/li>\n<li>Recargable mediante cable USB (Incluido)<\/li>\n<li>Impermeable IPX7<\/li>\n<li>Sumergible<\/li>\n<li>Modo susurro<\/li>\n<li>F\u00e1cil de usar y limpiar<\/li>\n<li>Control a distancia mediante App<\/li>\n<li>Largo: 14cm \u2013 Insertable: 10 cm \u2013 Ancho: 3 cm.<\/li>\n<\/ul>\n","protected":false},"excerpt":{"rendered":"<p>Plug anal vibrador de lujo. Dotado con dos potentes motores. Dise\u00f1o ergon\u00f3mico con una punta c\u00f3nica y plana que garantiza una inserci\u00f3n agradable. Compatible con Satisfyer Connect, podr\u00e1s crear infinitos patrones de vibraci\u00f3n. Elaborado en silicona m\u00e9dica hipoalerg\u00e9nica completamente segura. Material: Silicona m\u00e9dica hipoalerg\u00e9nica Superficie lisa y suave Recargable mediante cable USB (Incluido) Impermeable IPX7 [&hellip;]<\/p>\n","protected":false},"featured_media":2555,"comment_status":"open","ping_status":"closed","template":"","meta":[],"product_brand":[],"product_cat":[35],"product_tag":[],"class_list":{"0":"post-2554","1":"product","2":"type-product","3":"status-publish","4":"has-post-thumbnail","6":"product_cat-anales","8":"first","9":"instock","10":"shipping-taxable","11":"purchasable","12":"product-type-simple"},"_links":{"self":[{"href":"https:\/\/tiendasamor.com\/index.php\/wp-json\/wp\/v2\/product\/2554","targetHints":{"allow":["GET"]}}],"collection":[{"href":"https:\/\/tiendasamor.com\/index.php\/wp-json\/wp\/v2\/product"}],"about":[{"href":"https:\/\/tiendasamor.com\/index.php\/wp-json\/wp\/v2\/types\/product"}],"replies":[{"embeddable":true,"href":"https:\/\/tiendasamor.com\/index.php\/wp-json\/wp\/v2\/comments?post=2554"}],"wp:featuredmedia":[{"embeddable":true,"href":"https:\/\/tiendasamor.com\/index.php\/wp-json\/wp\/v2\/media\/2555"}],"wp:attachment":[{"href":"https:\/\/tiendasamor.com\/index.php\/wp-json\/wp\/v2\/media?parent=2554"}],"wp:term":[{"taxonomy":"product_brand","embeddable":true,"href":"https:\/\/tiendasamor.com\/index.php\/wp-json\/wp\/v2\/product_brand?post=2554"},{"taxonomy":"product_cat","embeddable":true,"href":"https:\/\/tiendasamor.com\/index.php\/wp-json\/wp\/v2\/product_cat?post=2554"},{"taxonomy":"product_tag","embeddable":true,"href":"https:\/\/tiendasamor.com\/index.php\/wp-json\/wp\/v2\/product_tag?post=2554"}],"curies":[{"name":"wp","href":"https:\/\/api.w.org\/{rel}","templated":true}]}}