{"id":2544,"date":"2024-05-03T18:35:33","date_gmt":"2024-05-03T23:35:33","guid":{"rendered":"https:\/\/tiendasamor.com\/?post_type=product&#038;p=2544"},"modified":"2024-05-06T19:39:15","modified_gmt":"2024-05-07T00:39:15","slug":"plug-de-oro-con-gema-transparente-m","status":"publish","type":"product","link":"https:\/\/tiendasamor.com\/index.php\/producto\/plug-de-oro-con-gema-transparente-m\/","title":{"rendered":"Plug de Oro Con Gema Transparente M"},"content":{"rendered":"<p>Caracter\u00edsticas:<\/p>\n<div class=\"p2\">\n<p>Tap\u00f3n de metal para juego y entrenamiento anal,<br \/>\nPunta c\u00f3nica de f\u00e1cil entrada, Cuello delgado con base acampanada.<\/p>\n<p>Material: aleaci\u00f3n de aluminio + ABS<\/p>\n<p>Tama\u00f1o del producto: 8,2 cm, \u03a63,3 cm.<\/p>\n<p>Peso del producto: 0,086 kg<\/p>\n<\/div>\n","protected":false},"excerpt":{"rendered":"<p>Caracter\u00edsticas: Tap\u00f3n de metal para juego y entrenamiento anal, Punta c\u00f3nica de f\u00e1cil entrada, Cuello delgado con base acampanada. Material: aleaci\u00f3n de aluminio + ABS Tama\u00f1o del producto: 8,2 cm, \u03a63,3 cm. Peso del producto: 0,086 kg<\/p>\n","protected":false},"featured_media":2720,"comment_status":"open","ping_status":"closed","template":"","meta":[],"product_brand":[],"product_cat":[35],"product_tag":[],"class_list":{"0":"post-2544","1":"product","2":"type-product","3":"status-publish","4":"has-post-thumbnail","6":"product_cat-anales","8":"first","9":"instock","10":"shipping-taxable","11":"purchasable","12":"product-type-simple"},"_links":{"self":[{"href":"https:\/\/tiendasamor.com\/index.php\/wp-json\/wp\/v2\/product\/2544","targetHints":{"allow":["GET"]}}],"collection":[{"href":"https:\/\/tiendasamor.com\/index.php\/wp-json\/wp\/v2\/product"}],"about":[{"href":"https:\/\/tiendasamor.com\/index.php\/wp-json\/wp\/v2\/types\/product"}],"replies":[{"embeddable":true,"href":"https:\/\/tiendasamor.com\/index.php\/wp-json\/wp\/v2\/comments?post=2544"}],"wp:featuredmedia":[{"embeddable":true,"href":"https:\/\/tiendasamor.com\/index.php\/wp-json\/wp\/v2\/media\/2720"}],"wp:attachment":[{"href":"https:\/\/tiendasamor.com\/index.php\/wp-json\/wp\/v2\/media?parent=2544"}],"wp:term":[{"taxonomy":"product_brand","embeddable":true,"href":"https:\/\/tiendasamor.com\/index.php\/wp-json\/wp\/v2\/product_brand?post=2544"},{"taxonomy":"product_cat","embeddable":true,"href":"https:\/\/tiendasamor.com\/index.php\/wp-json\/wp\/v2\/product_cat?post=2544"},{"taxonomy":"product_tag","embeddable":true,"href":"https:\/\/tiendasamor.com\/index.php\/wp-json\/wp\/v2\/product_tag?post=2544"}],"curies":[{"name":"wp","href":"https:\/\/api.w.org\/{rel}","templated":true}]}}