{"id":2524,"date":"2024-05-03T17:52:11","date_gmt":"2024-05-03T22:52:11","guid":{"rendered":"https:\/\/tiendasamor.com\/?post_type=product&#038;p=2524"},"modified":"2024-05-15T12:55:19","modified_gmt":"2024-05-15T17:55:19","slug":"bala-recargable-curtis","status":"publish","type":"product","link":"https:\/\/tiendasamor.com\/index.php\/producto\/bala-recargable-curtis\/","title":{"rendered":"Bala Recargable Curtis"},"content":{"rendered":"<p>Este mini vibrador tiene un hermoso dise\u00f1o y un patr\u00f3n de c\u00edrculos conc\u00e9ntricos pronunciado y estimulante; tambi\u00e9n cabe discretamente dentro de cualquier bolso. Los 12 modos de vibraci\u00f3n brindan mucha variedad durante la diversi\u00f3n \u00edntima. Los modos de vibraci\u00f3n tambi\u00e9n se pueden controlar f\u00e1cilmente con solo presionar un bot\u00f3n.<\/p>\n<p>El vibrador recuerda el \u00faltimo modo de vibraci\u00f3n que se us\u00f3 antes de apagarlo, gracias a su inteligente funci\u00f3n de memoria, y comienza en este modo de vibraci\u00f3n cuando se enciende nuevamente. La textura aterciopelada y suave al tacto se siente muy bien contra la piel durante la estimulaci\u00f3n y placer. Se puede recargar con el cable USB incluido.<\/p>\n<ul>\n<li>Material seguro silicona<\/li>\n<li>12 funciones de vibraci\u00f3n<\/li>\n<li>Motor potente pero silencioso<\/li>\n<li>Bater\u00eda Recargable<\/li>\n<li>Cable USB incluido<\/li>\n<li>Largo 10.3 cm, Ancho 2 cm<\/li>\n<\/ul>\n","protected":false},"excerpt":{"rendered":"<p>Este mini vibrador tiene un hermoso dise\u00f1o y un patr\u00f3n de c\u00edrculos conc\u00e9ntricos pronunciado y estimulante; tambi\u00e9n cabe discretamente dentro de cualquier bolso. Los 12 modos de vibraci\u00f3n brindan mucha variedad durante la diversi\u00f3n \u00edntima. Los modos de vibraci\u00f3n tambi\u00e9n se pueden controlar f\u00e1cilmente con solo presionar un bot\u00f3n. El vibrador recuerda el \u00faltimo modo [&hellip;]<\/p>\n","protected":false},"featured_media":2525,"comment_status":"open","ping_status":"closed","template":"","meta":[],"product_brand":[],"product_cat":[44,27],"product_tag":[],"class_list":{"0":"post-2524","1":"product","2":"type-product","3":"status-publish","4":"has-post-thumbnail","6":"product_cat-clitorales","7":"product_cat-vibradores","9":"first","10":"instock","11":"shipping-taxable","12":"purchasable","13":"product-type-simple"},"_links":{"self":[{"href":"https:\/\/tiendasamor.com\/index.php\/wp-json\/wp\/v2\/product\/2524","targetHints":{"allow":["GET"]}}],"collection":[{"href":"https:\/\/tiendasamor.com\/index.php\/wp-json\/wp\/v2\/product"}],"about":[{"href":"https:\/\/tiendasamor.com\/index.php\/wp-json\/wp\/v2\/types\/product"}],"replies":[{"embeddable":true,"href":"https:\/\/tiendasamor.com\/index.php\/wp-json\/wp\/v2\/comments?post=2524"}],"wp:featuredmedia":[{"embeddable":true,"href":"https:\/\/tiendasamor.com\/index.php\/wp-json\/wp\/v2\/media\/2525"}],"wp:attachment":[{"href":"https:\/\/tiendasamor.com\/index.php\/wp-json\/wp\/v2\/media?parent=2524"}],"wp:term":[{"taxonomy":"product_brand","embeddable":true,"href":"https:\/\/tiendasamor.com\/index.php\/wp-json\/wp\/v2\/product_brand?post=2524"},{"taxonomy":"product_cat","embeddable":true,"href":"https:\/\/tiendasamor.com\/index.php\/wp-json\/wp\/v2\/product_cat?post=2524"},{"taxonomy":"product_tag","embeddable":true,"href":"https:\/\/tiendasamor.com\/index.php\/wp-json\/wp\/v2\/product_tag?post=2524"}],"curies":[{"name":"wp","href":"https:\/\/api.w.org\/{rel}","templated":true}]}}