{"id":2512,"date":"2024-05-03T12:44:53","date_gmt":"2024-05-03T17:44:53","guid":{"rendered":"https:\/\/tiendasamor.com\/?post_type=product&#038;p=2512"},"modified":"2024-05-03T12:44:53","modified_gmt":"2024-05-03T17:44:53","slug":"funda-brayden","status":"publish","type":"product","link":"https:\/\/tiendasamor.com\/index.php\/producto\/funda-brayden\/","title":{"rendered":"Funda Brayden"},"content":{"rendered":"<p><span>Esta funda para pene y funda para pene de material TPR transparente convierte su pene en una m\u00e1quina sexual pura. Cuenta con un eje el\u00e1stico para una mayor estimulaci\u00f3n interna. Una funda para el pene muy recomendada que le da a tu pene una textura extra. <\/span><\/p>\n<p><span>Para una apariencia natural, la base cuenta con un anillo de bola que abraza la base de sus bolas y mantendr\u00e1 el extensor en su lugar y proporcionar\u00e1 algunos efectos de prolongaci\u00f3n de la erecci\u00f3n.<\/span><\/p>\n<ul class=\"goods_bnt_box goods_bnt_box_on\">\n<li class=\"clearfix\"><strong><span>Impermeable:<\/span><\/strong>\n<div>\n<div class=\"catt\"><a class=\"cattsel\" title=\"\" name=\"26205\"><\/a><span>S\u00ed<\/span><\/div>\n<\/div>\n<\/li>\n<li class=\"clearfix\"><strong><span>Material:<\/span><\/strong>\n<div>\n<div class=\"catt\"><a class=\"cattsel\" title=\"\" name=\"26206\"><\/a><span>TPR<\/span><\/div>\n<\/div>\n<\/li>\n<li class=\"clearfix\"><strong><span>Color:<\/span><\/strong>\n<div>\n<div class=\"catt\"><a class=\"cattsel\" title=\"\" name=\"26207\"><\/a><span>0801 Negro<\/span><\/div>\n<\/div>\n<\/li>\n<li class=\"clearfix\"><strong><span>Tama\u00f1o de embalaje (mm):<\/span><\/strong>\n<div>\n<div class=\"catt\"><a class=\"cattsel\" title=\"\" name=\"26208\"><\/a><span>185*60*60<\/span><\/div>\n<\/div>\n<\/li>\n<\/ul>\n","protected":false},"excerpt":{"rendered":"<p>Esta funda para pene y funda para pene de material TPR transparente convierte su pene en una m\u00e1quina sexual pura. Cuenta con un eje el\u00e1stico para una mayor estimulaci\u00f3n interna. Una funda para el pene muy recomendada que le da a tu pene una textura extra. Para una apariencia natural, la base cuenta con un [&hellip;]<\/p>\n","protected":false},"featured_media":2513,"comment_status":"open","ping_status":"closed","template":"","meta":[],"product_brand":[],"product_cat":[45],"product_tag":[],"class_list":{"0":"post-2512","1":"product","2":"type-product","3":"status-publish","4":"has-post-thumbnail","6":"product_cat-fundas-extensoras","8":"first","9":"instock","10":"shipping-taxable","11":"purchasable","12":"product-type-simple"},"_links":{"self":[{"href":"https:\/\/tiendasamor.com\/index.php\/wp-json\/wp\/v2\/product\/2512","targetHints":{"allow":["GET"]}}],"collection":[{"href":"https:\/\/tiendasamor.com\/index.php\/wp-json\/wp\/v2\/product"}],"about":[{"href":"https:\/\/tiendasamor.com\/index.php\/wp-json\/wp\/v2\/types\/product"}],"replies":[{"embeddable":true,"href":"https:\/\/tiendasamor.com\/index.php\/wp-json\/wp\/v2\/comments?post=2512"}],"wp:featuredmedia":[{"embeddable":true,"href":"https:\/\/tiendasamor.com\/index.php\/wp-json\/wp\/v2\/media\/2513"}],"wp:attachment":[{"href":"https:\/\/tiendasamor.com\/index.php\/wp-json\/wp\/v2\/media?parent=2512"}],"wp:term":[{"taxonomy":"product_brand","embeddable":true,"href":"https:\/\/tiendasamor.com\/index.php\/wp-json\/wp\/v2\/product_brand?post=2512"},{"taxonomy":"product_cat","embeddable":true,"href":"https:\/\/tiendasamor.com\/index.php\/wp-json\/wp\/v2\/product_cat?post=2512"},{"taxonomy":"product_tag","embeddable":true,"href":"https:\/\/tiendasamor.com\/index.php\/wp-json\/wp\/v2\/product_tag?post=2512"}],"curies":[{"name":"wp","href":"https:\/\/api.w.org\/{rel}","templated":true}]}}