{"id":2499,"date":"2024-05-03T12:20:43","date_gmt":"2024-05-03T17:20:43","guid":{"rendered":"https:\/\/tiendasamor.com\/?post_type=product&#038;p=2499"},"modified":"2024-05-03T12:36:41","modified_gmt":"2024-05-03T17:36:41","slug":"ultimate-orgasm-experience-real-sex-doll","status":"publish","type":"product","link":"https:\/\/tiendasamor.com\/index.php\/producto\/ultimate-orgasm-experience-real-sex-doll\/","title":{"rendered":"Ultimate Orgasm Experience Real Sex Doll"},"content":{"rendered":"<p>Masturbador realista para hombres, marido, reduce la presi\u00f3n.<br \/>\nMoldeado a partir de una ni\u00f1a asi\u00e1tica, el detalle extremo de este juguete te sorprender\u00e1.<br \/>\nPipa de sensualidad muy espesa. El tejido muscular es m\u00e1s detallado ..<br \/>\nMaterial: TPR, suave y flexible. Limpie con agua, seque con talco para beb\u00e9s para la pr\u00f3xima vez que lo use.<\/p>\n","protected":false},"excerpt":{"rendered":"<p>Masturbador realista para hombres, marido, reduce la presi\u00f3n. Moldeado a partir de una ni\u00f1a asi\u00e1tica, el detalle extremo de este juguete te sorprender\u00e1. Pipa de sensualidad muy espesa. El tejido muscular es m\u00e1s detallado .. Material: TPR, suave y flexible. Limpie con agua, seque con talco para beb\u00e9s para la pr\u00f3xima vez que lo use.<\/p>\n","protected":false},"featured_media":2509,"comment_status":"open","ping_status":"closed","template":"","meta":[],"product_brand":[],"product_cat":[30],"product_tag":[],"class_list":{"0":"post-2499","1":"product","2":"type-product","3":"status-publish","4":"has-post-thumbnail","6":"product_cat-masturbadores","8":"first","9":"instock","10":"shipping-taxable","11":"purchasable","12":"product-type-simple"},"_links":{"self":[{"href":"https:\/\/tiendasamor.com\/index.php\/wp-json\/wp\/v2\/product\/2499","targetHints":{"allow":["GET"]}}],"collection":[{"href":"https:\/\/tiendasamor.com\/index.php\/wp-json\/wp\/v2\/product"}],"about":[{"href":"https:\/\/tiendasamor.com\/index.php\/wp-json\/wp\/v2\/types\/product"}],"replies":[{"embeddable":true,"href":"https:\/\/tiendasamor.com\/index.php\/wp-json\/wp\/v2\/comments?post=2499"}],"wp:featuredmedia":[{"embeddable":true,"href":"https:\/\/tiendasamor.com\/index.php\/wp-json\/wp\/v2\/media\/2509"}],"wp:attachment":[{"href":"https:\/\/tiendasamor.com\/index.php\/wp-json\/wp\/v2\/media?parent=2499"}],"wp:term":[{"taxonomy":"product_brand","embeddable":true,"href":"https:\/\/tiendasamor.com\/index.php\/wp-json\/wp\/v2\/product_brand?post=2499"},{"taxonomy":"product_cat","embeddable":true,"href":"https:\/\/tiendasamor.com\/index.php\/wp-json\/wp\/v2\/product_cat?post=2499"},{"taxonomy":"product_tag","embeddable":true,"href":"https:\/\/tiendasamor.com\/index.php\/wp-json\/wp\/v2\/product_tag?post=2499"}],"curies":[{"name":"wp","href":"https:\/\/api.w.org\/{rel}","templated":true}]}}