{"id":2494,"date":"2024-05-02T23:17:36","date_gmt":"2024-05-03T04:17:36","guid":{"rendered":"https:\/\/tiendasamor.com\/?post_type=product&#038;p=2494"},"modified":"2024-05-02T23:17:36","modified_gmt":"2024-05-03T04:17:36","slug":"dr-skin-vibrating-cock-with-suction-cup-8-5","status":"publish","type":"product","link":"https:\/\/tiendasamor.com\/index.php\/producto\/dr-skin-vibrating-cock-with-suction-cup-8-5\/","title":{"rendered":"Dr. Skin Vibrating Cock With Suction Cup 8.5"},"content":{"rendered":"<div class=\"product__description rte\"><span>\u00a1El m\u00e9dico est\u00e1 dentro! El pene realista vibratorio Dr. Skin de 8,5 pulgadas est\u00e1 listo para ti, con 8,5 pulgadas de largo y 1,5 pulgadas de circunferencia para que lo domines. \u00a1Puede que sea delgado, pero es largo y fuerte! Esta polla se ve y se siente tan real: su firmeza y sus venas abultadas demuestran que no puede esperar por ti. <\/span><\/div>\n<div class=\"product__description rte\"><span>El eje ligeramente curvado es perfecto para la estimulaci\u00f3n del punto G o del punto P. \u00a1La base de ventosa es perfecta para uso en solitario y es compatible con arn\u00e9s para pegging y otros juegos en pareja!<\/span><\/p>\n<p><span>Longitud insertable: 8 pulgadas.<\/span><\/div>\n<p>&nbsp;<\/p>\n","protected":false},"excerpt":{"rendered":"<p>\u00a1El m\u00e9dico est\u00e1 dentro! El pene realista vibratorio Dr. Skin de 8,5 pulgadas est\u00e1 listo para ti, con 8,5 pulgadas de largo y 1,5 pulgadas de circunferencia para que lo domines. \u00a1Puede que sea delgado, pero es largo y fuerte! Esta polla se ve y se siente tan real: su firmeza y sus venas abultadas [&hellip;]<\/p>\n","protected":false},"featured_media":2495,"comment_status":"open","ping_status":"closed","template":"","meta":[],"product_brand":[],"product_cat":[29],"product_tag":[],"class_list":{"0":"post-2494","1":"product","2":"type-product","3":"status-publish","4":"has-post-thumbnail","6":"product_cat-consoladores-y-dildos","8":"first","9":"instock","10":"shipping-taxable","11":"purchasable","12":"product-type-simple"},"_links":{"self":[{"href":"https:\/\/tiendasamor.com\/index.php\/wp-json\/wp\/v2\/product\/2494","targetHints":{"allow":["GET"]}}],"collection":[{"href":"https:\/\/tiendasamor.com\/index.php\/wp-json\/wp\/v2\/product"}],"about":[{"href":"https:\/\/tiendasamor.com\/index.php\/wp-json\/wp\/v2\/types\/product"}],"replies":[{"embeddable":true,"href":"https:\/\/tiendasamor.com\/index.php\/wp-json\/wp\/v2\/comments?post=2494"}],"wp:featuredmedia":[{"embeddable":true,"href":"https:\/\/tiendasamor.com\/index.php\/wp-json\/wp\/v2\/media\/2495"}],"wp:attachment":[{"href":"https:\/\/tiendasamor.com\/index.php\/wp-json\/wp\/v2\/media?parent=2494"}],"wp:term":[{"taxonomy":"product_brand","embeddable":true,"href":"https:\/\/tiendasamor.com\/index.php\/wp-json\/wp\/v2\/product_brand?post=2494"},{"taxonomy":"product_cat","embeddable":true,"href":"https:\/\/tiendasamor.com\/index.php\/wp-json\/wp\/v2\/product_cat?post=2494"},{"taxonomy":"product_tag","embeddable":true,"href":"https:\/\/tiendasamor.com\/index.php\/wp-json\/wp\/v2\/product_tag?post=2494"}],"curies":[{"name":"wp","href":"https:\/\/api.w.org\/{rel}","templated":true}]}}