{"id":2490,"date":"2024-05-02T22:46:11","date_gmt":"2024-05-03T03:46:11","guid":{"rendered":"https:\/\/tiendasamor.com\/?post_type=product&#038;p=2490"},"modified":"2024-05-02T22:46:11","modified_gmt":"2024-05-03T03:46:11","slug":"bottomless-pleasure","status":"publish","type":"product","link":"https:\/\/tiendasamor.com\/index.php\/producto\/bottomless-pleasure\/","title":{"rendered":"Bottomless Pleasure"},"content":{"rendered":"<p>Dise\u00f1ada para ofrecer la satisfacci\u00f3n m\u00e1s real, este consolador de TPE es incre\u00edblemente realista, su cuerpo y test\u00edculos crean una sensaci\u00f3n aut\u00e9ntica tanto por dentro como por fuera.<br \/>\nTe encantar\u00e1 la sensaci\u00f3n natural en tu cuerpo, su base tipo ventosa se adhiere a cualquier superficie plana y tambi\u00e9n lo puedes usar con arn\u00e9s.<\/p>\n","protected":false},"excerpt":{"rendered":"<p>Dise\u00f1ada para ofrecer la satisfacci\u00f3n m\u00e1s real, este consolador de TPE es incre\u00edblemente realista, su cuerpo y test\u00edculos crean una sensaci\u00f3n aut\u00e9ntica tanto por dentro como por fuera. Te encantar\u00e1 la sensaci\u00f3n natural en tu cuerpo, su base tipo ventosa se adhiere a cualquier superficie plana y tambi\u00e9n lo puedes usar con arn\u00e9s.<\/p>\n","protected":false},"featured_media":2491,"comment_status":"open","ping_status":"closed","template":"","meta":[],"product_brand":[],"product_cat":[29],"product_tag":[],"class_list":{"0":"post-2490","1":"product","2":"type-product","3":"status-publish","4":"has-post-thumbnail","6":"product_cat-consoladores-y-dildos","8":"first","9":"instock","10":"shipping-taxable","11":"purchasable","12":"product-type-simple"},"_links":{"self":[{"href":"https:\/\/tiendasamor.com\/index.php\/wp-json\/wp\/v2\/product\/2490","targetHints":{"allow":["GET"]}}],"collection":[{"href":"https:\/\/tiendasamor.com\/index.php\/wp-json\/wp\/v2\/product"}],"about":[{"href":"https:\/\/tiendasamor.com\/index.php\/wp-json\/wp\/v2\/types\/product"}],"replies":[{"embeddable":true,"href":"https:\/\/tiendasamor.com\/index.php\/wp-json\/wp\/v2\/comments?post=2490"}],"wp:featuredmedia":[{"embeddable":true,"href":"https:\/\/tiendasamor.com\/index.php\/wp-json\/wp\/v2\/media\/2491"}],"wp:attachment":[{"href":"https:\/\/tiendasamor.com\/index.php\/wp-json\/wp\/v2\/media?parent=2490"}],"wp:term":[{"taxonomy":"product_brand","embeddable":true,"href":"https:\/\/tiendasamor.com\/index.php\/wp-json\/wp\/v2\/product_brand?post=2490"},{"taxonomy":"product_cat","embeddable":true,"href":"https:\/\/tiendasamor.com\/index.php\/wp-json\/wp\/v2\/product_cat?post=2490"},{"taxonomy":"product_tag","embeddable":true,"href":"https:\/\/tiendasamor.com\/index.php\/wp-json\/wp\/v2\/product_tag?post=2490"}],"curies":[{"name":"wp","href":"https:\/\/api.w.org\/{rel}","templated":true}]}}