{"id":2484,"date":"2024-05-02T22:28:25","date_gmt":"2024-05-03T03:28:25","guid":{"rendered":"https:\/\/tiendasamor.com\/?post_type=product&#038;p=2484"},"modified":"2024-05-02T22:31:20","modified_gmt":"2024-05-03T03:31:20","slug":"powerful-invigorate-g-spot","status":"publish","type":"product","link":"https:\/\/tiendasamor.com\/index.php\/producto\/powerful-invigorate-g-spot\/","title":{"rendered":"Powerful Invigorate G-Spot"},"content":{"rendered":"<p>Vibrador discreto y potente. Facilita estimulaci\u00f3n superficial y penetraci\u00f3n, su curvatura favorecer\u00e1 la estimulaci\u00f3n de punto G.<\/p>\n<ul>\n<li>Material ABS<\/li>\n<li>1 Funci\u00f3n de vibraci\u00f3n<\/li>\n<li>Impermeable<\/li>\n<li>F\u00e1cil de usar y de limpiar<\/li>\n<li>Usa\u00a0 pilas AA (No incluido)<\/li>\n<li>Medidas: largo 12.5 cm, Di\u00e1metro 2.5 cm.<\/li>\n<\/ul>\n","protected":false},"excerpt":{"rendered":"<p>Vibrador discreto y potente. Facilita estimulaci\u00f3n superficial y penetraci\u00f3n, su curvatura favorecer\u00e1 la estimulaci\u00f3n de punto G. Material ABS 1 Funci\u00f3n de vibraci\u00f3n Impermeable F\u00e1cil de usar y de limpiar Usa\u00a0 pilas AA (No incluido) Medidas: largo 12.5 cm, Di\u00e1metro 2.5 cm.<\/p>\n","protected":false},"featured_media":2485,"comment_status":"open","ping_status":"closed","template":"","meta":[],"product_brand":[],"product_cat":[44,43,27],"product_tag":[],"class_list":{"0":"post-2484","1":"product","2":"type-product","3":"status-publish","4":"has-post-thumbnail","6":"product_cat-clitorales","7":"product_cat-rabbit","8":"product_cat-vibradores","10":"first","11":"instock","12":"shipping-taxable","13":"purchasable","14":"product-type-simple"},"_links":{"self":[{"href":"https:\/\/tiendasamor.com\/index.php\/wp-json\/wp\/v2\/product\/2484","targetHints":{"allow":["GET"]}}],"collection":[{"href":"https:\/\/tiendasamor.com\/index.php\/wp-json\/wp\/v2\/product"}],"about":[{"href":"https:\/\/tiendasamor.com\/index.php\/wp-json\/wp\/v2\/types\/product"}],"replies":[{"embeddable":true,"href":"https:\/\/tiendasamor.com\/index.php\/wp-json\/wp\/v2\/comments?post=2484"}],"wp:featuredmedia":[{"embeddable":true,"href":"https:\/\/tiendasamor.com\/index.php\/wp-json\/wp\/v2\/media\/2485"}],"wp:attachment":[{"href":"https:\/\/tiendasamor.com\/index.php\/wp-json\/wp\/v2\/media?parent=2484"}],"wp:term":[{"taxonomy":"product_brand","embeddable":true,"href":"https:\/\/tiendasamor.com\/index.php\/wp-json\/wp\/v2\/product_brand?post=2484"},{"taxonomy":"product_cat","embeddable":true,"href":"https:\/\/tiendasamor.com\/index.php\/wp-json\/wp\/v2\/product_cat?post=2484"},{"taxonomy":"product_tag","embeddable":true,"href":"https:\/\/tiendasamor.com\/index.php\/wp-json\/wp\/v2\/product_tag?post=2484"}],"curies":[{"name":"wp","href":"https:\/\/api.w.org\/{rel}","templated":true}]}}